{"id":10388,"date":"2025-10-09T00:00:00","date_gmt":"2025-10-08T22:00:00","guid":{"rendered":"https:\/\/yotavis.ch\/product\/it2801\/"},"modified":"2026-04-24T13:38:29","modified_gmt":"2026-04-24T11:38:29","slug":"it2801","status":"publish","type":"product","link":"https:\/\/yotavis.ch\/de\/produkt\/it2801\/","title":{"rendered":"IT2801"},"content":{"rendered":"<p>Das ITECH IT2801 ist ein grafisches Quellenmessger\u00e4t, das pr\u00e4zise elektrische Messungen mit einer maximalen Spannung von 1000 Volt und einer Stromst\u00e4rke von 1 Ampere liefert. Es arbeitet mit einer Nennleistung von 20 Watt und ist damit f\u00fcr verschiedene Pr\u00fcf- und Messanwendungen geeignet. Dieses Ger\u00e4t verf\u00fcgt \u00fcber einen einzigen Ausgangskanal, der eine gezielte und kontrollierte Ausgabe w\u00e4hrend des Betriebs erm\u00f6glicht. Das Ger\u00e4t ist mit einer Fernbedienung ausgestattet, die es dem Benutzer erm\u00f6glicht, das Ger\u00e4t bequem und sicher aus der Ferne zu bedienen. Die Kombination aus hoher Spannungs- und Stromleistung und Fernsteuerungsfunktionalit\u00e4t macht das IT2801 zu einem vielseitigen Werkzeug f\u00fcr elektrische Pr\u00fcfumgebungen, in denen Genauigkeit und Kontrolle entscheidend sind.<\/p>","protected":false},"excerpt":{"rendered":"<p>1000V\/1A\/20W Graphical Source Measure Unit<\/p>","protected":false},"featured_media":11114,"comment_status":"closed","ping_status":"closed","template":"","meta":{"_acf_changed":false,"slim_seo":{"title":"IT2801 - YOTAVIS AG","description":"1000V\/1A\/20W Graphical Source Measure Unit"}},"product_brand":[822],"product_cat":[518,1126],"product_tag":[],"class_list":{"0":"post-10388","1":"product","2":"type-product","3":"status-publish","4":"has-post-thumbnail","6":"product_brand-itech","7":"product_cat-meters","8":"product_cat-source-measure-unit","9":"pa_current-a-482","10":"pa_output-number-146","11":"pa_power-w-914","12":"pa_remote-control-yes","13":"pa_voltage-v-639","15":"first","16":"instock","17":"taxable","18":"shipping-taxable","19":"product-type-simple"},"acf":[],"_links":{"self":[{"href":"https:\/\/yotavis.ch\/de\/wp-json\/wp\/v2\/product\/10388","targetHints":{"allow":["GET"]}}],"collection":[{"href":"https:\/\/yotavis.ch\/de\/wp-json\/wp\/v2\/product"}],"about":[{"href":"https:\/\/yotavis.ch\/de\/wp-json\/wp\/v2\/types\/product"}],"replies":[{"embeddable":true,"href":"https:\/\/yotavis.ch\/de\/wp-json\/wp\/v2\/comments?post=10388"}],"wp:featuredmedia":[{"embeddable":true,"href":"https:\/\/yotavis.ch\/de\/wp-json\/wp\/v2\/media\/11114"}],"wp:attachment":[{"href":"https:\/\/yotavis.ch\/de\/wp-json\/wp\/v2\/media?parent=10388"}],"wp:term":[{"taxonomy":"product_brand","embeddable":true,"href":"https:\/\/yotavis.ch\/de\/wp-json\/wp\/v2\/product_brand?post=10388"},{"taxonomy":"product_cat","embeddable":true,"href":"https:\/\/yotavis.ch\/de\/wp-json\/wp\/v2\/product_cat?post=10388"},{"taxonomy":"product_tag","embeddable":true,"href":"https:\/\/yotavis.ch\/de\/wp-json\/wp\/v2\/product_tag?post=10388"}],"curies":[{"name":"wp","href":"https:\/\/api.w.org\/{rel}","templated":true}]}}