{"id":10389,"date":"2025-10-09T00:00:00","date_gmt":"2025-10-08T22:00:00","guid":{"rendered":"https:\/\/yotavis.ch\/product\/it2805\/"},"modified":"2026-04-24T13:38:29","modified_gmt":"2026-04-24T11:38:29","slug":"it2805","status":"publish","type":"product","link":"https:\/\/yotavis.ch\/de\/produkt\/it2805\/","title":{"rendered":"IT2805"},"content":{"rendered":"<p>Das ITECH IT2805 ist ein grafisches Quellenmessger\u00e4t, das f\u00fcr eine Spannung von 200 V und einen Strom von 1,5 A ausgelegt ist und eine Ausgangsleistung von 20 W liefert. Es verf\u00fcgt \u00fcber einen einzigen Ausgangskanal, der eine pr\u00e4zise Steuerung und Messung in verschiedenen Anwendungen erm\u00f6glicht. Das Ger\u00e4t unterst\u00fctzt die Fernbedienungsfunktion, so dass der Benutzer das Ger\u00e4t bequem und flexibel aus der Ferne bedienen kann. Durch die Kombination von Spannungs-, Strom- und Leistungsspezifikationen eignet sich das Ger\u00e4t f\u00fcr Aufgaben, die genaue Quellen- und Messfunktionen erfordern. Das Design des Ger\u00e4ts konzentriert sich auf die Integration dieser elektrischen Parameter in ein einziges Instrument, wodurch die Pr\u00fcf- und Messprozesse rationalisiert werden. Die grafische Benutzeroberfl\u00e4che hilft wahrscheinlich bei der Visualisierung von Daten und Einstellungen, obwohl spezifische Details \u00fcber die Anzeige nicht zur Verf\u00fcgung gestellt werden. Insgesamt bietet das IT2805 eine kompakte L\u00f6sung f\u00fcr die kontrollierte elektrische Ausgabe und Messung innerhalb seiner spezifizierten Bereiche.<\/p>","protected":false},"excerpt":{"rendered":"<p>200V\/1,5A\/20W Grafische Quelle Ma\u00dfeinheit<\/p>","protected":false},"featured_media":11114,"comment_status":"closed","ping_status":"closed","template":"","meta":{"_acf_changed":false,"slim_seo":{"title":"IT2805 - YOTAVIS AG","description":"200V\/1,5A\/20W Grafische Quelle Ma\u00dfeinheit"}},"product_brand":[822],"product_cat":[518,1126],"product_tag":[],"class_list":{"0":"post-10389","1":"product","2":"type-product","3":"status-publish","4":"has-post-thumbnail","6":"product_brand-itech","7":"product_cat-meters","8":"product_cat-source-measure-unit","9":"pa_current-a-1-5","10":"pa_output-number-146","11":"pa_power-w-914","12":"pa_remote-control-yes","13":"pa_voltage-v-150","15":"first","16":"instock","17":"taxable","18":"shipping-taxable","19":"product-type-simple"},"acf":[],"_links":{"self":[{"href":"https:\/\/yotavis.ch\/de\/wp-json\/wp\/v2\/product\/10389","targetHints":{"allow":["GET"]}}],"collection":[{"href":"https:\/\/yotavis.ch\/de\/wp-json\/wp\/v2\/product"}],"about":[{"href":"https:\/\/yotavis.ch\/de\/wp-json\/wp\/v2\/types\/product"}],"replies":[{"embeddable":true,"href":"https:\/\/yotavis.ch\/de\/wp-json\/wp\/v2\/comments?post=10389"}],"wp:featuredmedia":[{"embeddable":true,"href":"https:\/\/yotavis.ch\/de\/wp-json\/wp\/v2\/media\/11114"}],"wp:attachment":[{"href":"https:\/\/yotavis.ch\/de\/wp-json\/wp\/v2\/media?parent=10389"}],"wp:term":[{"taxonomy":"product_brand","embeddable":true,"href":"https:\/\/yotavis.ch\/de\/wp-json\/wp\/v2\/product_brand?post=10389"},{"taxonomy":"product_cat","embeddable":true,"href":"https:\/\/yotavis.ch\/de\/wp-json\/wp\/v2\/product_cat?post=10389"},{"taxonomy":"product_tag","embeddable":true,"href":"https:\/\/yotavis.ch\/de\/wp-json\/wp\/v2\/product_tag?post=10389"}],"curies":[{"name":"wp","href":"https:\/\/api.w.org\/{rel}","templated":true}]}}