{"id":10390,"date":"2025-10-09T00:00:00","date_gmt":"2025-10-08T22:00:00","guid":{"rendered":"https:\/\/yotavis.ch\/product\/it2806\/"},"modified":"2026-04-24T13:38:30","modified_gmt":"2026-04-24T11:38:30","slug":"it2806","status":"publish","type":"product","link":"https:\/\/yotavis.ch\/de\/produkt\/it2806\/","title":{"rendered":"IT2806"},"content":{"rendered":"<p>Das ITECH IT2806 ist ein grafisches Quellenmessger\u00e4t, das eine maximale Spannung von 200 V und einen Dauerstrom von 3 A liefern kann. Es unterst\u00fctzt Impulsstr\u00f6me bis zu 10A und erm\u00f6glicht so vielseitige Testszenarien. Mit einer Nennleistung von 20 W ist dieses Ger\u00e4t f\u00fcr verschiedene Pr\u00e4zisionsmessanwendungen geeignet. Das Ger\u00e4t verf\u00fcgt \u00fcber einen einzigen Ausgangskanal, der eine gezielte und kontrollierte Ausgabe f\u00fcr Pr\u00fcfzwecke erm\u00f6glicht. Das Ger\u00e4t ist fernbedienbar, so dass der Benutzer es bequem aus der Ferne bedienen kann. Diese Kombination von Spannungs-, Strom- und Leistungsspezifikationen macht das IT2806 zu einem praktischen Werkzeug f\u00fcr detaillierte elektrische Messungen und Quellenfunktionen in Labor- oder Produktionsumgebungen.<\/p>","protected":false},"excerpt":{"rendered":"<p>200V\/3A DC\/ 10A Pulse\/10A pulse\/20W Graphical Source Measure Unit<\/p>","protected":false},"featured_media":11114,"comment_status":"closed","ping_status":"closed","template":"","meta":{"_acf_changed":false,"slim_seo":{"title":"IT2806 - YOTAVIS AG","description":"200V\/3A DC\/ 10A Pulse\/10A pulse\/20W Graphical Source Measure Unit"}},"product_brand":[822],"product_cat":[518,1126],"product_tag":[],"class_list":{"0":"post-10390","1":"product","2":"type-product","3":"status-publish","4":"has-post-thumbnail","6":"product_brand-itech","7":"product_cat-meters","8":"product_cat-source-measure-unit","9":"pa_current-a-485","10":"pa_output-number-146","11":"pa_power-w-914","12":"pa_remote-control-yes","13":"pa_voltage-v-150","15":"first","16":"instock","17":"taxable","18":"shipping-taxable","19":"product-type-simple"},"acf":[],"_links":{"self":[{"href":"https:\/\/yotavis.ch\/de\/wp-json\/wp\/v2\/product\/10390","targetHints":{"allow":["GET"]}}],"collection":[{"href":"https:\/\/yotavis.ch\/de\/wp-json\/wp\/v2\/product"}],"about":[{"href":"https:\/\/yotavis.ch\/de\/wp-json\/wp\/v2\/types\/product"}],"replies":[{"embeddable":true,"href":"https:\/\/yotavis.ch\/de\/wp-json\/wp\/v2\/comments?post=10390"}],"wp:featuredmedia":[{"embeddable":true,"href":"https:\/\/yotavis.ch\/de\/wp-json\/wp\/v2\/media\/11114"}],"wp:attachment":[{"href":"https:\/\/yotavis.ch\/de\/wp-json\/wp\/v2\/media?parent=10390"}],"wp:term":[{"taxonomy":"product_brand","embeddable":true,"href":"https:\/\/yotavis.ch\/de\/wp-json\/wp\/v2\/product_brand?post=10390"},{"taxonomy":"product_cat","embeddable":true,"href":"https:\/\/yotavis.ch\/de\/wp-json\/wp\/v2\/product_cat?post=10390"},{"taxonomy":"product_tag","embeddable":true,"href":"https:\/\/yotavis.ch\/de\/wp-json\/wp\/v2\/product_tag?post=10390"}],"curies":[{"name":"wp","href":"https:\/\/api.w.org\/{rel}","templated":true}]}}