{"id":10393,"date":"2025-10-09T00:00:00","date_gmt":"2025-10-08T22:00:00","guid":{"rendered":"https:\/\/yotavis.ch\/product\/it-e801c-1-5\/"},"modified":"2026-04-24T13:38:31","modified_gmt":"2026-04-24T11:38:31","slug":"it-e801c-1-5","status":"publish","type":"product","link":"https:\/\/yotavis.ch\/de\/produkt\/it-e801c-1-5\/","title":{"rendered":"IT-E801C-1.5"},"content":{"rendered":"<p>Das IT-E801C-1.5 ist ein Triax-Kabel mit geringem Leckstrom, das speziell f\u00fcr die Verwendung mit den Modellen IT2805 und IT2806 entwickelt wurde. Dieses von ITECH hergestellte Kabel gew\u00e4hrleistet Kompatibilit\u00e4t und eine zuverl\u00e4ssige Verbindung f\u00fcr die vorgesehenen Ger\u00e4te. Seine Konstruktion konzentriert sich auf die Minimierung von Leckagen, was f\u00fcr die Aufrechterhaltung der Signalintegrit\u00e4t und Leistung in empfindlichen elektronischen Anwendungen von entscheidender Bedeutung ist. Die Konstruktion des Kabels unterst\u00fctzt die Betriebsanforderungen des IT2805 und IT2806 und macht es zu einem geeigneten Zubeh\u00f6r f\u00fcr diese Modelle. Das Produkt ist durch die Modellnummer IT-E801C-1.5 gekennzeichnet, die seine spezifische Konfiguration und L\u00e4nge angibt. Dieses Kabel geh\u00f6rt zum Zubeh\u00f6rsortiment von ITECH, mit dem die Funktionalit\u00e4t der Ger\u00e4te verbessert werden kann. Es ist f\u00fcr Benutzer gedacht, die eine spezielle Kabell\u00f6sung zur Erg\u00e4nzung ihrer IT2805- oder IT2806-Ger\u00e4te ben\u00f6tigen.<\/p>","protected":false},"excerpt":{"rendered":"<p>Leckarmes Triax-Kabel f\u00fcr IT2805\/IT2806<\/p>","protected":false},"featured_media":12199,"comment_status":"closed","ping_status":"closed","template":"","meta":{"_acf_changed":false,"slim_seo":{"title":"IT-E801C-1.5 - YOTAVIS AG","description":"Leckarmes Triax-Kabel f\u00fcr IT2805\/IT2806"}},"product_brand":[822],"product_cat":[526],"product_tag":[],"class_list":{"0":"post-10393","1":"product","2":"type-product","3":"status-publish","4":"has-post-thumbnail","6":"product_brand-itech","7":"product_cat-accessories","9":"first","10":"instock","11":"taxable","12":"shipping-taxable","13":"product-type-simple"},"acf":[],"_links":{"self":[{"href":"https:\/\/yotavis.ch\/de\/wp-json\/wp\/v2\/product\/10393","targetHints":{"allow":["GET"]}}],"collection":[{"href":"https:\/\/yotavis.ch\/de\/wp-json\/wp\/v2\/product"}],"about":[{"href":"https:\/\/yotavis.ch\/de\/wp-json\/wp\/v2\/types\/product"}],"replies":[{"embeddable":true,"href":"https:\/\/yotavis.ch\/de\/wp-json\/wp\/v2\/comments?post=10393"}],"wp:featuredmedia":[{"embeddable":true,"href":"https:\/\/yotavis.ch\/de\/wp-json\/wp\/v2\/media\/12199"}],"wp:attachment":[{"href":"https:\/\/yotavis.ch\/de\/wp-json\/wp\/v2\/media?parent=10393"}],"wp:term":[{"taxonomy":"product_brand","embeddable":true,"href":"https:\/\/yotavis.ch\/de\/wp-json\/wp\/v2\/product_brand?post=10393"},{"taxonomy":"product_cat","embeddable":true,"href":"https:\/\/yotavis.ch\/de\/wp-json\/wp\/v2\/product_cat?post=10393"},{"taxonomy":"product_tag","embeddable":true,"href":"https:\/\/yotavis.ch\/de\/wp-json\/wp\/v2\/product_tag?post=10393"}],"curies":[{"name":"wp","href":"https:\/\/api.w.org\/{rel}","templated":true}]}}