{"id":10395,"date":"2025-10-09T00:00:00","date_gmt":"2025-10-08T22:00:00","guid":{"rendered":"https:\/\/yotavis.ch\/product\/it-m3110\/"},"modified":"2026-04-24T13:38:31","modified_gmt":"2026-04-24T11:38:31","slug":"it-m3110","status":"publish","type":"product","link":"https:\/\/yotavis.ch\/de\/produkt\/it-m3110\/","title":{"rendered":"IT-M3110"},"content":{"rendered":"<p>Das IT-M3110 ist ein Gleichstromnetzteil von ITECH, das eine maximale Ausgangsleistung von 400 Watt liefert. Es arbeitet mit einer Spannung von 20 Volt und kann einen Strom von bis zu 100 Ampere liefern. Dieses Modell verf\u00fcgt \u00fcber einen einzigen Ausgangskanal, der eine gezielte Leistungsabgabe erm\u00f6glicht. Es unterst\u00fctzt die Fernbedienungsfunktion, so dass der Benutzer das Ger\u00e4t bequem und flexibel aus der Ferne bedienen kann. Das Netzteil ist so konstruiert, dass es mit seinen definierten Spannungs- und Stromwerten spezifische elektrische Anforderungen erf\u00fcllt. Sein Design eignet sich f\u00fcr Anwendungen, die eine stabile und zuverl\u00e4ssige Gleichstromversorgung erfordern. Die Kombination dieser Spezifikationen macht das IT-M3110 zu einem pr\u00e4zisen Werkzeug f\u00fcr verschiedene Stromversorgungsanforderungen.<\/p>","protected":false},"excerpt":{"rendered":"<p>20V\/100A\/400W DC-Stromversorgung<\/p>","protected":false},"featured_media":11117,"comment_status":"closed","ping_status":"closed","template":"","meta":{"_acf_changed":false,"slim_seo":{"title":"IT-M3110 - YOTAVIS AG","description":"20V\/100A\/400W DC-Stromversorgung"}},"product_brand":[822],"product_cat":[516,515],"product_tag":[],"class_list":{"0":"post-10395","1":"product","2":"type-product","3":"status-publish","4":"has-post-thumbnail","6":"product_brand-itech","7":"product_cat-dc-source-en","8":"product_cat-power-en","9":"pa_current-a-562","10":"pa_output-number-146","11":"pa_power-w-398","12":"pa_remote-control-yes","13":"pa_voltage-v-315","15":"first","16":"instock","17":"taxable","18":"shipping-taxable","19":"product-type-simple"},"acf":[],"_links":{"self":[{"href":"https:\/\/yotavis.ch\/de\/wp-json\/wp\/v2\/product\/10395","targetHints":{"allow":["GET"]}}],"collection":[{"href":"https:\/\/yotavis.ch\/de\/wp-json\/wp\/v2\/product"}],"about":[{"href":"https:\/\/yotavis.ch\/de\/wp-json\/wp\/v2\/types\/product"}],"replies":[{"embeddable":true,"href":"https:\/\/yotavis.ch\/de\/wp-json\/wp\/v2\/comments?post=10395"}],"wp:featuredmedia":[{"embeddable":true,"href":"https:\/\/yotavis.ch\/de\/wp-json\/wp\/v2\/media\/11117"}],"wp:attachment":[{"href":"https:\/\/yotavis.ch\/de\/wp-json\/wp\/v2\/media?parent=10395"}],"wp:term":[{"taxonomy":"product_brand","embeddable":true,"href":"https:\/\/yotavis.ch\/de\/wp-json\/wp\/v2\/product_brand?post=10395"},{"taxonomy":"product_cat","embeddable":true,"href":"https:\/\/yotavis.ch\/de\/wp-json\/wp\/v2\/product_cat?post=10395"},{"taxonomy":"product_tag","embeddable":true,"href":"https:\/\/yotavis.ch\/de\/wp-json\/wp\/v2\/product_tag?post=10395"}],"curies":[{"name":"wp","href":"https:\/\/api.w.org\/{rel}","templated":true}]}}