{"id":10397,"date":"2025-10-09T00:00:00","date_gmt":"2025-10-08T22:00:00","guid":{"rendered":"https:\/\/yotavis.ch\/product\/it-m3111\/"},"modified":"2026-04-24T13:38:32","modified_gmt":"2026-04-24T11:38:32","slug":"it-m3111","status":"publish","type":"product","link":"https:\/\/yotavis.ch\/de\/produkt\/it-m3111\/","title":{"rendered":"IT-M3111"},"content":{"rendered":"<p>Das IT-M3111 von ITECH ist ein Gleichstromnetzteil mit einer maximalen Ausgangsspannung von 30 Volt und einer Stromkapazit\u00e4t von bis zu 70 Ampere. Es liefert eine Gesamtausgangsleistung von 400 Watt \u00fcber einen einzigen Ausgangskanal. Dieses Modell unterst\u00fctzt die Fernbedienungsfunktionalit\u00e4t, die einen bequemen Betrieb aus der Ferne erm\u00f6glicht. Das Netzteil ist so konzipiert, dass es eine stabile und zuverl\u00e4ssige Leistung f\u00fcr verschiedene Anwendungen liefert, die pr\u00e4zise Spannungs- und Stromeinstellungen erfordern. Der Einzelausgang vereinfacht den Anschluss und die Verwendung in Anlagen, die nur eine Stromquelle ben\u00f6tigen. Durch die Kombination von 30 V und 70 A eignet es sich zum Testen und Versorgen von Ger\u00e4ten, die hohe Str\u00f6me bei moderaten Spannungen ben\u00f6tigen. Durch die M\u00f6glichkeit der Fernsteuerung wird die Vielseitigkeit des Ger\u00e4ts in automatisierten oder kontrollierten Umgebungen erh\u00f6ht.<\/p>","protected":false},"excerpt":{"rendered":"<p>30V\/70A\/400W DC-Stromversorgung<\/p>","protected":false},"featured_media":11117,"comment_status":"closed","ping_status":"closed","template":"","meta":{"_acf_changed":false,"slim_seo":{"title":"IT-M3111 - YOTAVIS AG","description":"30V\/70A\/400W DC-Stromversorgung"}},"product_brand":[822],"product_cat":[516,515],"product_tag":[],"class_list":{"0":"post-10397","1":"product","2":"type-product","3":"status-publish","4":"has-post-thumbnail","6":"product_brand-itech","7":"product_cat-dc-source-en","8":"product_cat-power-en","9":"pa_current-a-623","10":"pa_output-number-146","11":"pa_power-w-398","12":"pa_remote-control-yes","13":"pa_voltage-v-145","15":"first","16":"instock","17":"taxable","18":"shipping-taxable","19":"product-type-simple"},"acf":[],"_links":{"self":[{"href":"https:\/\/yotavis.ch\/de\/wp-json\/wp\/v2\/product\/10397","targetHints":{"allow":["GET"]}}],"collection":[{"href":"https:\/\/yotavis.ch\/de\/wp-json\/wp\/v2\/product"}],"about":[{"href":"https:\/\/yotavis.ch\/de\/wp-json\/wp\/v2\/types\/product"}],"replies":[{"embeddable":true,"href":"https:\/\/yotavis.ch\/de\/wp-json\/wp\/v2\/comments?post=10397"}],"wp:featuredmedia":[{"embeddable":true,"href":"https:\/\/yotavis.ch\/de\/wp-json\/wp\/v2\/media\/11117"}],"wp:attachment":[{"href":"https:\/\/yotavis.ch\/de\/wp-json\/wp\/v2\/media?parent=10397"}],"wp:term":[{"taxonomy":"product_brand","embeddable":true,"href":"https:\/\/yotavis.ch\/de\/wp-json\/wp\/v2\/product_brand?post=10397"},{"taxonomy":"product_cat","embeddable":true,"href":"https:\/\/yotavis.ch\/de\/wp-json\/wp\/v2\/product_cat?post=10397"},{"taxonomy":"product_tag","embeddable":true,"href":"https:\/\/yotavis.ch\/de\/wp-json\/wp\/v2\/product_tag?post=10397"}],"curies":[{"name":"wp","href":"https:\/\/api.w.org\/{rel}","templated":true}]}}