{"id":10398,"date":"2025-10-09T00:00:00","date_gmt":"2025-10-08T22:00:00","guid":{"rendered":"https:\/\/yotavis.ch\/product\/it-m3121\/"},"modified":"2026-04-24T13:38:32","modified_gmt":"2026-04-24T11:38:32","slug":"it-m3121","status":"publish","type":"product","link":"https:\/\/yotavis.ch\/de\/produkt\/it-m3121\/","title":{"rendered":"IT-M3121"},"content":{"rendered":"<p>Das IT-M3121 ist ein Gleichstromnetzteil von ITECH, das eine maximale Ausgangsleistung von 850 Watt liefert. Es arbeitet mit einer Spannung von 30 Volt und kann einen Strom von bis zu 70 Ampere liefern. Dieses Modell verf\u00fcgt \u00fcber einen einzigen Ausgangskanal, der eine gezielte Leistungsabgabe erm\u00f6glicht. Es unterst\u00fctzt die Fernbedienungsfunktion, so dass der Benutzer das Ger\u00e4t bequem und flexibel aus der Ferne bedienen kann. Das Netzteil eignet sich f\u00fcr Anwendungen, die eine stabile und einstellbare Gleichstromversorgung innerhalb der angegebenen Spannungs- und Stromgrenzen erfordern. Durch seine Konstruktion ist es in der Lage, gro\u00dfe elektrische Lasten bei gleichbleibender Leistung zu bew\u00e4ltigen. Die Kombination aus Spannungs-, Strom- und Leistungswerten macht es zu einem vielseitigen Werkzeug f\u00fcr verschiedene Test- und Entwicklungsumgebungen.<\/p>","protected":false},"excerpt":{"rendered":"<p>30V\/70A\/850W DC-Stromversorgung<\/p>","protected":false},"featured_media":11117,"comment_status":"closed","ping_status":"closed","template":"","meta":{"_acf_changed":false,"slim_seo":{"title":"IT-M3121 - YOTAVIS AG","description":"30V\/70A\/850W DC-Stromversorgung"}},"product_brand":[822],"product_cat":[516,515],"product_tag":[],"class_list":{"0":"post-10398","1":"product","2":"type-product","3":"status-publish","4":"has-post-thumbnail","6":"product_brand-itech","7":"product_cat-dc-source-en","8":"product_cat-power-en","9":"pa_current-a-623","10":"pa_output-number-146","11":"pa_power-w-916","12":"pa_remote-control-yes","13":"pa_voltage-v-145","15":"first","16":"instock","17":"taxable","18":"shipping-taxable","19":"product-type-simple"},"acf":[],"_links":{"self":[{"href":"https:\/\/yotavis.ch\/de\/wp-json\/wp\/v2\/product\/10398","targetHints":{"allow":["GET"]}}],"collection":[{"href":"https:\/\/yotavis.ch\/de\/wp-json\/wp\/v2\/product"}],"about":[{"href":"https:\/\/yotavis.ch\/de\/wp-json\/wp\/v2\/types\/product"}],"replies":[{"embeddable":true,"href":"https:\/\/yotavis.ch\/de\/wp-json\/wp\/v2\/comments?post=10398"}],"wp:featuredmedia":[{"embeddable":true,"href":"https:\/\/yotavis.ch\/de\/wp-json\/wp\/v2\/media\/11117"}],"wp:attachment":[{"href":"https:\/\/yotavis.ch\/de\/wp-json\/wp\/v2\/media?parent=10398"}],"wp:term":[{"taxonomy":"product_brand","embeddable":true,"href":"https:\/\/yotavis.ch\/de\/wp-json\/wp\/v2\/product_brand?post=10398"},{"taxonomy":"product_cat","embeddable":true,"href":"https:\/\/yotavis.ch\/de\/wp-json\/wp\/v2\/product_cat?post=10398"},{"taxonomy":"product_tag","embeddable":true,"href":"https:\/\/yotavis.ch\/de\/wp-json\/wp\/v2\/product_tag?post=10398"}],"curies":[{"name":"wp","href":"https:\/\/api.w.org\/{rel}","templated":true}]}}