{"id":10399,"date":"2025-10-09T00:00:00","date_gmt":"2025-10-08T22:00:00","guid":{"rendered":"https:\/\/yotavis.ch\/product\/it-m3112\/"},"modified":"2026-04-24T13:38:33","modified_gmt":"2026-04-24T11:38:33","slug":"it-m3112","status":"publish","type":"product","link":"https:\/\/yotavis.ch\/de\/produkt\/it-m3112\/","title":{"rendered":"IT-M3112"},"content":{"rendered":"<p>Das IT-M3112 von ITECH ist ein Gleichstromnetzteil mit einer Ausgangsleistung von 400 Watt. Es arbeitet mit einer maximalen Spannung von 80 Volt und einem Strom von 22 Ampere. Dieses Modell verf\u00fcgt \u00fcber einen einzigen Ausgangskanal, der eine gezielte Leistungsabgabe erm\u00f6glicht. Es verf\u00fcgt \u00fcber eine Fernbedienungsfunktion, die es dem Benutzer erm\u00f6glicht, das Ger\u00e4t aus der Ferne zu bedienen. Das Netzteil ist so konzipiert, dass es eine stabile und zuverl\u00e4ssige Gleichstromversorgung f\u00fcr verschiedene Anwendungen bietet. Aufgrund seiner Spezifikationen eignet es sich f\u00fcr Aufgaben, die eine pr\u00e4zise Spannungs- und Stromregelung erfordern. Die Kombination aus Spannungs-, Strom- und Leistungswerten stellt sicher, dass es anspruchsvolle elektrische Lasten bei gleichbleibender Leistung bew\u00e4ltigen kann.<\/p>","protected":false},"excerpt":{"rendered":"<p>80V\/22A\/400W DC power supply<\/p>","protected":false},"featured_media":11117,"comment_status":"closed","ping_status":"closed","template":"","meta":{"_acf_changed":false,"slim_seo":{"title":"IT-M3112 - YOTAVIS AG","description":"80V\/22A\/400W DC power supply"}},"product_brand":[822],"product_cat":[516,515],"product_tag":[],"class_list":{"0":"post-10399","1":"product","2":"type-product","3":"status-publish","4":"has-post-thumbnail","6":"product_brand-itech","7":"product_cat-dc-source-en","8":"product_cat-power-en","9":"pa_current-a-917","10":"pa_output-number-146","11":"pa_power-w-398","12":"pa_remote-control-yes","13":"pa_voltage-v-155","15":"first","16":"instock","17":"taxable","18":"shipping-taxable","19":"product-type-simple"},"acf":[],"_links":{"self":[{"href":"https:\/\/yotavis.ch\/de\/wp-json\/wp\/v2\/product\/10399","targetHints":{"allow":["GET"]}}],"collection":[{"href":"https:\/\/yotavis.ch\/de\/wp-json\/wp\/v2\/product"}],"about":[{"href":"https:\/\/yotavis.ch\/de\/wp-json\/wp\/v2\/types\/product"}],"replies":[{"embeddable":true,"href":"https:\/\/yotavis.ch\/de\/wp-json\/wp\/v2\/comments?post=10399"}],"wp:featuredmedia":[{"embeddable":true,"href":"https:\/\/yotavis.ch\/de\/wp-json\/wp\/v2\/media\/11117"}],"wp:attachment":[{"href":"https:\/\/yotavis.ch\/de\/wp-json\/wp\/v2\/media?parent=10399"}],"wp:term":[{"taxonomy":"product_brand","embeddable":true,"href":"https:\/\/yotavis.ch\/de\/wp-json\/wp\/v2\/product_brand?post=10399"},{"taxonomy":"product_cat","embeddable":true,"href":"https:\/\/yotavis.ch\/de\/wp-json\/wp\/v2\/product_cat?post=10399"},{"taxonomy":"product_tag","embeddable":true,"href":"https:\/\/yotavis.ch\/de\/wp-json\/wp\/v2\/product_tag?post=10399"}],"curies":[{"name":"wp","href":"https:\/\/api.w.org\/{rel}","templated":true}]}}