{"id":10402,"date":"2025-10-09T00:00:00","date_gmt":"2025-10-08T22:00:00","guid":{"rendered":"https:\/\/yotavis.ch\/product\/it-m3120s\/"},"modified":"2026-04-24T13:38:34","modified_gmt":"2026-04-24T11:38:34","slug":"it-m3120s","status":"publish","type":"product","link":"https:\/\/yotavis.ch\/de\/produkt\/it-m3120s\/","title":{"rendered":"IT-M3120S"},"content":{"rendered":"<p>Das IT-M3120S von ITECH ist ein DC-Netzteil mit einer Ausgangsleistung von 800 Watt, das bis zu 60 Volt und 35 Ampere liefern kann. Es verf\u00fcgt \u00fcber einen einzigen Ausgangskanal und eignet sich daher f\u00fcr Anwendungen, die eine stabile und pr\u00e4zise Stromquelle erfordern. Dieses Modell verf\u00fcgt \u00fcber Standard-USB- und LAN-Schnittstellen, die eine bequeme Konnektivit\u00e4t und einen Fernbetrieb erm\u00f6glichen. Das Ger\u00e4t unterst\u00fctzt die Fernsteuerungsfunktionalit\u00e4t, so dass die Benutzer die Einstellungen aus der Ferne verwalten und anpassen k\u00f6nnen. Das IT-M3120S ist f\u00fcr eine zuverl\u00e4ssige Leistung ausgelegt und verf\u00fcgt \u00fcber wichtige Funktionen f\u00fcr ein effizientes Energiemanagement in verschiedenen elektronischen Test- und Entwicklungsumgebungen.<\/p>","protected":false},"excerpt":{"rendered":"<p>60V\/35A\/800W DC power supply, with standard USB&#038;LAN interface<\/p>","protected":false},"featured_media":11117,"comment_status":"closed","ping_status":"closed","template":"","meta":{"_acf_changed":false,"slim_seo":{"title":"IT-M3120S - YOTAVIS AG","description":"60V\/35A\/800W DC power supply, with standard USB&LAN interface"}},"product_brand":[822],"product_cat":[516,515],"product_tag":[],"class_list":{"0":"post-10402","1":"product","2":"type-product","3":"status-publish","4":"has-post-thumbnail","6":"product_brand-itech","7":"product_cat-dc-source-en","8":"product_cat-power-en","9":"pa_current-a-919","10":"pa_output-number-146","11":"pa_power-w-556","12":"pa_remote-control-yes","13":"pa_voltage-v-314","15":"first","16":"instock","17":"taxable","18":"shipping-taxable","19":"product-type-simple"},"acf":[],"_links":{"self":[{"href":"https:\/\/yotavis.ch\/de\/wp-json\/wp\/v2\/product\/10402","targetHints":{"allow":["GET"]}}],"collection":[{"href":"https:\/\/yotavis.ch\/de\/wp-json\/wp\/v2\/product"}],"about":[{"href":"https:\/\/yotavis.ch\/de\/wp-json\/wp\/v2\/types\/product"}],"replies":[{"embeddable":true,"href":"https:\/\/yotavis.ch\/de\/wp-json\/wp\/v2\/comments?post=10402"}],"wp:featuredmedia":[{"embeddable":true,"href":"https:\/\/yotavis.ch\/de\/wp-json\/wp\/v2\/media\/11117"}],"wp:attachment":[{"href":"https:\/\/yotavis.ch\/de\/wp-json\/wp\/v2\/media?parent=10402"}],"wp:term":[{"taxonomy":"product_brand","embeddable":true,"href":"https:\/\/yotavis.ch\/de\/wp-json\/wp\/v2\/product_brand?post=10402"},{"taxonomy":"product_cat","embeddable":true,"href":"https:\/\/yotavis.ch\/de\/wp-json\/wp\/v2\/product_cat?post=10402"},{"taxonomy":"product_tag","embeddable":true,"href":"https:\/\/yotavis.ch\/de\/wp-json\/wp\/v2\/product_tag?post=10402"}],"curies":[{"name":"wp","href":"https:\/\/api.w.org\/{rel}","templated":true}]}}