{"id":10403,"date":"2025-10-09T00:00:00","date_gmt":"2025-10-08T22:00:00","guid":{"rendered":"https:\/\/yotavis.ch\/product\/it-m3113\/"},"modified":"2026-04-24T13:38:34","modified_gmt":"2026-04-24T11:38:34","slug":"it-m3113","status":"publish","type":"product","link":"https:\/\/yotavis.ch\/de\/produkt\/it-m3113\/","title":{"rendered":"IT-M3113"},"content":{"rendered":"<p>Das IT-M3113 von ITECH ist ein Gleichstromnetzteil, das eine maximale Ausgangsleistung von 400 Watt liefert. Es arbeitet mit einer Spannung von bis zu 150 Volt und kann einen Strom von bis zu 12 Ampere liefern. Dieses Modell verf\u00fcgt \u00fcber einen einzigen Ausgangskanal, was einen einfachen Anschluss und Betrieb erm\u00f6glicht. Dar\u00fcber hinaus unterst\u00fctzt das Netzteil eine Fernsteuerungsfunktion, die es dem Benutzer erm\u00f6glicht, seine Einstellungen und seine Leistung aus der Ferne zu steuern. Durch die Kombination seiner Spannungs-, Strom- und Leistungsspezifikationen ist es f\u00fcr verschiedene Anwendungen geeignet, die eine stabile und zuverl\u00e4ssige Gleichstromversorgung erfordern. Das Ger\u00e4t wurde entwickelt, um spezifische elektrische Anforderungen mit Pr\u00e4zision und Effizienz zu erf\u00fcllen.<\/p>","protected":false},"excerpt":{"rendered":"<p>150V\/12A\/400W DC-Stromversorgung<\/p>","protected":false},"featured_media":11117,"comment_status":"closed","ping_status":"closed","template":"","meta":{"_acf_changed":false,"slim_seo":{"title":"IT-M3113 - YOTAVIS AG","description":"150V\/12A\/400W DC-Stromversorgung"}},"product_brand":[822],"product_cat":[516,515],"product_tag":[],"class_list":{"0":"post-10403","1":"product","2":"type-product","3":"status-publish","4":"has-post-thumbnail","6":"product_brand-itech","7":"product_cat-dc-source-en","8":"product_cat-power-en","9":"pa_current-a-578","10":"pa_output-number-146","11":"pa_power-w-398","12":"pa_remote-control-yes","13":"pa_voltage-v-150","15":"first","16":"instock","17":"taxable","18":"shipping-taxable","19":"product-type-simple"},"acf":[],"_links":{"self":[{"href":"https:\/\/yotavis.ch\/de\/wp-json\/wp\/v2\/product\/10403","targetHints":{"allow":["GET"]}}],"collection":[{"href":"https:\/\/yotavis.ch\/de\/wp-json\/wp\/v2\/product"}],"about":[{"href":"https:\/\/yotavis.ch\/de\/wp-json\/wp\/v2\/types\/product"}],"replies":[{"embeddable":true,"href":"https:\/\/yotavis.ch\/de\/wp-json\/wp\/v2\/comments?post=10403"}],"wp:featuredmedia":[{"embeddable":true,"href":"https:\/\/yotavis.ch\/de\/wp-json\/wp\/v2\/media\/11117"}],"wp:attachment":[{"href":"https:\/\/yotavis.ch\/de\/wp-json\/wp\/v2\/media?parent=10403"}],"wp:term":[{"taxonomy":"product_brand","embeddable":true,"href":"https:\/\/yotavis.ch\/de\/wp-json\/wp\/v2\/product_brand?post=10403"},{"taxonomy":"product_cat","embeddable":true,"href":"https:\/\/yotavis.ch\/de\/wp-json\/wp\/v2\/product_cat?post=10403"},{"taxonomy":"product_tag","embeddable":true,"href":"https:\/\/yotavis.ch\/de\/wp-json\/wp\/v2\/product_tag?post=10403"}],"curies":[{"name":"wp","href":"https:\/\/api.w.org\/{rel}","templated":true}]}}