{"id":10404,"date":"2025-10-09T00:00:00","date_gmt":"2025-10-08T22:00:00","guid":{"rendered":"https:\/\/yotavis.ch\/product\/it-m3123\/"},"modified":"2026-04-24T13:38:34","modified_gmt":"2026-04-24T11:38:34","slug":"it-m3123","status":"publish","type":"product","link":"https:\/\/yotavis.ch\/de\/produkt\/it-m3123\/","title":{"rendered":"IT-M3123"},"content":{"rendered":"<p>Das IT-M3123 ist ein Gleichstromnetzteil von ITECH, das eine maximale Ausgangsleistung von 850 Watt liefert. Es arbeitet mit einer Spannung von 150 Volt und kann einen Strom von bis zu 12 Ampere liefern. Dieses Modell verf\u00fcgt \u00fcber einen einzigen Ausgangskanal, was einen einfachen Anschluss und Betrieb erm\u00f6glicht. Dar\u00fcber hinaus verf\u00fcgt das Netzteil \u00fcber eine Fernbedienungsfunktion, die es dem Benutzer erm\u00f6glicht, seine Einstellungen aus der Ferne zu steuern. Durch die Kombination seiner Spannungs-, Strom- und Leistungsspezifikationen ist es f\u00fcr verschiedene Anwendungen geeignet, die eine stabile und zuverl\u00e4ssige Gleichstromversorgung erfordern. Das Design konzentriert sich auf die Bereitstellung wesentlicher Funktionen ohne zus\u00e4tzliche Komplexit\u00e4t, um eine einfache Nutzung in verschiedenen Umgebungen zu gew\u00e4hrleisten. Das IT-M3123 erf\u00fcllt die Anforderungen von Anwendern, die eine pr\u00e4zise und konsistente Stromversorgung ben\u00f6tigen.<\/p>","protected":false},"excerpt":{"rendered":"<p>150V\/12A\/850W DC-Stromversorgung<\/p>","protected":false},"featured_media":11117,"comment_status":"closed","ping_status":"closed","template":"","meta":{"_acf_changed":false,"slim_seo":{"title":"IT-M3123 - YOTAVIS AG","description":"150V\/12A\/850W DC-Stromversorgung"}},"product_brand":[822],"product_cat":[516,515],"product_tag":[],"class_list":{"0":"post-10404","1":"product","2":"type-product","3":"status-publish","4":"has-post-thumbnail","6":"product_brand-itech","7":"product_cat-dc-source-en","8":"product_cat-power-en","9":"pa_current-a-578","10":"pa_output-number-146","11":"pa_power-w-916","12":"pa_remote-control-yes","13":"pa_voltage-v-150","15":"first","16":"instock","17":"taxable","18":"shipping-taxable","19":"product-type-simple"},"acf":[],"_links":{"self":[{"href":"https:\/\/yotavis.ch\/de\/wp-json\/wp\/v2\/product\/10404","targetHints":{"allow":["GET"]}}],"collection":[{"href":"https:\/\/yotavis.ch\/de\/wp-json\/wp\/v2\/product"}],"about":[{"href":"https:\/\/yotavis.ch\/de\/wp-json\/wp\/v2\/types\/product"}],"replies":[{"embeddable":true,"href":"https:\/\/yotavis.ch\/de\/wp-json\/wp\/v2\/comments?post=10404"}],"wp:featuredmedia":[{"embeddable":true,"href":"https:\/\/yotavis.ch\/de\/wp-json\/wp\/v2\/media\/11117"}],"wp:attachment":[{"href":"https:\/\/yotavis.ch\/de\/wp-json\/wp\/v2\/media?parent=10404"}],"wp:term":[{"taxonomy":"product_brand","embeddable":true,"href":"https:\/\/yotavis.ch\/de\/wp-json\/wp\/v2\/product_brand?post=10404"},{"taxonomy":"product_cat","embeddable":true,"href":"https:\/\/yotavis.ch\/de\/wp-json\/wp\/v2\/product_cat?post=10404"},{"taxonomy":"product_tag","embeddable":true,"href":"https:\/\/yotavis.ch\/de\/wp-json\/wp\/v2\/product_tag?post=10404"}],"curies":[{"name":"wp","href":"https:\/\/api.w.org\/{rel}","templated":true}]}}