{"id":10406,"date":"2025-10-09T00:00:00","date_gmt":"2025-10-08T22:00:00","guid":{"rendered":"https:\/\/yotavis.ch\/product\/it-m3124\/"},"modified":"2026-04-24T13:38:35","modified_gmt":"2026-04-24T11:38:35","slug":"it-m3124","status":"publish","type":"product","link":"https:\/\/yotavis.ch\/de\/produkt\/it-m3124\/","title":{"rendered":"IT-M3124"},"content":{"rendered":"<p>Das ITECH IT-M3124 ist ein Gleichstromnetzteil, das eine maximale Ausgangsleistung von 850 Watt liefert. Es arbeitet mit einer Spannung von 300 Volt und kann einen Strom von bis zu 6 Ampere liefern. Dieses Modell verf\u00fcgt \u00fcber einen einzigen Ausgangskanal, der eine gezielte Leistungsabgabe an angeschlossene Ger\u00e4te erm\u00f6glicht. Das Netzteil verf\u00fcgt \u00fcber eine Fernbedienungsfunktion, die es dem Benutzer erm\u00f6glicht, das Ger\u00e4t bequem und flexibel aus der Ferne zu bedienen. Aufgrund seiner Spezifikationen eignet es sich f\u00fcr Anwendungen, die eine stabile und zuverl\u00e4ssige Gleichstromversorgung innerhalb der angegebenen Spannungs- und Stromgrenzen erfordern. Die Kombination dieser Merkmale unterst\u00fctzt verschiedene Test- und Entwicklungsszenarien, bei denen eine pr\u00e4zise Stromregelung erforderlich ist. Das IT-M3124 erf\u00fcllt die Anforderungen von Anwendern, die eine robuste und steuerbare Stromquelle ben\u00f6tigen.<\/p>","protected":false},"excerpt":{"rendered":"<p>300V\/6A\/850W DC-Stromversorgung<\/p>","protected":false},"featured_media":11117,"comment_status":"closed","ping_status":"closed","template":"","meta":{"_acf_changed":false,"slim_seo":{"title":"IT-M3124 - YOTAVIS AG","description":"300V\/6A\/850W DC-Stromversorgung"}},"product_brand":[822],"product_cat":[516,515],"product_tag":[],"class_list":{"0":"post-10406","1":"product","2":"type-product","3":"status-publish","4":"has-post-thumbnail","6":"product_brand-itech","7":"product_cat-dc-source-en","8":"product_cat-power-en","9":"pa_current-a-399","10":"pa_output-number-146","11":"pa_power-w-916","12":"pa_remote-control-yes","13":"pa_voltage-v-624","15":"first","16":"instock","17":"taxable","18":"shipping-taxable","19":"product-type-simple"},"acf":[],"_links":{"self":[{"href":"https:\/\/yotavis.ch\/de\/wp-json\/wp\/v2\/product\/10406","targetHints":{"allow":["GET"]}}],"collection":[{"href":"https:\/\/yotavis.ch\/de\/wp-json\/wp\/v2\/product"}],"about":[{"href":"https:\/\/yotavis.ch\/de\/wp-json\/wp\/v2\/types\/product"}],"replies":[{"embeddable":true,"href":"https:\/\/yotavis.ch\/de\/wp-json\/wp\/v2\/comments?post=10406"}],"wp:featuredmedia":[{"embeddable":true,"href":"https:\/\/yotavis.ch\/de\/wp-json\/wp\/v2\/media\/11117"}],"wp:attachment":[{"href":"https:\/\/yotavis.ch\/de\/wp-json\/wp\/v2\/media?parent=10406"}],"wp:term":[{"taxonomy":"product_brand","embeddable":true,"href":"https:\/\/yotavis.ch\/de\/wp-json\/wp\/v2\/product_brand?post=10406"},{"taxonomy":"product_cat","embeddable":true,"href":"https:\/\/yotavis.ch\/de\/wp-json\/wp\/v2\/product_cat?post=10406"},{"taxonomy":"product_tag","embeddable":true,"href":"https:\/\/yotavis.ch\/de\/wp-json\/wp\/v2\/product_tag?post=10406"}],"curies":[{"name":"wp","href":"https:\/\/api.w.org\/{rel}","templated":true}]}}