{"id":10407,"date":"2025-10-09T00:00:00","date_gmt":"2025-10-08T22:00:00","guid":{"rendered":"https:\/\/yotavis.ch\/product\/it-m3115\/"},"modified":"2026-04-24T13:38:40","modified_gmt":"2026-04-24T11:38:40","slug":"it-m3115","status":"publish","type":"product","link":"https:\/\/yotavis.ch\/de\/produkt\/it-m3115\/","title":{"rendered":"IT-M3115"},"content":{"rendered":"<p>Das ITECH IT-M3115 ist ein Gleichstromnetzteil mit einer maximalen Ausgangsspannung von 600 Volt und einer Stromkapazit\u00e4t von 3 Ampere. Es liefert eine Ausgangsleistung von 400 Watt und ist damit f\u00fcr verschiedene Anwendungen geeignet, die eine stabile Gleichstromversorgung erfordern. Dieses Modell verf\u00fcgt \u00fcber einen einzigen Ausgangskanal, was eine einfache Bedienung und einen einfachen Anschluss erm\u00f6glicht. Dar\u00fcber hinaus unterst\u00fctzt das Netzteil die Fernbedienungsfunktion, so dass der Benutzer das Ger\u00e4t bequem und flexibel aus der Ferne bedienen kann. Das Design konzentriert sich auf eine zuverl\u00e4ssige Stromversorgung innerhalb der angegebenen Spannungs- und Stromgrenzen. Das IT-M3115 wurde entwickelt, um die Anforderungen von Umgebungen zu erf\u00fcllen, in denen eine pr\u00e4zise Gleichstromversorgung unerl\u00e4sslich ist. Seine Spezifikationen unterstreichen seine F\u00e4higkeit, moderate Leistungsanforderungen effizient zu erf\u00fcllen.<\/p>","protected":false},"excerpt":{"rendered":"<p>600V\/3A\/400W DC power supply<\/p>","protected":false},"featured_media":11117,"comment_status":"closed","ping_status":"closed","template":"","meta":{"_acf_changed":false,"slim_seo":{"title":"IT-M3115 - YOTAVIS AG","description":"600V\/3A\/400W DC power supply"}},"product_brand":[822],"product_cat":[516,515],"product_tag":[],"class_list":{"0":"post-10407","1":"product","2":"type-product","3":"status-publish","4":"has-post-thumbnail","6":"product_brand-itech","7":"product_cat-dc-source-en","8":"product_cat-power-en","9":"pa_current-a-485","10":"pa_output-number-146","11":"pa_power-w-398","12":"pa_remote-control-yes","13":"pa_voltage-v-920","15":"first","16":"instock","17":"taxable","18":"shipping-taxable","19":"product-type-simple"},"acf":[],"_links":{"self":[{"href":"https:\/\/yotavis.ch\/de\/wp-json\/wp\/v2\/product\/10407","targetHints":{"allow":["GET"]}}],"collection":[{"href":"https:\/\/yotavis.ch\/de\/wp-json\/wp\/v2\/product"}],"about":[{"href":"https:\/\/yotavis.ch\/de\/wp-json\/wp\/v2\/types\/product"}],"replies":[{"embeddable":true,"href":"https:\/\/yotavis.ch\/de\/wp-json\/wp\/v2\/comments?post=10407"}],"wp:featuredmedia":[{"embeddable":true,"href":"https:\/\/yotavis.ch\/de\/wp-json\/wp\/v2\/media\/11117"}],"wp:attachment":[{"href":"https:\/\/yotavis.ch\/de\/wp-json\/wp\/v2\/media?parent=10407"}],"wp:term":[{"taxonomy":"product_brand","embeddable":true,"href":"https:\/\/yotavis.ch\/de\/wp-json\/wp\/v2\/product_brand?post=10407"},{"taxonomy":"product_cat","embeddable":true,"href":"https:\/\/yotavis.ch\/de\/wp-json\/wp\/v2\/product_cat?post=10407"},{"taxonomy":"product_tag","embeddable":true,"href":"https:\/\/yotavis.ch\/de\/wp-json\/wp\/v2\/product_tag?post=10407"}],"curies":[{"name":"wp","href":"https:\/\/api.w.org\/{rel}","templated":true}]}}