{"id":10408,"date":"2025-10-09T00:00:00","date_gmt":"2025-10-08T22:00:00","guid":{"rendered":"https:\/\/yotavis.ch\/product\/it-m3125\/"},"modified":"2026-04-24T13:38:41","modified_gmt":"2026-04-24T11:38:41","slug":"it-m3125","status":"publish","type":"product","link":"https:\/\/yotavis.ch\/de\/produkt\/it-m3125\/","title":{"rendered":"IT-M3125"},"content":{"rendered":"<p>Das IT-M3125 ist ein DC-Netzteil von ITECH, das eine maximale Ausgangsleistung von 850 Watt liefert. Es arbeitet mit einer Spannung von 600 Volt und einer Stromst\u00e4rke von 3 Ampere und bietet einen einzigen Ausgangskanal f\u00fcr die Leistungsabgabe. Dieses Modell unterst\u00fctzt die Fernbedienungsfunktion, die eine bequeme Bedienung aus der Ferne erm\u00f6glicht. Das Netzteil ist f\u00fcr hohe Spannungs- und Stromanforderungen ausgelegt und eignet sich daher f\u00fcr verschiedene Anwendungen, die eine stabile und zuverl\u00e4ssige Gleichstromversorgung erfordern. Mit seinen spezifizierten Spannungs- und Stromwerten gew\u00e4hrleistet das IT-M3125 eine konstante Leistung innerhalb seiner Betriebsgrenzen. Das Design des Ger\u00e4ts konzentriert sich auf die Bereitstellung einer pr\u00e4zisen Ausgangsleistung, die f\u00fcr das Testen und Versorgen von elektronischen Komponenten und Systemen unerl\u00e4sslich ist. Seine Einzelausgangskonfiguration vereinfacht die Integration in bestehende Anlagen, in denen eine kontrollierte Gleichstromversorgung erforderlich ist.<\/p>","protected":false},"excerpt":{"rendered":"<p>600V\/3A\/850W DC-Stromversorgung<\/p>","protected":false},"featured_media":11117,"comment_status":"closed","ping_status":"closed","template":"","meta":{"_acf_changed":false,"slim_seo":{"title":"IT-M3125 - YOTAVIS AG","description":"600V\/3A\/850W DC-Stromversorgung"}},"product_brand":[822],"product_cat":[516,515],"product_tag":[],"class_list":{"0":"post-10408","1":"product","2":"type-product","3":"status-publish","4":"has-post-thumbnail","6":"product_brand-itech","7":"product_cat-dc-source-en","8":"product_cat-power-en","9":"pa_current-a-485","10":"pa_output-number-146","11":"pa_power-w-916","12":"pa_remote-control-yes","13":"pa_voltage-v-920","15":"first","16":"instock","17":"taxable","18":"shipping-taxable","19":"product-type-simple"},"acf":[],"_links":{"self":[{"href":"https:\/\/yotavis.ch\/de\/wp-json\/wp\/v2\/product\/10408","targetHints":{"allow":["GET"]}}],"collection":[{"href":"https:\/\/yotavis.ch\/de\/wp-json\/wp\/v2\/product"}],"about":[{"href":"https:\/\/yotavis.ch\/de\/wp-json\/wp\/v2\/types\/product"}],"replies":[{"embeddable":true,"href":"https:\/\/yotavis.ch\/de\/wp-json\/wp\/v2\/comments?post=10408"}],"wp:featuredmedia":[{"embeddable":true,"href":"https:\/\/yotavis.ch\/de\/wp-json\/wp\/v2\/media\/11117"}],"wp:attachment":[{"href":"https:\/\/yotavis.ch\/de\/wp-json\/wp\/v2\/media?parent=10408"}],"wp:term":[{"taxonomy":"product_brand","embeddable":true,"href":"https:\/\/yotavis.ch\/de\/wp-json\/wp\/v2\/product_brand?post=10408"},{"taxonomy":"product_cat","embeddable":true,"href":"https:\/\/yotavis.ch\/de\/wp-json\/wp\/v2\/product_cat?post=10408"},{"taxonomy":"product_tag","embeddable":true,"href":"https:\/\/yotavis.ch\/de\/wp-json\/wp\/v2\/product_tag?post=10408"}],"curies":[{"name":"wp","href":"https:\/\/api.w.org\/{rel}","templated":true}]}}