{"id":10409,"date":"2025-10-09T00:00:00","date_gmt":"2025-10-08T22:00:00","guid":{"rendered":"https:\/\/yotavis.ch\/product\/it-m3131d\/"},"modified":"2026-04-24T13:38:41","modified_gmt":"2026-04-24T11:38:41","slug":"it-m3131d","status":"publish","type":"product","link":"https:\/\/yotavis.ch\/de\/produkt\/it-m3131d\/","title":{"rendered":"IT-M3131D"},"content":{"rendered":"<p>Der IT-M3131D von ITECH verf\u00fcgt \u00fcber zwei Ausgangskan\u00e4le, die jeweils 30 Volt, 15 Ampere und 200 Watt liefern k\u00f6nnen, was zusammen eine Gesamtleistung von 400 Watt ergibt. Diese Zweikanal-Konfiguration erm\u00f6glicht den gleichzeitigen Betrieb von zwei unabh\u00e4ngigen Lasten oder Ger\u00e4ten. Das Ger\u00e4t unterst\u00fctzt eine maximale Spannung von 30 Volt und einen maximalen Strom von 15 Ampere pro Kanal und gew\u00e4hrleistet so eine konstante Leistung innerhalb dieser elektrischen Parameter. Es verf\u00fcgt \u00fcber eine Fernbedienungsfunktion, mit der der Benutzer das Ger\u00e4t aus der Ferne bedienen kann, was zus\u00e4tzlichen Komfort und Flexibilit\u00e4t bietet. Das Netzteil ist f\u00fcr gro\u00dfe elektrische Lasten ausgelegt und eignet sich daher f\u00fcr verschiedene Anwendungen, die eine stabile und zuverl\u00e4ssige Stromversorgung erfordern. Das Vorhandensein von zwei Ausg\u00e4ngen erm\u00f6glicht vielseitige Nutzungsszenarien, die m\u00f6glicherweise verschiedene Test- oder Betriebsanforderungen gleichzeitig unterst\u00fctzen. Das IT-M3131D ist so konstruiert, dass es pr\u00e4zise Spannungs- und Stromausg\u00e4nge liefert und die f\u00fcr jeden Kanal festgelegten Grenzwerte einh\u00e4lt.<\/p>","protected":false},"excerpt":{"rendered":"<p>CH1:30V\/15A\/200W CH2:30V\/15A\/200W<\/p>","protected":false},"featured_media":11120,"comment_status":"closed","ping_status":"closed","template":"","meta":{"_acf_changed":false,"slim_seo":{"title":"IT-M3131D - YOTAVIS AG","description":"CH1:30V\/15A\/200W CH2:30V\/15A\/200W"}},"product_brand":[822],"product_cat":[516,515],"product_tag":[],"class_list":{"0":"post-10409","1":"product","2":"type-product","3":"status-publish","4":"has-post-thumbnail","6":"product_brand-itech","7":"product_cat-dc-source-en","8":"product_cat-power-en","9":"pa_current-a-410","10":"pa_output-number-153","11":"pa_power-w-398","12":"pa_remote-control-yes","13":"pa_voltage-v-145","15":"first","16":"instock","17":"taxable","18":"shipping-taxable","19":"product-type-simple"},"acf":[],"_links":{"self":[{"href":"https:\/\/yotavis.ch\/de\/wp-json\/wp\/v2\/product\/10409","targetHints":{"allow":["GET"]}}],"collection":[{"href":"https:\/\/yotavis.ch\/de\/wp-json\/wp\/v2\/product"}],"about":[{"href":"https:\/\/yotavis.ch\/de\/wp-json\/wp\/v2\/types\/product"}],"replies":[{"embeddable":true,"href":"https:\/\/yotavis.ch\/de\/wp-json\/wp\/v2\/comments?post=10409"}],"wp:featuredmedia":[{"embeddable":true,"href":"https:\/\/yotavis.ch\/de\/wp-json\/wp\/v2\/media\/11120"}],"wp:attachment":[{"href":"https:\/\/yotavis.ch\/de\/wp-json\/wp\/v2\/media?parent=10409"}],"wp:term":[{"taxonomy":"product_brand","embeddable":true,"href":"https:\/\/yotavis.ch\/de\/wp-json\/wp\/v2\/product_brand?post=10409"},{"taxonomy":"product_cat","embeddable":true,"href":"https:\/\/yotavis.ch\/de\/wp-json\/wp\/v2\/product_cat?post=10409"},{"taxonomy":"product_tag","embeddable":true,"href":"https:\/\/yotavis.ch\/de\/wp-json\/wp\/v2\/product_tag?post=10409"}],"curies":[{"name":"wp","href":"https:\/\/api.w.org\/{rel}","templated":true}]}}