{"id":10410,"date":"2025-10-09T00:00:00","date_gmt":"2025-10-08T22:00:00","guid":{"rendered":"https:\/\/yotavis.ch\/product\/it-m3141d\/"},"modified":"2026-04-24T13:38:42","modified_gmt":"2026-04-24T11:38:42","slug":"it-m3141d","status":"publish","type":"product","link":"https:\/\/yotavis.ch\/de\/produkt\/it-m3141d\/","title":{"rendered":"IT-M3141D"},"content":{"rendered":"<p>Der ITECH IT-M3141D verf\u00fcgt \u00fcber zwei Ausgangskan\u00e4le, die jeweils 30 Volt, 15 Ampere und 400 Watt liefern k\u00f6nnen, was zusammen eine Gesamtausgangsleistung von 800 Watt ergibt. Diese Zweikanal-Konfiguration erm\u00f6glicht den gleichzeitigen Betrieb mit konsistenten Spannungs- und Stromspezifikationen \u00fcber beide Kan\u00e4le. Das Ger\u00e4t unterst\u00fctzt Fernbedienungsfunktionen, so dass der Benutzer es aus der Ferne bedienen kann, was zus\u00e4tzlichen Komfort und Flexibilit\u00e4t bietet. Mit einer maximalen Spannung von 30 Volt und einer maximalen Stromst\u00e4rke von 15 Ampere ist der IT-M3141D f\u00fcr gro\u00dfe elektrische Lasten ausgelegt. Die Nennleistung von 800 Watt zeigt, dass er auch f\u00fcr anspruchsvolle Anwendungen geeignet ist, die eine stabile und zuverl\u00e4ssige Stromversorgung erfordern. Da er \u00fcber zwei Ausg\u00e4nge verf\u00fcgt, eignet er sich f\u00fcr Szenarien, in denen mehrere Stromquellen gleichzeitig ben\u00f6tigt werden. Die Fernsteuerungsfunktion verbessert die Benutzerfreundlichkeit, da sie Einstellungen ohne direkte Interaktion mit dem Ger\u00e4t selbst erm\u00f6glicht.<\/p>","protected":false},"excerpt":{"rendered":"<p>CH1:30V\/15A\/400W CH2:30V\/15A\/400W<\/p>","protected":false},"featured_media":11120,"comment_status":"closed","ping_status":"closed","template":"","meta":{"_acf_changed":false,"slim_seo":{"title":"IT-M3141D - YOTAVIS AG","description":"CH1:30V\/15A\/400W CH2:30V\/15A\/400W"}},"product_brand":[822],"product_cat":[516,515],"product_tag":[],"class_list":{"0":"post-10410","1":"product","2":"type-product","3":"status-publish","4":"has-post-thumbnail","6":"product_brand-itech","7":"product_cat-dc-source-en","8":"product_cat-power-en","9":"pa_current-a-410","10":"pa_output-number-153","11":"pa_power-w-556","12":"pa_remote-control-yes","13":"pa_voltage-v-145","15":"first","16":"instock","17":"taxable","18":"shipping-taxable","19":"product-type-simple"},"acf":[],"_links":{"self":[{"href":"https:\/\/yotavis.ch\/de\/wp-json\/wp\/v2\/product\/10410","targetHints":{"allow":["GET"]}}],"collection":[{"href":"https:\/\/yotavis.ch\/de\/wp-json\/wp\/v2\/product"}],"about":[{"href":"https:\/\/yotavis.ch\/de\/wp-json\/wp\/v2\/types\/product"}],"replies":[{"embeddable":true,"href":"https:\/\/yotavis.ch\/de\/wp-json\/wp\/v2\/comments?post=10410"}],"wp:featuredmedia":[{"embeddable":true,"href":"https:\/\/yotavis.ch\/de\/wp-json\/wp\/v2\/media\/11120"}],"wp:attachment":[{"href":"https:\/\/yotavis.ch\/de\/wp-json\/wp\/v2\/media?parent=10410"}],"wp:term":[{"taxonomy":"product_brand","embeddable":true,"href":"https:\/\/yotavis.ch\/de\/wp-json\/wp\/v2\/product_brand?post=10410"},{"taxonomy":"product_cat","embeddable":true,"href":"https:\/\/yotavis.ch\/de\/wp-json\/wp\/v2\/product_cat?post=10410"},{"taxonomy":"product_tag","embeddable":true,"href":"https:\/\/yotavis.ch\/de\/wp-json\/wp\/v2\/product_tag?post=10410"}],"curies":[{"name":"wp","href":"https:\/\/api.w.org\/{rel}","templated":true}]}}