{"id":10411,"date":"2025-10-09T00:00:00","date_gmt":"2025-10-08T22:00:00","guid":{"rendered":"https:\/\/yotavis.ch\/product\/it-m3132d\/"},"modified":"2026-04-24T13:38:43","modified_gmt":"2026-04-24T11:38:43","slug":"it-m3132d","status":"publish","type":"product","link":"https:\/\/yotavis.ch\/de\/produkt\/it-m3132d\/","title":{"rendered":"IT-M3132D"},"content":{"rendered":"<p>Der IT-M3132D von ITECH verf\u00fcgt \u00fcber zwei Ausgangskan\u00e4le, die jeweils 60 Volt und 10 Ampere liefern k\u00f6nnen, mit einer Nennleistung von 200 Watt pro Kanal, insgesamt also 400 Watt. Diese doppelte Ausgangskonfiguration erm\u00f6glicht vielseitige Anwendungen, die eine gleichzeitige Leistungsabgabe erfordern. Das Ger\u00e4t unterst\u00fctzt eine maximale Spannung von 60 Volt und eine maximale Stromst\u00e4rke von 10 Ampere und ist somit f\u00fcr gro\u00dfe elektrische Lasten geeignet. Dar\u00fcber hinaus verf\u00fcgt der IT-M3132D \u00fcber eine Fernbedienungsfunktion, mit der der Benutzer das Ger\u00e4t bequem und sicher aus der Ferne bedienen kann. Durch die Kombination dieser Spezifikationen eignet sich das IT-M3132D f\u00fcr verschiedene Stromversorgungsanforderungen, bei denen eine pr\u00e4zise Spannungs- und Stromregelung erforderlich ist.<\/p>","protected":false},"excerpt":{"rendered":"<p>CH1:60V\/10A\/200W CH2:60V\/10A\/200W<\/p>","protected":false},"featured_media":11120,"comment_status":"closed","ping_status":"closed","template":"","meta":{"_acf_changed":false,"slim_seo":{"title":"IT-M3132D - YOTAVIS AG","description":"CH1:60V\/10A\/200W CH2:60V\/10A\/200W"}},"product_brand":[822],"product_cat":[516,515],"product_tag":[],"class_list":{"0":"post-10411","1":"product","2":"type-product","3":"status-publish","4":"has-post-thumbnail","6":"product_brand-itech","7":"product_cat-dc-source-en","8":"product_cat-power-en","9":"pa_current-a-397","10":"pa_output-number-153","11":"pa_power-w-398","12":"pa_remote-control-yes","13":"pa_voltage-v-314","15":"first","16":"instock","17":"taxable","18":"shipping-taxable","19":"product-type-simple"},"acf":[],"_links":{"self":[{"href":"https:\/\/yotavis.ch\/de\/wp-json\/wp\/v2\/product\/10411","targetHints":{"allow":["GET"]}}],"collection":[{"href":"https:\/\/yotavis.ch\/de\/wp-json\/wp\/v2\/product"}],"about":[{"href":"https:\/\/yotavis.ch\/de\/wp-json\/wp\/v2\/types\/product"}],"replies":[{"embeddable":true,"href":"https:\/\/yotavis.ch\/de\/wp-json\/wp\/v2\/comments?post=10411"}],"wp:featuredmedia":[{"embeddable":true,"href":"https:\/\/yotavis.ch\/de\/wp-json\/wp\/v2\/media\/11120"}],"wp:attachment":[{"href":"https:\/\/yotavis.ch\/de\/wp-json\/wp\/v2\/media?parent=10411"}],"wp:term":[{"taxonomy":"product_brand","embeddable":true,"href":"https:\/\/yotavis.ch\/de\/wp-json\/wp\/v2\/product_brand?post=10411"},{"taxonomy":"product_cat","embeddable":true,"href":"https:\/\/yotavis.ch\/de\/wp-json\/wp\/v2\/product_cat?post=10411"},{"taxonomy":"product_tag","embeddable":true,"href":"https:\/\/yotavis.ch\/de\/wp-json\/wp\/v2\/product_tag?post=10411"}],"curies":[{"name":"wp","href":"https:\/\/api.w.org\/{rel}","templated":true}]}}