{"id":10412,"date":"2025-10-09T00:00:00","date_gmt":"2025-10-08T22:00:00","guid":{"rendered":"https:\/\/yotavis.ch\/product\/it-m3142d\/"},"modified":"2026-04-24T13:38:44","modified_gmt":"2026-04-24T11:38:44","slug":"it-m3142d","status":"publish","type":"product","link":"https:\/\/yotavis.ch\/de\/produkt\/it-m3142d\/","title":{"rendered":"IT-M3142D"},"content":{"rendered":"<p>Der IT-M3142D von ITECH verf\u00fcgt \u00fcber zwei Ausgangskan\u00e4le, die jeweils 60 Volt und 10 Ampere liefern k\u00f6nnen, mit einer Ausgangsleistung von 400 Watt pro Kanal, insgesamt also 800 Watt. Diese Zweikanal-Konfiguration erm\u00f6glicht den gleichzeitigen Betrieb mit konsistenten Spannungs- und Stromspezifikationen \u00fcber beide Ausg\u00e4nge. Das Ger\u00e4t unterst\u00fctzt Fernbedienungsfunktionen, so dass der Benutzer es bequem und flexibel aus der Ferne bedienen kann. Mit einer Nennspannung von 60 Volt und einer Nennstromst\u00e4rke von 10 Ampere ist der IT-M3142D f\u00fcr gro\u00dfe elektrische Lasten ausgelegt. Die Gesamtausgangsleistung von 800 Watt zeigt, dass das Ger\u00e4t auch f\u00fcr anspruchsvolle Anwendungen geeignet ist. Dank der zwei Ausg\u00e4nge eignet sich das Ger\u00e4t f\u00fcr Szenarien, die parallele oder unabh\u00e4ngige Stromquellen erfordern. Die Fernbedienungsfunktion verbessert die Benutzerfreundlichkeit, da sie Einstellungen ohne direkte Interaktion mit dem Ger\u00e4t selbst erm\u00f6glicht.<\/p>","protected":false},"excerpt":{"rendered":"<p>CH1:60V\/10A\/400W CH2:60V\/10A\/400W<\/p>","protected":false},"featured_media":11120,"comment_status":"closed","ping_status":"closed","template":"","meta":{"_acf_changed":false,"slim_seo":{"title":"IT-M3142D - YOTAVIS AG","description":"CH1:60V\/10A\/400W CH2:60V\/10A\/400W"}},"product_brand":[822],"product_cat":[516,515],"product_tag":[],"class_list":{"0":"post-10412","1":"product","2":"type-product","3":"status-publish","4":"has-post-thumbnail","6":"product_brand-itech","7":"product_cat-dc-source-en","8":"product_cat-power-en","9":"pa_current-a-397","10":"pa_output-number-153","11":"pa_power-w-556","12":"pa_remote-control-yes","13":"pa_voltage-v-314","15":"first","16":"instock","17":"taxable","18":"shipping-taxable","19":"product-type-simple"},"acf":[],"_links":{"self":[{"href":"https:\/\/yotavis.ch\/de\/wp-json\/wp\/v2\/product\/10412","targetHints":{"allow":["GET"]}}],"collection":[{"href":"https:\/\/yotavis.ch\/de\/wp-json\/wp\/v2\/product"}],"about":[{"href":"https:\/\/yotavis.ch\/de\/wp-json\/wp\/v2\/types\/product"}],"replies":[{"embeddable":true,"href":"https:\/\/yotavis.ch\/de\/wp-json\/wp\/v2\/comments?post=10412"}],"wp:featuredmedia":[{"embeddable":true,"href":"https:\/\/yotavis.ch\/de\/wp-json\/wp\/v2\/media\/11120"}],"wp:attachment":[{"href":"https:\/\/yotavis.ch\/de\/wp-json\/wp\/v2\/media?parent=10412"}],"wp:term":[{"taxonomy":"product_brand","embeddable":true,"href":"https:\/\/yotavis.ch\/de\/wp-json\/wp\/v2\/product_brand?post=10412"},{"taxonomy":"product_cat","embeddable":true,"href":"https:\/\/yotavis.ch\/de\/wp-json\/wp\/v2\/product_cat?post=10412"},{"taxonomy":"product_tag","embeddable":true,"href":"https:\/\/yotavis.ch\/de\/wp-json\/wp\/v2\/product_tag?post=10412"}],"curies":[{"name":"wp","href":"https:\/\/api.w.org\/{rel}","templated":true}]}}