{"id":10414,"date":"2025-10-09T00:00:00","date_gmt":"2025-10-08T22:00:00","guid":{"rendered":"https:\/\/yotavis.ch\/product\/it-m3131e\/"},"modified":"2026-04-24T13:38:46","modified_gmt":"2026-04-24T11:38:46","slug":"it-m3131e","status":"publish","type":"product","link":"https:\/\/yotavis.ch\/de\/produkt\/it-m3131e\/","title":{"rendered":"IT-M3131E"},"content":{"rendered":"<p>Das ITECH IT-M3131E ist ein Gleichstromnetzteil, das eine maximale Ausgangsleistung von 1850 Watt liefert. Es arbeitet mit einer Spannung von 30 Volt und kann einen Strom von bis zu 150 Ampere liefern. Dieses Modell verf\u00fcgt \u00fcber einen einzigen Ausgangskanal, der eine gezielte Leistungsabgabe erm\u00f6glicht. Das Ger\u00e4t ist fernbedienbar, so dass der Benutzer es bequem und flexibel aus der Ferne bedienen kann. Aufgrund seiner Spezifikationen eignet es sich f\u00fcr Anwendungen, die eine stabile und zuverl\u00e4ssige Gleichstromversorgung innerhalb der angegebenen Spannungs- und Stromgrenzen erfordern. Die Kombination aus hoher Strom- und Leistungsabgabe stellt sicher, dass es anspruchsvolle elektrische Lasten bew\u00e4ltigen kann. Das IT-M3131E wurde entwickelt, um die Anforderungen verschiedener Test- und Entwicklungsumgebungen zu erf\u00fcllen, in denen eine pr\u00e4zise DC-Stromversorgung unerl\u00e4sslich ist.<\/p>","protected":false},"excerpt":{"rendered":"<p>30V\/150A\/1850W DC-Stromversorgung<\/p>","protected":false},"featured_media":11122,"comment_status":"closed","ping_status":"closed","template":"","meta":{"_acf_changed":false,"slim_seo":{"title":"IT-M3131E - YOTAVIS AG","description":"30V\/150A\/1850W DC-Stromversorgung"}},"product_brand":[822],"product_cat":[516,515],"product_tag":[],"class_list":{"0":"post-10414","1":"product","2":"type-product","3":"status-publish","4":"has-post-thumbnail","6":"product_brand-itech","7":"product_cat-dc-source-en","8":"product_cat-power-en","9":"pa_current-a-569","10":"pa_output-number-146","11":"pa_power-w-921","12":"pa_remote-control-yes","13":"pa_voltage-v-145","15":"first","16":"instock","17":"taxable","18":"shipping-taxable","19":"product-type-simple"},"acf":[],"_links":{"self":[{"href":"https:\/\/yotavis.ch\/de\/wp-json\/wp\/v2\/product\/10414","targetHints":{"allow":["GET"]}}],"collection":[{"href":"https:\/\/yotavis.ch\/de\/wp-json\/wp\/v2\/product"}],"about":[{"href":"https:\/\/yotavis.ch\/de\/wp-json\/wp\/v2\/types\/product"}],"replies":[{"embeddable":true,"href":"https:\/\/yotavis.ch\/de\/wp-json\/wp\/v2\/comments?post=10414"}],"wp:featuredmedia":[{"embeddable":true,"href":"https:\/\/yotavis.ch\/de\/wp-json\/wp\/v2\/media\/11122"}],"wp:attachment":[{"href":"https:\/\/yotavis.ch\/de\/wp-json\/wp\/v2\/media?parent=10414"}],"wp:term":[{"taxonomy":"product_brand","embeddable":true,"href":"https:\/\/yotavis.ch\/de\/wp-json\/wp\/v2\/product_brand?post=10414"},{"taxonomy":"product_cat","embeddable":true,"href":"https:\/\/yotavis.ch\/de\/wp-json\/wp\/v2\/product_cat?post=10414"},{"taxonomy":"product_tag","embeddable":true,"href":"https:\/\/yotavis.ch\/de\/wp-json\/wp\/v2\/product_tag?post=10414"}],"curies":[{"name":"wp","href":"https:\/\/api.w.org\/{rel}","templated":true}]}}