{"id":10416,"date":"2025-10-09T00:00:00","date_gmt":"2025-10-08T22:00:00","guid":{"rendered":"https:\/\/yotavis.ch\/product\/it-m3132e\/"},"modified":"2026-04-24T13:38:46","modified_gmt":"2026-04-24T11:38:46","slug":"it-m3132e","status":"publish","type":"product","link":"https:\/\/yotavis.ch\/de\/produkt\/it-m3132e\/","title":{"rendered":"IT-M3132E"},"content":{"rendered":"<p>Das IT-M3132E von ITECH ist ein Gleichstromnetzteil mit einer maximalen Ausgangsleistung von 1850 Watt. Es arbeitet mit einer Spannung von 80 Volt und kann einen Strom von bis zu 80 Ampere liefern. Dieses Modell verf\u00fcgt \u00fcber einen einzigen Ausgangskanal, der eine gezielte Leistungsabgabe erm\u00f6glicht. Es unterst\u00fctzt die Fernbedienungsfunktion, so dass der Benutzer das Ger\u00e4t aus der Ferne bedienen kann. Das Netzteil ist f\u00fcr verschiedene Anwendungen konzipiert, bei denen eine stabile und zuverl\u00e4ssige Gleichstromversorgung erforderlich ist. Seine Spezifikationen unterstreichen die F\u00e4higkeit, hohe Strom- und Spannungspegel effizient zu verarbeiten. Durch die Kombination dieser Eigenschaften eignet es sich f\u00fcr den Einsatz in Umgebungen, die eine pr\u00e4zise Energieverwaltung und -steuerung erfordern.<\/p>","protected":false},"excerpt":{"rendered":"<p>80V\/80A\/1850W DC power supply<\/p>","protected":false},"featured_media":11122,"comment_status":"closed","ping_status":"closed","template":"","meta":{"_acf_changed":false,"slim_seo":{"title":"IT-M3132E - YOTAVIS AG","description":"80V\/80A\/1850W DC power supply"}},"product_brand":[822],"product_cat":[516,515],"product_tag":[],"class_list":{"0":"post-10416","1":"product","2":"type-product","3":"status-publish","4":"has-post-thumbnail","6":"product_brand-itech","7":"product_cat-dc-source-en","8":"product_cat-power-en","9":"pa_current-a-557","10":"pa_output-number-146","11":"pa_power-w-921","12":"pa_remote-control-yes","13":"pa_voltage-v-155","15":"first","16":"instock","17":"taxable","18":"shipping-taxable","19":"product-type-simple"},"acf":[],"_links":{"self":[{"href":"https:\/\/yotavis.ch\/de\/wp-json\/wp\/v2\/product\/10416","targetHints":{"allow":["GET"]}}],"collection":[{"href":"https:\/\/yotavis.ch\/de\/wp-json\/wp\/v2\/product"}],"about":[{"href":"https:\/\/yotavis.ch\/de\/wp-json\/wp\/v2\/types\/product"}],"replies":[{"embeddable":true,"href":"https:\/\/yotavis.ch\/de\/wp-json\/wp\/v2\/comments?post=10416"}],"wp:featuredmedia":[{"embeddable":true,"href":"https:\/\/yotavis.ch\/de\/wp-json\/wp\/v2\/media\/11122"}],"wp:attachment":[{"href":"https:\/\/yotavis.ch\/de\/wp-json\/wp\/v2\/media?parent=10416"}],"wp:term":[{"taxonomy":"product_brand","embeddable":true,"href":"https:\/\/yotavis.ch\/de\/wp-json\/wp\/v2\/product_brand?post=10416"},{"taxonomy":"product_cat","embeddable":true,"href":"https:\/\/yotavis.ch\/de\/wp-json\/wp\/v2\/product_cat?post=10416"},{"taxonomy":"product_tag","embeddable":true,"href":"https:\/\/yotavis.ch\/de\/wp-json\/wp\/v2\/product_tag?post=10416"}],"curies":[{"name":"wp","href":"https:\/\/api.w.org\/{rel}","templated":true}]}}