{"id":10417,"date":"2025-10-09T00:00:00","date_gmt":"2025-10-08T22:00:00","guid":{"rendered":"https:\/\/yotavis.ch\/product\/it-m3143\/"},"modified":"2026-04-24T13:38:47","modified_gmt":"2026-04-24T11:38:47","slug":"it-m3143","status":"publish","type":"product","link":"https:\/\/yotavis.ch\/de\/produkt\/it-m3143\/","title":{"rendered":"IT-M3143"},"content":{"rendered":"<p>Das IT-M3143 von ITECH ist ein Gleichstromnetzteil, das eine maximale Ausgangsleistung von 3000 Watt liefert. Es arbeitet mit einer Spannung von 150 Volt und kann einen Strom von bis zu 40 Ampere liefern. Dieses Modell verf\u00fcgt \u00fcber einen einzigen Ausgangskanal, der eine gezielte Leistungsabgabe erm\u00f6glicht. Dar\u00fcber hinaus unterst\u00fctzt es die Fernbedienungsfunktion, so dass der Benutzer das Ger\u00e4t aus der Ferne bedienen kann. Durch die Kombination seiner Spannungs-, Strom- und Leistungsspezifikationen eignet sich das Ger\u00e4t f\u00fcr Anwendungen, die eine stabile und leistungsstarke Gleichstromversorgung erfordern. Das Ger\u00e4t ist so konstruiert, dass es spezifische Anforderungen an die Stromversorgung mit Pr\u00e4zision und Zuverl\u00e4ssigkeit erf\u00fcllt.<\/p>","protected":false},"excerpt":{"rendered":"<p>150V\/40A\/3000W DC-Stromversorgung<\/p>","protected":false},"featured_media":11122,"comment_status":"closed","ping_status":"closed","template":"","meta":{"_acf_changed":false,"slim_seo":{"title":"IT-M3143 - YOTAVIS AG","description":"150V\/40A\/3000W DC-Stromversorgung"}},"product_brand":[822],"product_cat":[516,515],"product_tag":[],"class_list":{"0":"post-10417","1":"product","2":"type-product","3":"status-publish","4":"has-post-thumbnail","6":"product_brand-itech","7":"product_cat-dc-source-en","8":"product_cat-power-en","9":"pa_current-a-550","10":"pa_output-number-146","11":"pa_power-w-632","12":"pa_remote-control-yes","13":"pa_voltage-v-150","15":"first","16":"instock","17":"taxable","18":"shipping-taxable","19":"product-type-simple"},"acf":[],"_links":{"self":[{"href":"https:\/\/yotavis.ch\/de\/wp-json\/wp\/v2\/product\/10417","targetHints":{"allow":["GET"]}}],"collection":[{"href":"https:\/\/yotavis.ch\/de\/wp-json\/wp\/v2\/product"}],"about":[{"href":"https:\/\/yotavis.ch\/de\/wp-json\/wp\/v2\/types\/product"}],"replies":[{"embeddable":true,"href":"https:\/\/yotavis.ch\/de\/wp-json\/wp\/v2\/comments?post=10417"}],"wp:featuredmedia":[{"embeddable":true,"href":"https:\/\/yotavis.ch\/de\/wp-json\/wp\/v2\/media\/11122"}],"wp:attachment":[{"href":"https:\/\/yotavis.ch\/de\/wp-json\/wp\/v2\/media?parent=10417"}],"wp:term":[{"taxonomy":"product_brand","embeddable":true,"href":"https:\/\/yotavis.ch\/de\/wp-json\/wp\/v2\/product_brand?post=10417"},{"taxonomy":"product_cat","embeddable":true,"href":"https:\/\/yotavis.ch\/de\/wp-json\/wp\/v2\/product_cat?post=10417"},{"taxonomy":"product_tag","embeddable":true,"href":"https:\/\/yotavis.ch\/de\/wp-json\/wp\/v2\/product_tag?post=10417"}],"curies":[{"name":"wp","href":"https:\/\/api.w.org\/{rel}","templated":true}]}}