{"id":10420,"date":"2025-10-09T00:00:00","date_gmt":"2025-10-08T22:00:00","guid":{"rendered":"https:\/\/yotavis.ch\/product\/it-m3134e\/"},"modified":"2026-04-24T13:38:48","modified_gmt":"2026-04-24T11:38:48","slug":"it-m3134e","status":"publish","type":"product","link":"https:\/\/yotavis.ch\/de\/produkt\/it-m3134e\/","title":{"rendered":"IT-M3134E"},"content":{"rendered":"<p>Das ITECH IT-M3134E ist ein Gleichstromnetzteil mit einer maximalen Ausgangsleistung von 1850 Watt. Es arbeitet mit einer Spannung von 300 Volt und kann einen Strom von bis zu 20 Ampere liefern. Dieses Modell verf\u00fcgt \u00fcber einen einzigen Ausgangskanal, der eine gezielte Leistungsabgabe erm\u00f6glicht. Es verf\u00fcgt \u00fcber eine Fernbedienungsfunktion, die es dem Benutzer erm\u00f6glicht, das Ger\u00e4t aus der Ferne zu bedienen. Das Netzteil ist so konzipiert, dass es mit seinen definierten Spannungs- und Stromwerten spezifische elektrische Anforderungen erf\u00fcllt. Seine Konfiguration unterst\u00fctzt Anwendungen, die eine stabile und zuverl\u00e4ssige Gleichstromversorgung erfordern. Die Spezifikationen des Ger\u00e4ts unterstreichen seine F\u00e4higkeit, gro\u00dfe elektrische Lasten zu bew\u00e4ltigen und gleichzeitig die Flexibilit\u00e4t der Steuerung beizubehalten.<\/p>","protected":false},"excerpt":{"rendered":"<p>300V\/20A\/1850W DC-Stromversorgung<\/p>","protected":false},"featured_media":11122,"comment_status":"closed","ping_status":"closed","template":"","meta":{"_acf_changed":false,"slim_seo":{"title":"IT-M3134E - YOTAVIS AG","description":"300V\/20A\/1850W DC-Stromversorgung"}},"product_brand":[822],"product_cat":[516,515],"product_tag":[],"class_list":{"0":"post-10420","1":"product","2":"type-product","3":"status-publish","4":"has-post-thumbnail","6":"product_brand-itech","7":"product_cat-dc-source-en","8":"product_cat-power-en","9":"pa_current-a-552","10":"pa_output-number-146","11":"pa_power-w-921","12":"pa_remote-control-yes","13":"pa_voltage-v-624","15":"first","16":"instock","17":"taxable","18":"shipping-taxable","19":"product-type-simple"},"acf":[],"_links":{"self":[{"href":"https:\/\/yotavis.ch\/de\/wp-json\/wp\/v2\/product\/10420","targetHints":{"allow":["GET"]}}],"collection":[{"href":"https:\/\/yotavis.ch\/de\/wp-json\/wp\/v2\/product"}],"about":[{"href":"https:\/\/yotavis.ch\/de\/wp-json\/wp\/v2\/types\/product"}],"replies":[{"embeddable":true,"href":"https:\/\/yotavis.ch\/de\/wp-json\/wp\/v2\/comments?post=10420"}],"wp:featuredmedia":[{"embeddable":true,"href":"https:\/\/yotavis.ch\/de\/wp-json\/wp\/v2\/media\/11122"}],"wp:attachment":[{"href":"https:\/\/yotavis.ch\/de\/wp-json\/wp\/v2\/media?parent=10420"}],"wp:term":[{"taxonomy":"product_brand","embeddable":true,"href":"https:\/\/yotavis.ch\/de\/wp-json\/wp\/v2\/product_brand?post=10420"},{"taxonomy":"product_cat","embeddable":true,"href":"https:\/\/yotavis.ch\/de\/wp-json\/wp\/v2\/product_cat?post=10420"},{"taxonomy":"product_tag","embeddable":true,"href":"https:\/\/yotavis.ch\/de\/wp-json\/wp\/v2\/product_tag?post=10420"}],"curies":[{"name":"wp","href":"https:\/\/api.w.org\/{rel}","templated":true}]}}