{"id":10422,"date":"2025-10-09T00:00:00","date_gmt":"2025-10-08T22:00:00","guid":{"rendered":"https:\/\/yotavis.ch\/product\/it-m3135e\/"},"modified":"2026-04-24T13:38:49","modified_gmt":"2026-04-24T11:38:49","slug":"it-m3135e","status":"publish","type":"product","link":"https:\/\/yotavis.ch\/de\/produkt\/it-m3135e\/","title":{"rendered":"IT-M3135E"},"content":{"rendered":"<p>Das ITECH IT-M3135E ist ein Gleichstromnetzteil mit einer maximalen Ausgangsspannung von 600 Volt und einer Stromkapazit\u00e4t von 10 Ampere. Es liefert eine Ausgangsleistung von 1850 Watt \u00fcber einen einzigen Ausgangskanal. Dieses Modell unterst\u00fctzt die Fernsteuerungsfunktionalit\u00e4t, die eine bequeme Bedienung aus der Ferne erm\u00f6glicht. Das Netzteil ist f\u00fcr die Bereitstellung einer stabilen und zuverl\u00e4ssigen Gleichstromversorgung f\u00fcr verschiedene Anwendungen ausgelegt, die bis zu 600 V und 10 A erfordern. Die einzige Ausgangsnummer vereinfacht den Anschluss und die Verwendung in Einrichtungen, in denen nur eine Stromquelle ben\u00f6tigt wird. Das Ger\u00e4t eignet sich f\u00fcr Aufgaben, die eine pr\u00e4zise Steuerung von Spannung und Strom innerhalb der vorgegebenen Grenzen erfordern. Die Kombination seiner Spannungs-, Strom- und Leistungswerte macht es zu einem vielseitigen Werkzeug f\u00fcr das Testen und Versorgen elektronischer Ger\u00e4te.<\/p>","protected":false},"excerpt":{"rendered":"<p>600V\/10A\/1850W DC-Stromversorgung<\/p>","protected":false},"featured_media":11122,"comment_status":"closed","ping_status":"closed","template":"","meta":{"_acf_changed":false,"slim_seo":{"title":"IT-M3135E - YOTAVIS AG","description":"600V\/10A\/1850W DC-Stromversorgung"}},"product_brand":[822],"product_cat":[516,515],"product_tag":[],"class_list":{"0":"post-10422","1":"product","2":"type-product","3":"status-publish","4":"has-post-thumbnail","6":"product_brand-itech","7":"product_cat-dc-source-en","8":"product_cat-power-en","9":"pa_current-a-397","10":"pa_output-number-146","11":"pa_power-w-921","12":"pa_remote-control-yes","13":"pa_voltage-v-920","15":"first","16":"instock","17":"taxable","18":"shipping-taxable","19":"product-type-simple"},"acf":[],"_links":{"self":[{"href":"https:\/\/yotavis.ch\/de\/wp-json\/wp\/v2\/product\/10422","targetHints":{"allow":["GET"]}}],"collection":[{"href":"https:\/\/yotavis.ch\/de\/wp-json\/wp\/v2\/product"}],"about":[{"href":"https:\/\/yotavis.ch\/de\/wp-json\/wp\/v2\/types\/product"}],"replies":[{"embeddable":true,"href":"https:\/\/yotavis.ch\/de\/wp-json\/wp\/v2\/comments?post=10422"}],"wp:featuredmedia":[{"embeddable":true,"href":"https:\/\/yotavis.ch\/de\/wp-json\/wp\/v2\/media\/11122"}],"wp:attachment":[{"href":"https:\/\/yotavis.ch\/de\/wp-json\/wp\/v2\/media?parent=10422"}],"wp:term":[{"taxonomy":"product_brand","embeddable":true,"href":"https:\/\/yotavis.ch\/de\/wp-json\/wp\/v2\/product_brand?post=10422"},{"taxonomy":"product_cat","embeddable":true,"href":"https:\/\/yotavis.ch\/de\/wp-json\/wp\/v2\/product_cat?post=10422"},{"taxonomy":"product_tag","embeddable":true,"href":"https:\/\/yotavis.ch\/de\/wp-json\/wp\/v2\/product_tag?post=10422"}],"curies":[{"name":"wp","href":"https:\/\/api.w.org\/{rel}","templated":true}]}}