{"id":10423,"date":"2025-10-09T00:00:00","date_gmt":"2025-10-08T22:00:00","guid":{"rendered":"https:\/\/yotavis.ch\/product\/it-m3146\/"},"modified":"2026-04-24T13:38:50","modified_gmt":"2026-04-24T11:38:50","slug":"it-m3146","status":"publish","type":"product","link":"https:\/\/yotavis.ch\/de\/produkt\/it-m3146\/","title":{"rendered":"IT-M3146"},"content":{"rendered":"<p>Das ITECH IT-M3146 ist ein Gleichstromnetzteil, das eine maximale Ausgangsleistung von 3000 Watt liefert. Es arbeitet mit einer Spannung von bis zu 1000 Volt und kann einen Strom von bis zu 6 Ampere liefern. Dieses Modell verf\u00fcgt \u00fcber einen einzigen Ausgangskanal, der eine gezielte Leistungsabgabe erm\u00f6glicht. Es unterst\u00fctzt die Fernbedienungsfunktion, so dass der Benutzer das Ger\u00e4t bequem und flexibel aus der Ferne bedienen kann. Das Netzteil ist f\u00fcr hohe Spannungs- und Stromanforderungen ausgelegt und eignet sich daher f\u00fcr verschiedene Anwendungen, die eine stabile und zuverl\u00e4ssige Gleichstromversorgung erfordern. Seine Spezifikationen unterstreichen seine F\u00e4higkeit, gro\u00dfe elektrische Lasten effizient zu verwalten. Die Kombination aus Spannungs-, Strom- und Leistungswerten macht es zu einer robusten L\u00f6sung f\u00fcr den professionellen und industriellen Einsatz.<\/p>","protected":false},"excerpt":{"rendered":"<p>1000V\/6A\/3000W DC power supply<\/p>","protected":false},"featured_media":11122,"comment_status":"closed","ping_status":"closed","template":"","meta":{"_acf_changed":false,"slim_seo":{"title":"IT-M3146 - YOTAVIS AG","description":"1000V\/6A\/3000W DC power supply"}},"product_brand":[822],"product_cat":[516,515],"product_tag":[],"class_list":{"0":"post-10423","1":"product","2":"type-product","3":"status-publish","4":"has-post-thumbnail","6":"product_brand-itech","7":"product_cat-dc-source-en","8":"product_cat-power-en","9":"pa_current-a-399","10":"pa_output-number-146","11":"pa_power-w-632","12":"pa_remote-control-yes","13":"pa_voltage-v-639","15":"first","16":"instock","17":"taxable","18":"shipping-taxable","19":"product-type-simple"},"acf":[],"_links":{"self":[{"href":"https:\/\/yotavis.ch\/de\/wp-json\/wp\/v2\/product\/10423","targetHints":{"allow":["GET"]}}],"collection":[{"href":"https:\/\/yotavis.ch\/de\/wp-json\/wp\/v2\/product"}],"about":[{"href":"https:\/\/yotavis.ch\/de\/wp-json\/wp\/v2\/types\/product"}],"replies":[{"embeddable":true,"href":"https:\/\/yotavis.ch\/de\/wp-json\/wp\/v2\/comments?post=10423"}],"wp:featuredmedia":[{"embeddable":true,"href":"https:\/\/yotavis.ch\/de\/wp-json\/wp\/v2\/media\/11122"}],"wp:attachment":[{"href":"https:\/\/yotavis.ch\/de\/wp-json\/wp\/v2\/media?parent=10423"}],"wp:term":[{"taxonomy":"product_brand","embeddable":true,"href":"https:\/\/yotavis.ch\/de\/wp-json\/wp\/v2\/product_brand?post=10423"},{"taxonomy":"product_cat","embeddable":true,"href":"https:\/\/yotavis.ch\/de\/wp-json\/wp\/v2\/product_cat?post=10423"},{"taxonomy":"product_tag","embeddable":true,"href":"https:\/\/yotavis.ch\/de\/wp-json\/wp\/v2\/product_tag?post=10423"}],"curies":[{"name":"wp","href":"https:\/\/api.w.org\/{rel}","templated":true}]}}