{"id":10425,"date":"2025-10-09T00:00:00","date_gmt":"2025-10-08T22:00:00","guid":{"rendered":"https:\/\/yotavis.ch\/product\/it-m3147\/"},"modified":"2026-04-24T13:38:52","modified_gmt":"2026-04-24T11:38:52","slug":"it-m3147","status":"publish","type":"product","link":"https:\/\/yotavis.ch\/de\/produkt\/it-m3147\/","title":{"rendered":"IT-M3147"},"content":{"rendered":"<p>Das ITECH IT-M3147 ist ein Gleichstromnetzteil mit einer maximalen Ausgangsspannung von 1200 Volt und einer Stromkapazit\u00e4t von 5 Ampere, das eine Gesamtausgangsleistung von 3000 Watt liefert. Es verf\u00fcgt \u00fcber einen einzigen Ausgangskanal, der eine gezielte und kontrollierte Leistungsabgabe erm\u00f6glicht. Dieses Modell unterst\u00fctzt die Fernbedienungsfunktion, so dass der Benutzer das Ger\u00e4t bequem und flexibel aus der Ferne bedienen kann. Das Netzteil ist f\u00fcr hohe Spannungs- und Stromanforderungen ausgelegt und eignet sich daher f\u00fcr verschiedene Anwendungen, die eine stabile und zuverl\u00e4ssige Gleichstromversorgung erfordern. Dank seiner robusten Spezifikationen kann das IT-M3147 den Strombedarf bis zu seinen Nennwerten effizient verwalten. Bei der Konstruktion des Ger\u00e4ts wurde besonderer Wert auf Pr\u00e4zision und Kontrolle gelegt, um eine gleichbleibende Leistung w\u00e4hrend des Betriebs zu gew\u00e4hrleisten. Der IT-M3147 kombiniert eine hohe Ausgangsleistung mit Fernbedienbarkeit in einer Einkanal-Konfiguration.<\/p>","protected":false},"excerpt":{"rendered":"<p>1200V\/5A\/3000W DC-Stromversorgung<\/p>","protected":false},"featured_media":11122,"comment_status":"closed","ping_status":"closed","template":"","meta":{"_acf_changed":false,"slim_seo":{"title":"IT-M3147 - YOTAVIS AG","description":"1200V\/5A\/3000W DC-Stromversorgung"}},"product_brand":[822],"product_cat":[516,515],"product_tag":[],"class_list":{"0":"post-10425","1":"product","2":"type-product","3":"status-publish","4":"has-post-thumbnail","6":"product_brand-itech","7":"product_cat-dc-source-en","8":"product_cat-power-en","9":"pa_current-a-392","10":"pa_output-number-146","11":"pa_power-w-632","12":"pa_remote-control-yes","13":"pa_voltage-v-922","15":"first","16":"instock","17":"taxable","18":"shipping-taxable","19":"product-type-simple"},"acf":[],"_links":{"self":[{"href":"https:\/\/yotavis.ch\/de\/wp-json\/wp\/v2\/product\/10425","targetHints":{"allow":["GET"]}}],"collection":[{"href":"https:\/\/yotavis.ch\/de\/wp-json\/wp\/v2\/product"}],"about":[{"href":"https:\/\/yotavis.ch\/de\/wp-json\/wp\/v2\/types\/product"}],"replies":[{"embeddable":true,"href":"https:\/\/yotavis.ch\/de\/wp-json\/wp\/v2\/comments?post=10425"}],"wp:featuredmedia":[{"embeddable":true,"href":"https:\/\/yotavis.ch\/de\/wp-json\/wp\/v2\/media\/11122"}],"wp:attachment":[{"href":"https:\/\/yotavis.ch\/de\/wp-json\/wp\/v2\/media?parent=10425"}],"wp:term":[{"taxonomy":"product_brand","embeddable":true,"href":"https:\/\/yotavis.ch\/de\/wp-json\/wp\/v2\/product_brand?post=10425"},{"taxonomy":"product_cat","embeddable":true,"href":"https:\/\/yotavis.ch\/de\/wp-json\/wp\/v2\/product_cat?post=10425"},{"taxonomy":"product_tag","embeddable":true,"href":"https:\/\/yotavis.ch\/de\/wp-json\/wp\/v2\/product_tag?post=10425"}],"curies":[{"name":"wp","href":"https:\/\/api.w.org\/{rel}","templated":true}]}}