{"id":10427,"date":"2025-10-09T00:00:00","date_gmt":"2025-10-08T22:00:00","guid":{"rendered":"https:\/\/yotavis.ch\/product\/it-m3223\/"},"modified":"2026-04-24T13:42:29","modified_gmt":"2026-04-24T11:42:29","slug":"it-m3223","status":"publish","type":"product","link":"https:\/\/yotavis.ch\/de\/produkt\/it-m3223\/","title":{"rendered":"IT-M3223"},"content":{"rendered":"<p>Das IT-M3223 von ITECH ist ein Gleichstromnetzteil mit einer Ausgangsleistung von 100 Watt. Es arbeitet mit einer Spannung von 60 Volt und kann einen Strom von bis zu 10 Ampere liefern. Dieses Modell verf\u00fcgt \u00fcber einen einzigen Ausgangskanal, was einen einfachen Anschluss und Gebrauch erm\u00f6glicht. Au\u00dferdem verf\u00fcgt es \u00fcber eine Fernbedienungsfunktion, die es dem Benutzer erm\u00f6glicht, das Ger\u00e4t aus der Ferne zu bedienen. Das Netzteil wurde entwickelt, um eine stabile und zuverl\u00e4ssige Gleichstromversorgung f\u00fcr verschiedene Anwendungen zu gew\u00e4hrleisten, die eine Spannung von bis zu 60 Volt und 10 Ampere erfordern. Dank seines kompakten Designs und seiner spezifischen Ausgangsleistung eignet es sich f\u00fcr Aufgaben, die eine pr\u00e4zise Spannungs- und Stromregelung erfordern. Die mitgelieferte Fernbedienung erh\u00f6ht die Benutzerfreundlichkeit in Umgebungen, in denen der direkte Zugang zum Ger\u00e4t eingeschr\u00e4nkt sein kann.<\/p>","protected":false},"excerpt":{"rendered":"<p>60V\/10A\/100W DC-Stromversorgung<\/p>","protected":false},"featured_media":11126,"comment_status":"closed","ping_status":"closed","template":"","meta":{"_acf_changed":false,"slim_seo":{"title":"IT-M3223 - YOTAVIS AG","description":"60V\/10A\/100W DC-Stromversorgung"}},"product_brand":[822],"product_cat":[516,515],"product_tag":[],"class_list":{"0":"post-10427","1":"product","2":"type-product","3":"status-publish","4":"has-post-thumbnail","6":"product_brand-itech","7":"product_cat-dc-source-en","8":"product_cat-power-en","9":"pa_current-a-397","10":"pa_output-number-146","11":"pa_power-w-481","12":"pa_remote-control-yes","13":"pa_voltage-v-314","15":"first","16":"instock","17":"taxable","18":"shipping-taxable","19":"product-type-simple"},"acf":[],"_links":{"self":[{"href":"https:\/\/yotavis.ch\/de\/wp-json\/wp\/v2\/product\/10427","targetHints":{"allow":["GET"]}}],"collection":[{"href":"https:\/\/yotavis.ch\/de\/wp-json\/wp\/v2\/product"}],"about":[{"href":"https:\/\/yotavis.ch\/de\/wp-json\/wp\/v2\/types\/product"}],"replies":[{"embeddable":true,"href":"https:\/\/yotavis.ch\/de\/wp-json\/wp\/v2\/comments?post=10427"}],"wp:featuredmedia":[{"embeddable":true,"href":"https:\/\/yotavis.ch\/de\/wp-json\/wp\/v2\/media\/11126"}],"wp:attachment":[{"href":"https:\/\/yotavis.ch\/de\/wp-json\/wp\/v2\/media?parent=10427"}],"wp:term":[{"taxonomy":"product_brand","embeddable":true,"href":"https:\/\/yotavis.ch\/de\/wp-json\/wp\/v2\/product_brand?post=10427"},{"taxonomy":"product_cat","embeddable":true,"href":"https:\/\/yotavis.ch\/de\/wp-json\/wp\/v2\/product_cat?post=10427"},{"taxonomy":"product_tag","embeddable":true,"href":"https:\/\/yotavis.ch\/de\/wp-json\/wp\/v2\/product_tag?post=10427"}],"curies":[{"name":"wp","href":"https:\/\/api.w.org\/{rel}","templated":true}]}}