{"id":10428,"date":"2025-10-09T00:00:00","date_gmt":"2025-10-08T22:00:00","guid":{"rendered":"https:\/\/yotavis.ch\/product\/it-m3233\/"},"modified":"2026-04-24T13:42:29","modified_gmt":"2026-04-24T11:42:29","slug":"it-m3233","status":"publish","type":"product","link":"https:\/\/yotavis.ch\/de\/produkt\/it-m3233\/","title":{"rendered":"IT-M3233"},"content":{"rendered":"<p>Das IT-M3233 von ITECH ist ein Gleichstromnetzteil mit einer maximalen Ausgangsleistung von 60 Volt und 10 Ampere, das eine Gesamtleistung von 200 Watt liefert. Es verf\u00fcgt \u00fcber einen einzigen Ausgangskanal, der einen einfachen Anschluss und Betrieb erm\u00f6glicht. Dieses Modell unterst\u00fctzt die Fernbedienungsfunktion, so dass der Benutzer die Einstellungen des Netzteils aus der Ferne vornehmen kann. Das Ger\u00e4t ist f\u00fcr eine konstante Ausgangsleistung ausgelegt und eignet sich daher f\u00fcr verschiedene Anwendungen, die eine stabile Gleichstromversorgung erfordern. Mit seinen spezifizierten Spannungs- und Stromwerten eignet sich das IT-M3233 f\u00fcr eine Reihe von elektronischen Test- und Entwicklungsanforderungen. Die mitgelieferte Fernbedienung verbessert die Nutzbarkeit in automatisierten oder schwer zug\u00e4nglichen Umgebungen. Insgesamt bietet dieses Netzteil eine Reihe von Funktionen, die sich auf die Bereitstellung einer zuverl\u00e4ssigen Gleichstromversorgung mit Fernbedienungsm\u00f6glichkeiten konzentrieren.<\/p>","protected":false},"excerpt":{"rendered":"<p>60V\/10A\/200W DC-Stromversorgung<\/p>","protected":false},"featured_media":11126,"comment_status":"closed","ping_status":"closed","template":"","meta":{"_acf_changed":false,"slim_seo":{"title":"IT-M3233 - YOTAVIS AG","description":"60V\/10A\/200W DC-Stromversorgung"}},"product_brand":[822],"product_cat":[516,515],"product_tag":[],"class_list":{"0":"post-10428","1":"product","2":"type-product","3":"status-publish","4":"has-post-thumbnail","6":"product_brand-itech","7":"product_cat-dc-source-en","8":"product_cat-power-en","9":"pa_current-a-397","10":"pa_output-number-146","11":"pa_power-w-414","12":"pa_remote-control-yes","13":"pa_voltage-v-314","15":"first","16":"instock","17":"taxable","18":"shipping-taxable","19":"product-type-simple"},"acf":[],"_links":{"self":[{"href":"https:\/\/yotavis.ch\/de\/wp-json\/wp\/v2\/product\/10428","targetHints":{"allow":["GET"]}}],"collection":[{"href":"https:\/\/yotavis.ch\/de\/wp-json\/wp\/v2\/product"}],"about":[{"href":"https:\/\/yotavis.ch\/de\/wp-json\/wp\/v2\/types\/product"}],"replies":[{"embeddable":true,"href":"https:\/\/yotavis.ch\/de\/wp-json\/wp\/v2\/comments?post=10428"}],"wp:featuredmedia":[{"embeddable":true,"href":"https:\/\/yotavis.ch\/de\/wp-json\/wp\/v2\/media\/11126"}],"wp:attachment":[{"href":"https:\/\/yotavis.ch\/de\/wp-json\/wp\/v2\/media?parent=10428"}],"wp:term":[{"taxonomy":"product_brand","embeddable":true,"href":"https:\/\/yotavis.ch\/de\/wp-json\/wp\/v2\/product_brand?post=10428"},{"taxonomy":"product_cat","embeddable":true,"href":"https:\/\/yotavis.ch\/de\/wp-json\/wp\/v2\/product_cat?post=10428"},{"taxonomy":"product_tag","embeddable":true,"href":"https:\/\/yotavis.ch\/de\/wp-json\/wp\/v2\/product_tag?post=10428"}],"curies":[{"name":"wp","href":"https:\/\/api.w.org\/{rel}","templated":true}]}}