{"id":10434,"date":"2025-10-09T00:00:00","date_gmt":"2025-10-08T22:00:00","guid":{"rendered":"https:\/\/yotavis.ch\/product\/it-m3322\/"},"modified":"2026-04-24T13:42:31","modified_gmt":"2026-04-24T11:42:31","slug":"it-m3322","status":"publish","type":"product","link":"https:\/\/yotavis.ch\/de\/produkt\/it-m3322\/","title":{"rendered":"IT-M3322"},"content":{"rendered":"<p>Der IT-M3322 von ITECH ist eine regenerative DC-Last, die f\u00fcr eine maximale Spannung von 60 V und einen Strom von 30 A ausgelegt ist und eine Leistung von 400 W liefert. Sie verf\u00fcgt \u00fcber einen einzigen Ausgangskanal, der ein gezieltes und effizientes Lastmanagement erm\u00f6glicht. Das Ger\u00e4t unterst\u00fctzt die Fernbedienungsfunktion, so dass der Benutzer es bequem und sicher aus der Ferne bedienen kann. Die regenerative Last ist f\u00fcr Gleichstromanwendungen ausgelegt und eignet sich daher f\u00fcr verschiedene Pr\u00fcf- und Messszenarien. Bei der Konstruktion wurde besonderer Wert auf eine pr\u00e4zise Steuerung der elektrischen Parameter gelegt, um eine zuverl\u00e4ssige Leistung innerhalb der spezifizierten Spannungs- und Stromgrenzen zu gew\u00e4hrleisten. Das IT-M3322 ist so konstruiert, dass es sich nahtlos in Pr\u00fcfaufbauten integrieren l\u00e4sst, in denen kontrollierte Lastbedingungen erforderlich sind. Seine Spezifikationen unterstreichen seine F\u00e4higkeit, hohe Leistungen zu bew\u00e4ltigen und dabei die Betriebsstabilit\u00e4t aufrechtzuerhalten.<\/p>","protected":false},"excerpt":{"rendered":"<p>60V\/30A\/400W DC R\u00fcckspeiseleistung<\/p>","protected":false},"featured_media":11130,"comment_status":"closed","ping_status":"closed","template":"","meta":{"_acf_changed":false,"slim_seo":{"title":"IT-M3322 - YOTAVIS AG","description":"60V\/30A\/400W DC R\u00fcckspeiseleistung"}},"product_brand":[822],"product_cat":[517,515],"product_tag":[],"class_list":{"0":"post-10434","1":"product","2":"type-product","3":"status-publish","4":"has-post-thumbnail","6":"product_brand-itech","7":"product_cat-dc-load-en","8":"product_cat-power-en","9":"pa_current-a-404","10":"pa_output-number-146","11":"pa_power-w-398","12":"pa_remote-control-yes","13":"pa_voltage-v-314","15":"first","16":"instock","17":"taxable","18":"shipping-taxable","19":"product-type-simple"},"acf":[],"_links":{"self":[{"href":"https:\/\/yotavis.ch\/de\/wp-json\/wp\/v2\/product\/10434","targetHints":{"allow":["GET"]}}],"collection":[{"href":"https:\/\/yotavis.ch\/de\/wp-json\/wp\/v2\/product"}],"about":[{"href":"https:\/\/yotavis.ch\/de\/wp-json\/wp\/v2\/types\/product"}],"replies":[{"embeddable":true,"href":"https:\/\/yotavis.ch\/de\/wp-json\/wp\/v2\/comments?post=10434"}],"wp:featuredmedia":[{"embeddable":true,"href":"https:\/\/yotavis.ch\/de\/wp-json\/wp\/v2\/media\/11130"}],"wp:attachment":[{"href":"https:\/\/yotavis.ch\/de\/wp-json\/wp\/v2\/media?parent=10434"}],"wp:term":[{"taxonomy":"product_brand","embeddable":true,"href":"https:\/\/yotavis.ch\/de\/wp-json\/wp\/v2\/product_brand?post=10434"},{"taxonomy":"product_cat","embeddable":true,"href":"https:\/\/yotavis.ch\/de\/wp-json\/wp\/v2\/product_cat?post=10434"},{"taxonomy":"product_tag","embeddable":true,"href":"https:\/\/yotavis.ch\/de\/wp-json\/wp\/v2\/product_tag?post=10434"}],"curies":[{"name":"wp","href":"https:\/\/api.w.org\/{rel}","templated":true}]}}