{"id":10438,"date":"2025-10-09T00:00:00","date_gmt":"2025-10-08T22:00:00","guid":{"rendered":"https:\/\/yotavis.ch\/product\/it-m3333\/"},"modified":"2026-04-24T13:42:32","modified_gmt":"2026-04-24T11:42:32","slug":"it-m3333","status":"publish","type":"product","link":"https:\/\/yotavis.ch\/de\/produkt\/it-m3333\/","title":{"rendered":"IT-M3333"},"content":{"rendered":"<p>Die ITECH IT-M3333 ist eine regenerative DC-Last, die f\u00fcr eine maximale Spannung von 150 V und einen Strom von 12 A ausgelegt ist und eine Leistung von 800 W liefert. Sie verf\u00fcgt \u00fcber einen einzigen Ausgangskanal, der einen konzentrierten und effizienten Betrieb erm\u00f6glicht. Das Ger\u00e4t ist fernbedienbar, so dass der Benutzer es bequem und flexibel aus der Ferne bedienen kann. Die regenerative Last eignet sich f\u00fcr Anwendungen, die eine pr\u00e4zise Steuerung der Gleichstromleistung mit der F\u00e4higkeit zur Energier\u00fcckgewinnung erfordern. Ihre Spezifikationen unterstreichen ihre F\u00e4higkeit, gro\u00dfe elektrische Lasten zu verwalten und dabei die Betriebsstabilit\u00e4t aufrechtzuerhalten. Durch die Kombination von Spannungs-, Strom- und Leistungswerten eignet sie sich f\u00fcr verschiedene Pr\u00fcf- und Messszenarien, bei denen eine kontrollierte DC-Last erforderlich ist. Durch die M\u00f6glichkeit der Fernsteuerung wird die Verwendbarkeit in automatisierten oder komplexen Pr\u00fcfumgebungen verbessert.<\/p>","protected":false},"excerpt":{"rendered":"<p>150V\/12A\/800W DC R\u00fcckspeiseleistung<\/p>","protected":false},"featured_media":11130,"comment_status":"closed","ping_status":"closed","template":"","meta":{"_acf_changed":false,"slim_seo":{"title":"IT-M3333 - YOTAVIS AG","description":"150V\/12A\/800W DC R\u00fcckspeiseleistung"}},"product_brand":[822],"product_cat":[517,515],"product_tag":[],"class_list":{"0":"post-10438","1":"product","2":"type-product","3":"status-publish","4":"has-post-thumbnail","6":"product_brand-itech","7":"product_cat-dc-load-en","8":"product_cat-power-en","9":"pa_current-a-578","10":"pa_output-number-146","11":"pa_power-w-556","12":"pa_remote-control-yes","13":"pa_voltage-v-150","15":"first","16":"instock","17":"taxable","18":"shipping-taxable","19":"product-type-simple"},"acf":[],"_links":{"self":[{"href":"https:\/\/yotavis.ch\/de\/wp-json\/wp\/v2\/product\/10438","targetHints":{"allow":["GET"]}}],"collection":[{"href":"https:\/\/yotavis.ch\/de\/wp-json\/wp\/v2\/product"}],"about":[{"href":"https:\/\/yotavis.ch\/de\/wp-json\/wp\/v2\/types\/product"}],"replies":[{"embeddable":true,"href":"https:\/\/yotavis.ch\/de\/wp-json\/wp\/v2\/comments?post=10438"}],"wp:featuredmedia":[{"embeddable":true,"href":"https:\/\/yotavis.ch\/de\/wp-json\/wp\/v2\/media\/11130"}],"wp:attachment":[{"href":"https:\/\/yotavis.ch\/de\/wp-json\/wp\/v2\/media?parent=10438"}],"wp:term":[{"taxonomy":"product_brand","embeddable":true,"href":"https:\/\/yotavis.ch\/de\/wp-json\/wp\/v2\/product_brand?post=10438"},{"taxonomy":"product_cat","embeddable":true,"href":"https:\/\/yotavis.ch\/de\/wp-json\/wp\/v2\/product_cat?post=10438"},{"taxonomy":"product_tag","embeddable":true,"href":"https:\/\/yotavis.ch\/de\/wp-json\/wp\/v2\/product_tag?post=10438"}],"curies":[{"name":"wp","href":"https:\/\/api.w.org\/{rel}","templated":true}]}}