{"id":10440,"date":"2025-10-09T00:00:00","date_gmt":"2025-10-08T22:00:00","guid":{"rendered":"https:\/\/yotavis.ch\/product\/it-m3324\/"},"modified":"2026-04-24T13:42:33","modified_gmt":"2026-04-24T11:42:33","slug":"it-m3324","status":"publish","type":"product","link":"https:\/\/yotavis.ch\/de\/produkt\/it-m3324\/","title":{"rendered":"IT-M3324"},"content":{"rendered":"<p>Die ITECH IT-M3324 ist eine regenerative DC-Last, die f\u00fcr eine maximale Leistung von 400 Watt ausgelegt ist. Sie arbeitet mit einer Spannung von bis zu 300 Volt und unterst\u00fctzt einen Strom von 6 Ampere. Dieses Modell verf\u00fcgt \u00fcber einen einzigen Ausgangskanal, der gezielte und kontrollierte Lasttests erm\u00f6glicht. Es ist mit einer Fernbedienung ausgestattet, die es dem Benutzer erm\u00f6glicht, das Ger\u00e4t bequem und sicher aus der Ferne zu bedienen. Das Ger\u00e4t eignet sich f\u00fcr Anwendungen, die ein pr\u00e4zises DC-Lastmanagement innerhalb der angegebenen Spannungs- und Stromgrenzen erfordern. Seine R\u00fcckspeisefunktion erm\u00f6glicht die Energier\u00fcckgewinnung w\u00e4hrend des Betriebs und erh\u00f6ht so die Effizienz. Das IT-M3324 ist mit seinen definierten Leistungs-, Spannungs- und Stromspezifikationen f\u00fcr spezifische elektrische Pr\u00fcfanforderungen ausgelegt.<\/p>","protected":false},"excerpt":{"rendered":"<p>300V\/6A\/400W DC R\u00fcckspeiseleistung<\/p>","protected":false},"featured_media":11130,"comment_status":"closed","ping_status":"closed","template":"","meta":{"_acf_changed":false,"slim_seo":{"title":"IT-M3324 - YOTAVIS AG","description":"300V\/6A\/400W DC R\u00fcckspeiseleistung"}},"product_brand":[822],"product_cat":[517,515],"product_tag":[],"class_list":{"0":"post-10440","1":"product","2":"type-product","3":"status-publish","4":"has-post-thumbnail","6":"product_brand-itech","7":"product_cat-dc-load-en","8":"product_cat-power-en","9":"pa_current-a-399","10":"pa_output-number-146","11":"pa_power-w-398","12":"pa_remote-control-yes","13":"pa_voltage-v-624","15":"first","16":"instock","17":"taxable","18":"shipping-taxable","19":"product-type-simple"},"acf":[],"_links":{"self":[{"href":"https:\/\/yotavis.ch\/de\/wp-json\/wp\/v2\/product\/10440","targetHints":{"allow":["GET"]}}],"collection":[{"href":"https:\/\/yotavis.ch\/de\/wp-json\/wp\/v2\/product"}],"about":[{"href":"https:\/\/yotavis.ch\/de\/wp-json\/wp\/v2\/types\/product"}],"replies":[{"embeddable":true,"href":"https:\/\/yotavis.ch\/de\/wp-json\/wp\/v2\/comments?post=10440"}],"wp:featuredmedia":[{"embeddable":true,"href":"https:\/\/yotavis.ch\/de\/wp-json\/wp\/v2\/media\/11130"}],"wp:attachment":[{"href":"https:\/\/yotavis.ch\/de\/wp-json\/wp\/v2\/media?parent=10440"}],"wp:term":[{"taxonomy":"product_brand","embeddable":true,"href":"https:\/\/yotavis.ch\/de\/wp-json\/wp\/v2\/product_brand?post=10440"},{"taxonomy":"product_cat","embeddable":true,"href":"https:\/\/yotavis.ch\/de\/wp-json\/wp\/v2\/product_cat?post=10440"},{"taxonomy":"product_tag","embeddable":true,"href":"https:\/\/yotavis.ch\/de\/wp-json\/wp\/v2\/product_tag?post=10440"}],"curies":[{"name":"wp","href":"https:\/\/api.w.org\/{rel}","templated":true}]}}