{"id":10444,"date":"2025-10-09T00:00:00","date_gmt":"2025-10-08T22:00:00","guid":{"rendered":"https:\/\/yotavis.ch\/product\/it-m3335\/"},"modified":"2026-04-24T13:42:35","modified_gmt":"2026-04-24T11:42:35","slug":"it-m3335","status":"publish","type":"product","link":"https:\/\/yotavis.ch\/de\/produkt\/it-m3335\/","title":{"rendered":"IT-M3335"},"content":{"rendered":"<p>Die ITECH IT-M3335 ist eine regenerative DC-Last, die f\u00fcr eine maximale Leistung von 800 Watt ausgelegt ist. Sie arbeitet mit einer Spannung von bis zu 600 Volt und unterst\u00fctzt einen Strom von 3 Ampere. Dieses Modell verf\u00fcgt \u00fcber einen einzigen Ausgang, der einen einfachen Anschluss und Betrieb erm\u00f6glicht. Eine Fernbedienung ist im Lieferumfang enthalten, so dass der Benutzer das Ger\u00e4t bequem aus der Ferne steuern kann. Der IT-M3335 eignet sich f\u00fcr Anwendungen, die eine pr\u00e4zise Steuerung von Gleichstromlasten innerhalb der angegebenen Spannungs- und Stromgrenzen erfordern. Seine R\u00fcckspeisefunktion erm\u00f6glicht die R\u00fcckspeisung von Energie in die Stromquelle und erh\u00f6ht so die Effizienz bei Pr\u00fcfprozessen. Dieses Ger\u00e4t wurde entwickelt, um die Anforderungen verschiedener elektrischer Pr\u00fcfumgebungen zu erf\u00fcllen, in denen eine kontrollierte Gleichstrombelastung erforderlich ist.<\/p>","protected":false},"excerpt":{"rendered":"<p>600V\/3A\/800W DC R\u00fcckspeiseleistung<\/p>","protected":false},"featured_media":11130,"comment_status":"closed","ping_status":"closed","template":"","meta":{"_acf_changed":false,"slim_seo":{"title":"IT-M3335 - YOTAVIS AG","description":"600V\/3A\/800W DC R\u00fcckspeiseleistung"}},"product_brand":[822],"product_cat":[517,515],"product_tag":[],"class_list":{"0":"post-10444","1":"product","2":"type-product","3":"status-publish","4":"has-post-thumbnail","6":"product_brand-itech","7":"product_cat-dc-load-en","8":"product_cat-power-en","9":"pa_current-a-485","10":"pa_output-number-146","11":"pa_power-w-556","12":"pa_remote-control-yes","13":"pa_voltage-v-920","15":"first","16":"instock","17":"taxable","18":"shipping-taxable","19":"product-type-simple"},"acf":[],"_links":{"self":[{"href":"https:\/\/yotavis.ch\/de\/wp-json\/wp\/v2\/product\/10444","targetHints":{"allow":["GET"]}}],"collection":[{"href":"https:\/\/yotavis.ch\/de\/wp-json\/wp\/v2\/product"}],"about":[{"href":"https:\/\/yotavis.ch\/de\/wp-json\/wp\/v2\/types\/product"}],"replies":[{"embeddable":true,"href":"https:\/\/yotavis.ch\/de\/wp-json\/wp\/v2\/comments?post=10444"}],"wp:featuredmedia":[{"embeddable":true,"href":"https:\/\/yotavis.ch\/de\/wp-json\/wp\/v2\/media\/11130"}],"wp:attachment":[{"href":"https:\/\/yotavis.ch\/de\/wp-json\/wp\/v2\/media?parent=10444"}],"wp:term":[{"taxonomy":"product_brand","embeddable":true,"href":"https:\/\/yotavis.ch\/de\/wp-json\/wp\/v2\/product_brand?post=10444"},{"taxonomy":"product_cat","embeddable":true,"href":"https:\/\/yotavis.ch\/de\/wp-json\/wp\/v2\/product_cat?post=10444"},{"taxonomy":"product_tag","embeddable":true,"href":"https:\/\/yotavis.ch\/de\/wp-json\/wp\/v2\/product_tag?post=10444"}],"curies":[{"name":"wp","href":"https:\/\/api.w.org\/{rel}","templated":true}]}}