{"id":10445,"date":"2025-10-09T00:00:00","date_gmt":"2025-10-08T22:00:00","guid":{"rendered":"https:\/\/yotavis.ch\/product\/it-m3412\/"},"modified":"2026-04-24T13:42:35","modified_gmt":"2026-04-24T11:42:35","slug":"it-m3412","status":"publish","type":"product","link":"https:\/\/yotavis.ch\/de\/produkt\/it-m3412\/","title":{"rendered":"IT-M3412"},"content":{"rendered":"<p>Das IT-M3412 von ITECH ist ein bidirektionales DC-Netzteil, das nahtlos sowohl Leistung aufnehmen als auch abgeben kann. Es arbeitet mit einer maximalen Spannung von 60 V und einem Strom von 30 A und liefert eine Ausgangsleistung von 200 W. Dieses Modell verf\u00fcgt \u00fcber einen einzigen Ausgangskanal, was eine einfache Integration in verschiedene Test- und Entwicklungsumgebungen erm\u00f6glicht. Es wird eine Fernsteuerungsfunktion unterst\u00fctzt, die es dem Benutzer erm\u00f6glicht, das Ger\u00e4t bequem und sicher aus der Ferne zu bedienen. Das Design gew\u00e4hrleistet ein effizientes Powermanagement mit der M\u00f6glichkeit, ohne Unterbrechung zwischen Source- und Sink-Modus zu wechseln. Dieses Netzger\u00e4t eignet sich f\u00fcr Anwendungen, die eine pr\u00e4zise Steuerung von Spannung und Strom innerhalb der angegebenen Bereiche erfordern. Seine F\u00e4higkeiten machen es zu einem vielseitigen Werkzeug f\u00fcr elektrische Testumgebungen, in denen ein bidirektionaler Stromfluss erforderlich ist.<\/p>","protected":false},"excerpt":{"rendered":"<p>60V\/30A\/200W bidirektionale DC-Stromversorgung (Quelle und Senke schalten nahtlos)<\/p>","protected":false},"featured_media":11151,"comment_status":"closed","ping_status":"closed","template":"","meta":{"_acf_changed":false,"slim_seo":{"title":"IT-M3412 - YOTAVIS AG","description":"60V\/30A\/200W bidirektionale DC-Stromversorgung (Quelle und Senke schalten nahtlos)"}},"product_brand":[822],"product_cat":[546,515],"product_tag":[],"class_list":{"0":"post-10445","1":"product","2":"type-product","3":"status-publish","4":"has-post-thumbnail","6":"product_brand-itech","7":"product_cat-dc-2-quadrants-en","8":"product_cat-power-en","9":"pa_current-a-404","10":"pa_output-number-146","11":"pa_power-w-414","12":"pa_remote-control-yes","13":"pa_voltage-v-314","15":"first","16":"instock","17":"taxable","18":"shipping-taxable","19":"product-type-simple"},"acf":[],"_links":{"self":[{"href":"https:\/\/yotavis.ch\/de\/wp-json\/wp\/v2\/product\/10445","targetHints":{"allow":["GET"]}}],"collection":[{"href":"https:\/\/yotavis.ch\/de\/wp-json\/wp\/v2\/product"}],"about":[{"href":"https:\/\/yotavis.ch\/de\/wp-json\/wp\/v2\/types\/product"}],"replies":[{"embeddable":true,"href":"https:\/\/yotavis.ch\/de\/wp-json\/wp\/v2\/comments?post=10445"}],"wp:featuredmedia":[{"embeddable":true,"href":"https:\/\/yotavis.ch\/de\/wp-json\/wp\/v2\/media\/11151"}],"wp:attachment":[{"href":"https:\/\/yotavis.ch\/de\/wp-json\/wp\/v2\/media?parent=10445"}],"wp:term":[{"taxonomy":"product_brand","embeddable":true,"href":"https:\/\/yotavis.ch\/de\/wp-json\/wp\/v2\/product_brand?post=10445"},{"taxonomy":"product_cat","embeddable":true,"href":"https:\/\/yotavis.ch\/de\/wp-json\/wp\/v2\/product_cat?post=10445"},{"taxonomy":"product_tag","embeddable":true,"href":"https:\/\/yotavis.ch\/de\/wp-json\/wp\/v2\/product_tag?post=10445"}],"curies":[{"name":"wp","href":"https:\/\/api.w.org\/{rel}","templated":true}]}}