{"id":10448,"date":"2025-10-09T00:00:00","date_gmt":"2025-10-08T22:00:00","guid":{"rendered":"https:\/\/yotavis.ch\/product\/it-m3413\/"},"modified":"2026-04-24T13:42:38","modified_gmt":"2026-04-24T11:42:38","slug":"it-m3413","status":"publish","type":"product","link":"https:\/\/yotavis.ch\/de\/produkt\/it-m3413\/","title":{"rendered":"IT-M3413"},"content":{"rendered":"<p>Das IT-M3413 von ITECH ist ein bidirektionales Gleichstromnetzteil, das nahtlos sowohl Strom aufnehmen als auch abnehmen kann. Es arbeitet mit einer maximalen Spannung von 150 Volt und kann bis zu 12 Ampere Strom liefern, was eine Ausgangsleistung von 200 Watt ergibt. Dieses Modell verf\u00fcgt \u00fcber einen einzigen Ausgangskanal, was eine einfache Integration in verschiedene Test- und Entwicklungsumgebungen erm\u00f6glicht. Es verf\u00fcgt \u00fcber eine Fernsteuerungsfunktion, die es dem Benutzer erm\u00f6glicht, das Ger\u00e4t aus der Ferne zu bedienen, was zus\u00e4tzlichen Komfort und Flexibilit\u00e4t bietet. Die nahtlose Umschaltung zwischen Quellen- und Senkenmodus gew\u00e4hrleistet einen kontinuierlichen Betrieb ohne Unterbrechung. Der IT-M3413 wurde f\u00fcr eine Reihe von Anwendungen entwickelt, die ein pr\u00e4zises DC-Leistungsmanagement erfordern, und unterst\u00fctzt eine effiziente Leistungsabgabe und -aufnahme. Aufgrund seiner Spezifikationen eignet er sich f\u00fcr Aufgaben, die eine zuverl\u00e4ssige und stabile bidirektionale Stromversorgungsleistung erfordern.<\/p>","protected":false},"excerpt":{"rendered":"<p>150V\/12A\/200W bidirektionale DC-Stromversorgung (Quelle und Senke schalten nahtlos)<\/p>","protected":false},"featured_media":11151,"comment_status":"closed","ping_status":"closed","template":"","meta":{"_acf_changed":false,"slim_seo":{"title":"IT-M3413 - YOTAVIS AG","description":"150V\/12A\/200W bidirektionale DC-Stromversorgung (Quelle und Senke schalten nahtlos)"}},"product_brand":[822],"product_cat":[546,515],"product_tag":[],"class_list":{"0":"post-10448","1":"product","2":"type-product","3":"status-publish","4":"has-post-thumbnail","6":"product_brand-itech","7":"product_cat-dc-2-quadrants-en","8":"product_cat-power-en","9":"pa_current-a-578","10":"pa_output-number-146","11":"pa_power-w-414","12":"pa_remote-control-yes","13":"pa_voltage-v-150","15":"first","16":"instock","17":"taxable","18":"shipping-taxable","19":"product-type-simple"},"acf":[],"_links":{"self":[{"href":"https:\/\/yotavis.ch\/de\/wp-json\/wp\/v2\/product\/10448","targetHints":{"allow":["GET"]}}],"collection":[{"href":"https:\/\/yotavis.ch\/de\/wp-json\/wp\/v2\/product"}],"about":[{"href":"https:\/\/yotavis.ch\/de\/wp-json\/wp\/v2\/types\/product"}],"replies":[{"embeddable":true,"href":"https:\/\/yotavis.ch\/de\/wp-json\/wp\/v2\/comments?post=10448"}],"wp:featuredmedia":[{"embeddable":true,"href":"https:\/\/yotavis.ch\/de\/wp-json\/wp\/v2\/media\/11151"}],"wp:attachment":[{"href":"https:\/\/yotavis.ch\/de\/wp-json\/wp\/v2\/media?parent=10448"}],"wp:term":[{"taxonomy":"product_brand","embeddable":true,"href":"https:\/\/yotavis.ch\/de\/wp-json\/wp\/v2\/product_brand?post=10448"},{"taxonomy":"product_cat","embeddable":true,"href":"https:\/\/yotavis.ch\/de\/wp-json\/wp\/v2\/product_cat?post=10448"},{"taxonomy":"product_tag","embeddable":true,"href":"https:\/\/yotavis.ch\/de\/wp-json\/wp\/v2\/product_tag?post=10448"}],"curies":[{"name":"wp","href":"https:\/\/api.w.org\/{rel}","templated":true}]}}