{"id":10451,"date":"2025-10-09T00:00:00","date_gmt":"2025-10-08T22:00:00","guid":{"rendered":"https:\/\/yotavis.ch\/product\/it-m3414\/"},"modified":"2026-04-24T13:42:39","modified_gmt":"2026-04-24T11:42:39","slug":"it-m3414","status":"publish","type":"product","link":"https:\/\/yotavis.ch\/de\/produkt\/it-m3414\/","title":{"rendered":"IT-M3414"},"content":{"rendered":"<p>Das IT-M3414 von ITECH ist ein bidirektionales DC-Netzteil, das nahtlos sowohl Leistung aufnehmen als auch abgeben kann. Es arbeitet mit einer maximalen Spannung von 300 V und einem Strom von 6 A und liefert bis zu 200 W Leistung. Dieses Modell verf\u00fcgt \u00fcber einen einzigen Ausgangskanal und unterst\u00fctzt die Fernsteuerungsfunktionalit\u00e4t, die einen bequemen Betrieb aus der Ferne erm\u00f6glicht. Das Ger\u00e4t ist f\u00fcr den bidirektionalen Leistungsfluss ausgelegt und eignet sich daher f\u00fcr Anwendungen, die sowohl Stromversorgungs- als auch Lastfunktionen erfordern. Die nahtlose Umschaltung zwischen Quellen- und Senkenmodus gew\u00e4hrleistet einen kontinuierlichen Betrieb ohne Unterbrechung. Das Netzteil wurde f\u00fcr die Anforderungen verschiedener Test- und Entwicklungsumgebungen entwickelt, in denen eine pr\u00e4zise Steuerung von Spannung und Strom unerl\u00e4sslich ist.<\/p>","protected":false},"excerpt":{"rendered":"<p>300V\/6A\/200W bidirektionale DC-Stromversorgung (Quelle und Senke schalten nahtlos)<\/p>","protected":false},"featured_media":11151,"comment_status":"closed","ping_status":"closed","template":"","meta":{"_acf_changed":false,"slim_seo":{"title":"IT-M3414 - YOTAVIS AG","description":"300V\/6A\/200W bidirektionale DC-Stromversorgung (Quelle und Senke schalten nahtlos)"}},"product_brand":[822],"product_cat":[546,515],"product_tag":[],"class_list":{"0":"post-10451","1":"product","2":"type-product","3":"status-publish","4":"has-post-thumbnail","6":"product_brand-itech","7":"product_cat-dc-2-quadrants-en","8":"product_cat-power-en","9":"pa_current-a-399","10":"pa_output-number-146","11":"pa_power-w-414","12":"pa_remote-control-yes","13":"pa_voltage-v-624","15":"first","16":"instock","17":"taxable","18":"shipping-taxable","19":"product-type-simple"},"acf":[],"_links":{"self":[{"href":"https:\/\/yotavis.ch\/de\/wp-json\/wp\/v2\/product\/10451","targetHints":{"allow":["GET"]}}],"collection":[{"href":"https:\/\/yotavis.ch\/de\/wp-json\/wp\/v2\/product"}],"about":[{"href":"https:\/\/yotavis.ch\/de\/wp-json\/wp\/v2\/types\/product"}],"replies":[{"embeddable":true,"href":"https:\/\/yotavis.ch\/de\/wp-json\/wp\/v2\/comments?post=10451"}],"wp:featuredmedia":[{"embeddable":true,"href":"https:\/\/yotavis.ch\/de\/wp-json\/wp\/v2\/media\/11151"}],"wp:attachment":[{"href":"https:\/\/yotavis.ch\/de\/wp-json\/wp\/v2\/media?parent=10451"}],"wp:term":[{"taxonomy":"product_brand","embeddable":true,"href":"https:\/\/yotavis.ch\/de\/wp-json\/wp\/v2\/product_brand?post=10451"},{"taxonomy":"product_cat","embeddable":true,"href":"https:\/\/yotavis.ch\/de\/wp-json\/wp\/v2\/product_cat?post=10451"},{"taxonomy":"product_tag","embeddable":true,"href":"https:\/\/yotavis.ch\/de\/wp-json\/wp\/v2\/product_tag?post=10451"}],"curies":[{"name":"wp","href":"https:\/\/api.w.org\/{rel}","templated":true}]}}