{"id":10453,"date":"2025-10-09T00:00:00","date_gmt":"2025-10-08T22:00:00","guid":{"rendered":"https:\/\/yotavis.ch\/product\/it-m3434\/"},"modified":"2026-04-24T13:42:39","modified_gmt":"2026-04-24T11:42:39","slug":"it-m3434","status":"publish","type":"product","link":"https:\/\/yotavis.ch\/de\/produkt\/it-m3434\/","title":{"rendered":"IT-M3434"},"content":{"rendered":"<p>Das IT-M3434 von ITECH ist ein bidirektionales DC-Netzteil, das nahtlos sowohl Leistung aufnehmen als auch abgeben kann. Es arbeitet mit einer maximalen Spannung von 300 V und einem Strom von 6 A und liefert bis zu 800 W Leistung. Dieses Modell verf\u00fcgt \u00fcber einen einzigen Ausgangskanal, was eine einfache Integration in verschiedene Test- und Entwicklungsumgebungen erm\u00f6glicht. Es wird eine Fernsteuerungsfunktion unterst\u00fctzt, die es dem Benutzer erm\u00f6glicht, das Ger\u00e4t aus der Ferne zu bedienen, was den Komfort und die Flexibilit\u00e4t erh\u00f6ht. Das Netzteil ist f\u00fcr einen bidirektionalen Leistungsfluss ausgelegt und eignet sich daher f\u00fcr Anwendungen, die sowohl Leistungsabgabe als auch -aufnahme erfordern. Die nahtlose Umschaltung zwischen Quellen- und Senkenmodus gew\u00e4hrleistet einen kontinuierlichen Betrieb ohne Unterbrechung. Die Kombination dieser Spezifikationen macht das IT-M3434 zu einem vielseitigen Werkzeug f\u00fcr pr\u00e4zise Power-Management-Aufgaben.<\/p>","protected":false},"excerpt":{"rendered":"<p>300V\/6A\/800W bidirektionale DC-Stromversorgung (Quelle und Senke schalten nahtlos)<\/p>","protected":false},"featured_media":11151,"comment_status":"closed","ping_status":"closed","template":"","meta":{"_acf_changed":false,"slim_seo":{"title":"IT-M3434 - YOTAVIS AG","description":"300V\/6A\/800W bidirektionale DC-Stromversorgung (Quelle und Senke schalten nahtlos)"}},"product_brand":[822],"product_cat":[546,515],"product_tag":[],"class_list":{"0":"post-10453","1":"product","2":"type-product","3":"status-publish","4":"has-post-thumbnail","6":"product_brand-itech","7":"product_cat-dc-2-quadrants-en","8":"product_cat-power-en","9":"pa_current-a-399","10":"pa_output-number-146","11":"pa_power-w-556","12":"pa_remote-control-yes","13":"pa_voltage-v-624","15":"first","16":"instock","17":"taxable","18":"shipping-taxable","19":"product-type-simple"},"acf":[],"_links":{"self":[{"href":"https:\/\/yotavis.ch\/de\/wp-json\/wp\/v2\/product\/10453","targetHints":{"allow":["GET"]}}],"collection":[{"href":"https:\/\/yotavis.ch\/de\/wp-json\/wp\/v2\/product"}],"about":[{"href":"https:\/\/yotavis.ch\/de\/wp-json\/wp\/v2\/types\/product"}],"replies":[{"embeddable":true,"href":"https:\/\/yotavis.ch\/de\/wp-json\/wp\/v2\/comments?post=10453"}],"wp:featuredmedia":[{"embeddable":true,"href":"https:\/\/yotavis.ch\/de\/wp-json\/wp\/v2\/media\/11151"}],"wp:attachment":[{"href":"https:\/\/yotavis.ch\/de\/wp-json\/wp\/v2\/media?parent=10453"}],"wp:term":[{"taxonomy":"product_brand","embeddable":true,"href":"https:\/\/yotavis.ch\/de\/wp-json\/wp\/v2\/product_brand?post=10453"},{"taxonomy":"product_cat","embeddable":true,"href":"https:\/\/yotavis.ch\/de\/wp-json\/wp\/v2\/product_cat?post=10453"},{"taxonomy":"product_tag","embeddable":true,"href":"https:\/\/yotavis.ch\/de\/wp-json\/wp\/v2\/product_tag?post=10453"}],"curies":[{"name":"wp","href":"https:\/\/api.w.org\/{rel}","templated":true}]}}