{"id":10454,"date":"2025-10-09T00:00:00","date_gmt":"2025-10-08T22:00:00","guid":{"rendered":"https:\/\/yotavis.ch\/product\/it-m3415\/"},"modified":"2026-04-24T13:42:40","modified_gmt":"2026-04-24T11:42:40","slug":"it-m3415","status":"publish","type":"product","link":"https:\/\/yotavis.ch\/de\/produkt\/it-m3415\/","title":{"rendered":"IT-M3415"},"content":{"rendered":"<p>Das IT-M3415 von ITECH ist ein bidirektionales Gleichstromnetzteil, das nahtlos sowohl Leistung aufnehmen als auch abgeben kann. Es arbeitet mit einer maximalen Spannung von 600 Volt und einem Strom von 3 Ampere und liefert eine Leistung von bis zu 200 Watt. Dieses Modell verf\u00fcgt \u00fcber einen einzigen Ausgangskanal und unterst\u00fctzt die Fernbedienungsfunktion, die eine bequeme Bedienung aus der Ferne erm\u00f6glicht. Das Design gew\u00e4hrleistet ein reibungsloses Umschalten zwischen Quellen- und Senkenmodus und eignet sich daher f\u00fcr Anwendungen, die ein pr\u00e4zises Leistungsmanagement erfordern. Mit seinen robusten Spannungs- und Stromspezifikationen eignet sich das IT-M3415 f\u00fcr eine Vielzahl von Test- und Entwicklungsaufgaben. Die integrierte Fernsteuerung erh\u00f6ht seine Vielseitigkeit in automatisierten oder komplexen Aufbauten. Dieses Netzteil ist so konstruiert, dass es innerhalb seiner spezifizierten elektrischen Parameter eine zuverl\u00e4ssige Leistung erbringt.<\/p>","protected":false},"excerpt":{"rendered":"<p>600V\/3A\/200W bidirektionale DC-Stromversorgung (Quelle und Senke schalten nahtlos)<\/p>","protected":false},"featured_media":11151,"comment_status":"closed","ping_status":"closed","template":"","meta":{"_acf_changed":false,"slim_seo":{"title":"IT-M3415 - YOTAVIS AG","description":"600V\/3A\/200W bidirektionale DC-Stromversorgung (Quelle und Senke schalten nahtlos)"}},"product_brand":[822],"product_cat":[546,515],"product_tag":[],"class_list":{"0":"post-10454","1":"product","2":"type-product","3":"status-publish","4":"has-post-thumbnail","6":"product_brand-itech","7":"product_cat-dc-2-quadrants-en","8":"product_cat-power-en","9":"pa_current-a-485","10":"pa_output-number-146","11":"pa_power-w-414","12":"pa_remote-control-yes","13":"pa_voltage-v-920","15":"first","16":"instock","17":"taxable","18":"shipping-taxable","19":"product-type-simple"},"acf":[],"_links":{"self":[{"href":"https:\/\/yotavis.ch\/de\/wp-json\/wp\/v2\/product\/10454","targetHints":{"allow":["GET"]}}],"collection":[{"href":"https:\/\/yotavis.ch\/de\/wp-json\/wp\/v2\/product"}],"about":[{"href":"https:\/\/yotavis.ch\/de\/wp-json\/wp\/v2\/types\/product"}],"replies":[{"embeddable":true,"href":"https:\/\/yotavis.ch\/de\/wp-json\/wp\/v2\/comments?post=10454"}],"wp:featuredmedia":[{"embeddable":true,"href":"https:\/\/yotavis.ch\/de\/wp-json\/wp\/v2\/media\/11151"}],"wp:attachment":[{"href":"https:\/\/yotavis.ch\/de\/wp-json\/wp\/v2\/media?parent=10454"}],"wp:term":[{"taxonomy":"product_brand","embeddable":true,"href":"https:\/\/yotavis.ch\/de\/wp-json\/wp\/v2\/product_brand?post=10454"},{"taxonomy":"product_cat","embeddable":true,"href":"https:\/\/yotavis.ch\/de\/wp-json\/wp\/v2\/product_cat?post=10454"},{"taxonomy":"product_tag","embeddable":true,"href":"https:\/\/yotavis.ch\/de\/wp-json\/wp\/v2\/product_tag?post=10454"}],"curies":[{"name":"wp","href":"https:\/\/api.w.org\/{rel}","templated":true}]}}