{"id":10455,"date":"2025-10-09T00:00:00","date_gmt":"2025-10-08T22:00:00","guid":{"rendered":"https:\/\/yotavis.ch\/product\/it-m3425\/"},"modified":"2026-04-24T13:42:40","modified_gmt":"2026-04-24T11:42:40","slug":"it-m3425","status":"publish","type":"product","link":"https:\/\/yotavis.ch\/de\/produkt\/it-m3425\/","title":{"rendered":"IT-M3425"},"content":{"rendered":"<p>Das IT-M3425 ist ein bidirektionales Gleichstromnetzteil, das nahtlos sowohl Leistung aufnehmen als auch abgeben kann. Es arbeitet mit einer maximalen Spannung von 600 Volt und einem Strom von 3 Ampere und liefert eine Leistung von bis zu 400 Watt. Dieses Modell verf\u00fcgt \u00fcber einen einzigen Ausgangskanal, was eine einfache Integration in verschiedene Test- und Entwicklungsumgebungen erm\u00f6glicht. Es verf\u00fcgt \u00fcber eine Fernsteuerungsfunktion, die es dem Benutzer erm\u00f6glicht, das Ger\u00e4t aus der Ferne zu bedienen, was zus\u00e4tzlichen Komfort und Flexibilit\u00e4t bietet. Das Netzteil ist f\u00fcr einen bidirektionalen Leistungsfluss ausgelegt und eignet sich daher f\u00fcr Anwendungen, die sowohl Leistungsabgabe als auch -aufnahme erfordern. Die nahtlose Umschaltung zwischen Quellen- und Senkenmodus gew\u00e4hrleistet einen kontinuierlichen Betrieb ohne Unterbrechung. Das IT-M3425 wird von ITECH hergestellt, einer Marke, die f\u00fcr die Herstellung elektronischer Testger\u00e4te bekannt ist.<\/p>","protected":false},"excerpt":{"rendered":"<p>600V\/3A\/400W bidirektionale DC-Stromversorgung (Quelle und Senke schalten nahtlos)<\/p>","protected":false},"featured_media":11151,"comment_status":"closed","ping_status":"closed","template":"","meta":{"_acf_changed":false,"slim_seo":{"title":"IT-M3425 - YOTAVIS AG","description":"600V\/3A\/400W bidirektionale DC-Stromversorgung (Quelle und Senke schalten nahtlos)"}},"product_brand":[822],"product_cat":[546,515],"product_tag":[],"class_list":{"0":"post-10455","1":"product","2":"type-product","3":"status-publish","4":"has-post-thumbnail","6":"product_brand-itech","7":"product_cat-dc-2-quadrants-en","8":"product_cat-power-en","9":"pa_current-a-485","10":"pa_output-number-146","11":"pa_power-w-398","12":"pa_remote-control-yes","13":"pa_voltage-v-920","15":"first","16":"instock","17":"taxable","18":"shipping-taxable","19":"product-type-simple"},"acf":[],"_links":{"self":[{"href":"https:\/\/yotavis.ch\/de\/wp-json\/wp\/v2\/product\/10455","targetHints":{"allow":["GET"]}}],"collection":[{"href":"https:\/\/yotavis.ch\/de\/wp-json\/wp\/v2\/product"}],"about":[{"href":"https:\/\/yotavis.ch\/de\/wp-json\/wp\/v2\/types\/product"}],"replies":[{"embeddable":true,"href":"https:\/\/yotavis.ch\/de\/wp-json\/wp\/v2\/comments?post=10455"}],"wp:featuredmedia":[{"embeddable":true,"href":"https:\/\/yotavis.ch\/de\/wp-json\/wp\/v2\/media\/11151"}],"wp:attachment":[{"href":"https:\/\/yotavis.ch\/de\/wp-json\/wp\/v2\/media?parent=10455"}],"wp:term":[{"taxonomy":"product_brand","embeddable":true,"href":"https:\/\/yotavis.ch\/de\/wp-json\/wp\/v2\/product_brand?post=10455"},{"taxonomy":"product_cat","embeddable":true,"href":"https:\/\/yotavis.ch\/de\/wp-json\/wp\/v2\/product_cat?post=10455"},{"taxonomy":"product_tag","embeddable":true,"href":"https:\/\/yotavis.ch\/de\/wp-json\/wp\/v2\/product_tag?post=10455"}],"curies":[{"name":"wp","href":"https:\/\/api.w.org\/{rel}","templated":true}]}}