{"id":10456,"date":"2025-10-09T00:00:00","date_gmt":"2025-10-08T22:00:00","guid":{"rendered":"https:\/\/yotavis.ch\/product\/it-m3435\/"},"modified":"2026-04-24T13:42:40","modified_gmt":"2026-04-24T11:42:40","slug":"it-m3435","status":"publish","type":"product","link":"https:\/\/yotavis.ch\/de\/produkt\/it-m3435\/","title":{"rendered":"IT-M3435"},"content":{"rendered":"<p>Das IT-M3435 von ITECH ist ein bidirektionales DC-Netzteil, das nahtlos sowohl Leistung aufnehmen als auch abgeben kann. Es arbeitet mit einer maximalen Spannung von 600 V und einem Strom von 3 A und liefert bis zu 800 W Leistung. Dieses Modell verf\u00fcgt \u00fcber einen einzigen Ausgangskanal und unterst\u00fctzt die Fernsteuerungsfunktionalit\u00e4t, die einen bequemen Betrieb aus der Ferne erm\u00f6glicht. Das Ger\u00e4t ist f\u00fcr den bidirektionalen Leistungsfluss ausgelegt und eignet sich daher f\u00fcr Anwendungen, die sowohl Stromversorgungs- als auch Lastfunktionen erfordern. Die nahtlose Umschaltung zwischen Quelle und Senke gew\u00e4hrleistet reibungslose \u00dcberg\u00e4nge w\u00e4hrend des Betriebs. Das Netzteil ist so konzipiert, dass es den Anforderungen verschiedener Test- und Entwicklungsumgebungen gerecht wird, in denen eine pr\u00e4zise Steuerung von Spannung und Strom unerl\u00e4sslich ist.<\/p>","protected":false},"excerpt":{"rendered":"<p>600V\/3A\/800W bidirektionale DC-Stromversorgung (Quelle und Senke schalten nahtlos)<\/p>","protected":false},"featured_media":11151,"comment_status":"closed","ping_status":"closed","template":"","meta":{"_acf_changed":false,"slim_seo":{"title":"IT-M3435 - YOTAVIS AG","description":"600V\/3A\/800W bidirektionale DC-Stromversorgung (Quelle und Senke schalten nahtlos)"}},"product_brand":[822],"product_cat":[546,515],"product_tag":[],"class_list":{"0":"post-10456","1":"product","2":"type-product","3":"status-publish","4":"has-post-thumbnail","6":"product_brand-itech","7":"product_cat-dc-2-quadrants-en","8":"product_cat-power-en","9":"pa_current-a-485","10":"pa_output-number-146","11":"pa_power-w-556","12":"pa_remote-control-yes","13":"pa_voltage-v-920","15":"first","16":"instock","17":"taxable","18":"shipping-taxable","19":"product-type-simple"},"acf":[],"_links":{"self":[{"href":"https:\/\/yotavis.ch\/de\/wp-json\/wp\/v2\/product\/10456","targetHints":{"allow":["GET"]}}],"collection":[{"href":"https:\/\/yotavis.ch\/de\/wp-json\/wp\/v2\/product"}],"about":[{"href":"https:\/\/yotavis.ch\/de\/wp-json\/wp\/v2\/types\/product"}],"replies":[{"embeddable":true,"href":"https:\/\/yotavis.ch\/de\/wp-json\/wp\/v2\/comments?post=10456"}],"wp:featuredmedia":[{"embeddable":true,"href":"https:\/\/yotavis.ch\/de\/wp-json\/wp\/v2\/media\/11151"}],"wp:attachment":[{"href":"https:\/\/yotavis.ch\/de\/wp-json\/wp\/v2\/media?parent=10456"}],"wp:term":[{"taxonomy":"product_brand","embeddable":true,"href":"https:\/\/yotavis.ch\/de\/wp-json\/wp\/v2\/product_brand?post=10456"},{"taxonomy":"product_cat","embeddable":true,"href":"https:\/\/yotavis.ch\/de\/wp-json\/wp\/v2\/product_cat?post=10456"},{"taxonomy":"product_tag","embeddable":true,"href":"https:\/\/yotavis.ch\/de\/wp-json\/wp\/v2\/product_tag?post=10456"}],"curies":[{"name":"wp","href":"https:\/\/api.w.org\/{rel}","templated":true}]}}