{"id":10458,"date":"2025-10-09T00:00:00","date_gmt":"2025-10-08T22:00:00","guid":{"rendered":"https:\/\/yotavis.ch\/product\/it-m3622\/"},"modified":"2026-04-24T13:42:41","modified_gmt":"2026-04-24T11:42:41","slug":"it-m3622","status":"publish","type":"product","link":"https:\/\/yotavis.ch\/de\/produkt\/it-m3622\/","title":{"rendered":"IT-M3622"},"content":{"rendered":"<p>Das IT-M3622 von ITECH ist ein regeneratives Stromversorgungssystem, das f\u00fcr den Betrieb mit 60 Volt und 30 Ampere ausgelegt ist und eine Ausgangsleistung von 400 Watt liefert. Es verf\u00fcgt \u00fcber einen einzigen Ausgangskanal und unterst\u00fctzt die Fernbedienungsfunktion, die eine bequeme Bedienung aus der Ferne erm\u00f6glicht. Das System arbeitet in zwei Modi: SOURCE-Modus, der ein nahtloses Umschalten zwischen Quellen- und Senkenfunktionen erm\u00f6glicht, und ein unabh\u00e4ngiger LOAD-Modus, der regenerativen Betrieb unterst\u00fctzt. Dieses Design erm\u00f6glicht ein effizientes Energiemanagement durch R\u00fcckgewinnung der Leistung unter Lastbedingungen. Der Baustein ist auf eine pr\u00e4zise Leistungsumwandlung ausgelegt und eignet sich daher f\u00fcr Anwendungen, die kontrollierte Spannungs- und Strompegel erfordern. Seine R\u00fcckspeisef\u00e4higkeit tr\u00e4gt zu Energieeinsparungen und Systemeffizienz bei. Das IT-M3622 ist ein vielseitiges Stromversorgungssystem, das fortschrittliche Steuerungsfunktionen integriert, um spezifische Stromversorgungs- und Lastanforderungen zu erf\u00fcllen.<\/p>","protected":false},"excerpt":{"rendered":"<p>60V\/30A\/400W regeneratives Stromversorgungssystem (SOURCE-Modus: Quelle und Senke schalten nahtlos \/ unabh\u00e4ngiger LOAD-Modus: regenerativ)<\/p>","protected":false},"featured_media":11157,"comment_status":"closed","ping_status":"closed","template":"","meta":{"_acf_changed":false,"slim_seo":{"title":"IT-M3622 - YOTAVIS AG","description":"60V\/30A\/400W regeneratives Stromversorgungssystem (SOURCE-Modus: Quelle und Senke schalten nahtlos \/ unabh\u00e4ngiger LOAD-Modus: regenerativ)"}},"product_brand":[822],"product_cat":[546,515],"product_tag":[],"class_list":{"0":"post-10458","1":"product","2":"type-product","3":"status-publish","4":"has-post-thumbnail","6":"product_brand-itech","7":"product_cat-dc-2-quadrants-en","8":"product_cat-power-en","9":"pa_current-a-404","10":"pa_output-number-146","11":"pa_power-w-398","12":"pa_remote-control-yes","13":"pa_voltage-v-314","15":"first","16":"instock","17":"taxable","18":"shipping-taxable","19":"product-type-simple"},"acf":[],"_links":{"self":[{"href":"https:\/\/yotavis.ch\/de\/wp-json\/wp\/v2\/product\/10458","targetHints":{"allow":["GET"]}}],"collection":[{"href":"https:\/\/yotavis.ch\/de\/wp-json\/wp\/v2\/product"}],"about":[{"href":"https:\/\/yotavis.ch\/de\/wp-json\/wp\/v2\/types\/product"}],"replies":[{"embeddable":true,"href":"https:\/\/yotavis.ch\/de\/wp-json\/wp\/v2\/comments?post=10458"}],"wp:featuredmedia":[{"embeddable":true,"href":"https:\/\/yotavis.ch\/de\/wp-json\/wp\/v2\/media\/11157"}],"wp:attachment":[{"href":"https:\/\/yotavis.ch\/de\/wp-json\/wp\/v2\/media?parent=10458"}],"wp:term":[{"taxonomy":"product_brand","embeddable":true,"href":"https:\/\/yotavis.ch\/de\/wp-json\/wp\/v2\/product_brand?post=10458"},{"taxonomy":"product_cat","embeddable":true,"href":"https:\/\/yotavis.ch\/de\/wp-json\/wp\/v2\/product_cat?post=10458"},{"taxonomy":"product_tag","embeddable":true,"href":"https:\/\/yotavis.ch\/de\/wp-json\/wp\/v2\/product_tag?post=10458"}],"curies":[{"name":"wp","href":"https:\/\/api.w.org\/{rel}","templated":true}]}}