{"id":10462,"date":"2025-10-09T00:00:00","date_gmt":"2025-10-08T22:00:00","guid":{"rendered":"https:\/\/yotavis.ch\/product\/it-m3633\/"},"modified":"2026-04-24T13:42:42","modified_gmt":"2026-04-24T11:42:42","slug":"it-m3633","status":"publish","type":"product","link":"https:\/\/yotavis.ch\/de\/produkt\/it-m3633\/","title":{"rendered":"IT-M3633"},"content":{"rendered":"<p>Das IT-M3633 von ITECH ist ein regeneratives Stromversorgungssystem, das f\u00fcr den Betrieb bei 150 Volt und 12 Ampere ausgelegt ist und eine Ausgangsleistung von 800 Watt liefert. Es verf\u00fcgt \u00fcber einen einzigen Ausgangskanal und unterst\u00fctzt sowohl den Quellen- als auch den Senkenmodus mit nahtloser Umschaltung, was einen unabh\u00e4ngigen, regenerativen Lastbetrieb erm\u00f6glicht. Dieses System ist mit einer Fernsteuerungsfunktion ausgestattet, die es dem Benutzer erm\u00f6glicht, den Betrieb aus der Ferne zu steuern. Das Design konzentriert sich auf ein effizientes Energiemanagement, indem es die R\u00fcckspeisung von Energie in das System w\u00e4hrend des Lastbetriebs erm\u00f6glicht. Dank seiner F\u00e4higkeit, ohne Unterbrechung zwischen Leistungsaufnahme und -abgabe umzuschalten, eignet sich das System f\u00fcr Anwendungen, die eine pr\u00e4zise Leistungssteuerung erfordern. Das IT-M3633 kombiniert diese Eigenschaften zu einer vielseitigen L\u00f6sung f\u00fcr die Leistungspr\u00fcfung und -verwaltung.<\/p>","protected":false},"excerpt":{"rendered":"<p>150V\/12A\/800W regeneratives Stromversorgungssystem (SOURCE-Modus: Quelle und Senke schalten nahtlos \/ unabh\u00e4ngiger LOAD-Modus: regenerativ)<\/p>","protected":false},"featured_media":11157,"comment_status":"closed","ping_status":"closed","template":"","meta":{"_acf_changed":false,"slim_seo":{"title":"IT-M3633 - YOTAVIS AG","description":"150V\/12A\/800W regeneratives Stromversorgungssystem (SOURCE-Modus: Quelle und Senke schalten nahtlos \/ unabh\u00e4ngiger LOAD-Modus: regenerativ)"}},"product_brand":[822],"product_cat":[546,515],"product_tag":[],"class_list":{"0":"post-10462","1":"product","2":"type-product","3":"status-publish","4":"has-post-thumbnail","6":"product_brand-itech","7":"product_cat-dc-2-quadrants-en","8":"product_cat-power-en","9":"pa_current-a-578","10":"pa_output-number-146","11":"pa_power-w-556","12":"pa_remote-control-yes","13":"pa_voltage-v-150","15":"first","16":"instock","17":"taxable","18":"shipping-taxable","19":"product-type-simple"},"acf":[],"_links":{"self":[{"href":"https:\/\/yotavis.ch\/de\/wp-json\/wp\/v2\/product\/10462","targetHints":{"allow":["GET"]}}],"collection":[{"href":"https:\/\/yotavis.ch\/de\/wp-json\/wp\/v2\/product"}],"about":[{"href":"https:\/\/yotavis.ch\/de\/wp-json\/wp\/v2\/types\/product"}],"replies":[{"embeddable":true,"href":"https:\/\/yotavis.ch\/de\/wp-json\/wp\/v2\/comments?post=10462"}],"wp:featuredmedia":[{"embeddable":true,"href":"https:\/\/yotavis.ch\/de\/wp-json\/wp\/v2\/media\/11157"}],"wp:attachment":[{"href":"https:\/\/yotavis.ch\/de\/wp-json\/wp\/v2\/media?parent=10462"}],"wp:term":[{"taxonomy":"product_brand","embeddable":true,"href":"https:\/\/yotavis.ch\/de\/wp-json\/wp\/v2\/product_brand?post=10462"},{"taxonomy":"product_cat","embeddable":true,"href":"https:\/\/yotavis.ch\/de\/wp-json\/wp\/v2\/product_cat?post=10462"},{"taxonomy":"product_tag","embeddable":true,"href":"https:\/\/yotavis.ch\/de\/wp-json\/wp\/v2\/product_tag?post=10462"}],"curies":[{"name":"wp","href":"https:\/\/api.w.org\/{rel}","templated":true}]}}