{"id":10464,"date":"2025-10-09T00:00:00","date_gmt":"2025-10-08T22:00:00","guid":{"rendered":"https:\/\/yotavis.ch\/product\/it-m3624\/"},"modified":"2026-04-24T13:42:43","modified_gmt":"2026-04-24T11:42:43","slug":"it-m3624","status":"publish","type":"product","link":"https:\/\/yotavis.ch\/de\/produkt\/it-m3624\/","title":{"rendered":"IT-M3624"},"content":{"rendered":"<p>Das IT-M3624 von ITECH ist ein regeneratives Stromversorgungssystem, das f\u00fcr den Betrieb bei 300 Volt und 6 Ampere ausgelegt ist und eine Ausgangsleistung von 400 Watt liefert. Es verf\u00fcgt \u00fcber einen einzigen Ausgangskanal und unterst\u00fctzt sowohl den Quellen- als auch den Senkenmodus mit nahtloser Umschaltung im Quellenmodus, w\u00e4hrend der unabh\u00e4ngige Lastmodus regenerativ ist. Das System kann ferngesteuert werden, was seine Einsatzf\u00e4higkeit in verschiedenen Anwendungen erh\u00f6ht. Das Design konzentriert sich auf ein effizientes Energiemanagement, indem es die Energier\u00fcckgewinnung w\u00e4hrend des Lastbetriebs erm\u00f6glicht. Das Ger\u00e4t eignet sich f\u00fcr Szenarien, die eine pr\u00e4zise Steuerung von Spannung und Strom innerhalb der vorgegebenen Parameter erfordern. Seine R\u00fcckspeisef\u00e4higkeit tr\u00e4gt dazu bei, die Energieverschwendung zu reduzieren, indem Energie in das System zur\u00fcckgespeist wird. Der IT-M3624 wurde entwickelt, um eine zuverl\u00e4ssige Leistung in Leistungspr\u00fcfungs- und -managementumgebungen zu bieten.<\/p>","protected":false},"excerpt":{"rendered":"<p>300V\/6A\/400W regeneratives Stromversorgungssystem (SOURCE-Modus: Quelle und Senke schalten nahtlos \/ unabh\u00e4ngiger LOAD-Modus: regenerativ)<\/p>","protected":false},"featured_media":11157,"comment_status":"closed","ping_status":"closed","template":"","meta":{"_acf_changed":false,"slim_seo":{"title":"IT-M3624 - YOTAVIS AG","description":"300V\/6A\/400W regeneratives Stromversorgungssystem (SOURCE-Modus: Quelle und Senke schalten nahtlos \/ unabh\u00e4ngiger LOAD-Modus: regenerativ)"}},"product_brand":[822],"product_cat":[546,515],"product_tag":[],"class_list":{"0":"post-10464","1":"product","2":"type-product","3":"status-publish","4":"has-post-thumbnail","6":"product_brand-itech","7":"product_cat-dc-2-quadrants-en","8":"product_cat-power-en","9":"pa_current-a-399","10":"pa_output-number-146","11":"pa_power-w-398","12":"pa_remote-control-yes","13":"pa_voltage-v-624","15":"first","16":"instock","17":"taxable","18":"shipping-taxable","19":"product-type-simple"},"acf":[],"_links":{"self":[{"href":"https:\/\/yotavis.ch\/de\/wp-json\/wp\/v2\/product\/10464","targetHints":{"allow":["GET"]}}],"collection":[{"href":"https:\/\/yotavis.ch\/de\/wp-json\/wp\/v2\/product"}],"about":[{"href":"https:\/\/yotavis.ch\/de\/wp-json\/wp\/v2\/types\/product"}],"replies":[{"embeddable":true,"href":"https:\/\/yotavis.ch\/de\/wp-json\/wp\/v2\/comments?post=10464"}],"wp:featuredmedia":[{"embeddable":true,"href":"https:\/\/yotavis.ch\/de\/wp-json\/wp\/v2\/media\/11157"}],"wp:attachment":[{"href":"https:\/\/yotavis.ch\/de\/wp-json\/wp\/v2\/media?parent=10464"}],"wp:term":[{"taxonomy":"product_brand","embeddable":true,"href":"https:\/\/yotavis.ch\/de\/wp-json\/wp\/v2\/product_brand?post=10464"},{"taxonomy":"product_cat","embeddable":true,"href":"https:\/\/yotavis.ch\/de\/wp-json\/wp\/v2\/product_cat?post=10464"},{"taxonomy":"product_tag","embeddable":true,"href":"https:\/\/yotavis.ch\/de\/wp-json\/wp\/v2\/product_tag?post=10464"}],"curies":[{"name":"wp","href":"https:\/\/api.w.org\/{rel}","templated":true}]}}