{"id":10466,"date":"2025-10-09T00:00:00","date_gmt":"2025-10-08T22:00:00","guid":{"rendered":"https:\/\/yotavis.ch\/product\/it-m3615\/"},"modified":"2026-04-24T13:42:44","modified_gmt":"2026-04-24T11:42:44","slug":"it-m3615","status":"publish","type":"product","link":"https:\/\/yotavis.ch\/de\/produkt\/it-m3615\/","title":{"rendered":"IT-M3615"},"content":{"rendered":"<p>Das IT-M3615 ist ein regeneratives Stromversorgungssystem, das f\u00fcr den Betrieb bei 600 Volt, 3 Ampere und 200 Watt ausgelegt ist. Es verf\u00fcgt \u00fcber einen einzigen Ausgang und unterst\u00fctzt sowohl den Quellen- als auch den Senkenmodus mit nahtloser Umschaltung, so dass es unabh\u00e4ngig im Lastmodus mit regenerativen F\u00e4higkeiten arbeiten kann. Dieses System ist mit einer Fernsteuerungsfunktion ausgestattet, die es dem Benutzer erm\u00f6glicht, den Betrieb aus der Ferne zu steuern. Das Ger\u00e4t ist so konstruiert, dass es im Lastbetrieb durch Energier\u00fcckspeisung effizient mit Energie umgeht, was zu Energieeinsparungen und Systemeffizienz beitragen kann. Sein Design unterst\u00fctzt eine maximale Spannung von 600 V und einen Strom von 3 A und eignet sich damit f\u00fcr Anwendungen, die ein pr\u00e4zises Power-Management innerhalb dieser Parameter erfordern. Die F\u00e4higkeit des IT-M3615, nahtlos zwischen Quellen- und Senkenmodus umzuschalten, gew\u00e4hrleistet einen kontinuierlichen Betrieb ohne Unterbrechung. Diese Kombination von Merkmalen macht ihn zu einem vielseitigen Werkzeug f\u00fcr verschiedene Stromversorgungspr\u00fcfungen und -management-Szenarien.<\/p>","protected":false},"excerpt":{"rendered":"<p>600V\/3A\/200W R\u00fcckspeisesystem (SOURCE-Modus: Quelle und Senke schalten nahtlos \/ unabh\u00e4ngiger LOAD-Modus: R\u00fcckspeisung)<\/p>","protected":false},"featured_media":11157,"comment_status":"closed","ping_status":"closed","template":"","meta":{"_acf_changed":false,"slim_seo":{"title":"IT-M3615 - YOTAVIS AG","description":"600V\/3A\/200W R\u00fcckspeisesystem (SOURCE-Modus: Quelle und Senke schalten nahtlos \/ unabh\u00e4ngiger LOAD-Modus: R\u00fcckspeisung)"}},"product_brand":[822],"product_cat":[546,515],"product_tag":[],"class_list":{"0":"post-10466","1":"product","2":"type-product","3":"status-publish","4":"has-post-thumbnail","6":"product_brand-itech","7":"product_cat-dc-2-quadrants-en","8":"product_cat-power-en","9":"pa_current-a-485","10":"pa_output-number-146","11":"pa_power-w-414","12":"pa_remote-control-yes","13":"pa_voltage-v-920","15":"first","16":"instock","17":"taxable","18":"shipping-taxable","19":"product-type-simple"},"acf":[],"_links":{"self":[{"href":"https:\/\/yotavis.ch\/de\/wp-json\/wp\/v2\/product\/10466","targetHints":{"allow":["GET"]}}],"collection":[{"href":"https:\/\/yotavis.ch\/de\/wp-json\/wp\/v2\/product"}],"about":[{"href":"https:\/\/yotavis.ch\/de\/wp-json\/wp\/v2\/types\/product"}],"replies":[{"embeddable":true,"href":"https:\/\/yotavis.ch\/de\/wp-json\/wp\/v2\/comments?post=10466"}],"wp:featuredmedia":[{"embeddable":true,"href":"https:\/\/yotavis.ch\/de\/wp-json\/wp\/v2\/media\/11157"}],"wp:attachment":[{"href":"https:\/\/yotavis.ch\/de\/wp-json\/wp\/v2\/media?parent=10466"}],"wp:term":[{"taxonomy":"product_brand","embeddable":true,"href":"https:\/\/yotavis.ch\/de\/wp-json\/wp\/v2\/product_brand?post=10466"},{"taxonomy":"product_cat","embeddable":true,"href":"https:\/\/yotavis.ch\/de\/wp-json\/wp\/v2\/product_cat?post=10466"},{"taxonomy":"product_tag","embeddable":true,"href":"https:\/\/yotavis.ch\/de\/wp-json\/wp\/v2\/product_tag?post=10466"}],"curies":[{"name":"wp","href":"https:\/\/api.w.org\/{rel}","templated":true}]}}