{"id":10467,"date":"2025-10-09T00:00:00","date_gmt":"2025-10-08T22:00:00","guid":{"rendered":"https:\/\/yotavis.ch\/product\/it-m3625\/"},"modified":"2026-04-24T13:42:46","modified_gmt":"2026-04-24T11:42:46","slug":"it-m3625","status":"publish","type":"product","link":"https:\/\/yotavis.ch\/de\/produkt\/it-m3625\/","title":{"rendered":"IT-M3625"},"content":{"rendered":"<p>Das IT-M3625 von ITECH ist ein regeneratives Stromversorgungssystem, das f\u00fcr den Betrieb mit 600 Volt, 3 Ampere und 400 Watt ausgelegt ist. Es verf\u00fcgt \u00fcber einen einzigen Ausgang und unterst\u00fctzt im SOURCE-Modus sowohl den Source- als auch den Sink-Switch Seamless-Modus, was ein effizientes Energiemanagement erm\u00f6glicht. Im unabh\u00e4ngigen LOAD-Modus arbeitet das System regenerativ, was die Energieeffizienz erh\u00f6ht. Das Ger\u00e4t verf\u00fcgt \u00fcber eine Fernsteuerungsfunktion, die es dem Benutzer erm\u00f6glicht, den Betrieb bequem aus der Ferne zu steuern. Dieses Stromversorgungssystem ist f\u00fcr eine maximale Ausgangsleistung von 400 Watt ausgelegt und eignet sich damit f\u00fcr verschiedene Anwendungen, die eine pr\u00e4zise Leistungssteuerung erfordern. Das Design unterst\u00fctzt die nahtlose Umschaltung zwischen Leistungsaufnahme und -abgabe, was in Test- und Power-Cycling-Szenarien entscheidend sein kann. Das IT-M3625 kombiniert hohe Spannungs- und Stromf\u00e4higkeiten mit regenerativer Technologie zur Optimierung von Leistung und Energieverbrauch.<\/p>","protected":false},"excerpt":{"rendered":"<p>600V\/3A\/400W R\u00fcckspeisesystem (SOURCE-Modus: Quelle und Senke schalten nahtlos \/ unabh\u00e4ngiger LOAD-Modus: R\u00fcckspeisung)<\/p>","protected":false},"featured_media":11157,"comment_status":"closed","ping_status":"closed","template":"","meta":{"_acf_changed":false,"slim_seo":{"title":"IT-M3625 - YOTAVIS AG","description":"600V\/3A\/400W R\u00fcckspeisesystem (SOURCE-Modus: Quelle und Senke schalten nahtlos \/ unabh\u00e4ngiger LOAD-Modus: R\u00fcckspeisung)"}},"product_brand":[822],"product_cat":[546,515],"product_tag":[],"class_list":{"0":"post-10467","1":"product","2":"type-product","3":"status-publish","4":"has-post-thumbnail","6":"product_brand-itech","7":"product_cat-dc-2-quadrants-en","8":"product_cat-power-en","9":"pa_current-a-485","10":"pa_output-number-146","11":"pa_power-w-398","12":"pa_remote-control-yes","13":"pa_voltage-v-920","15":"first","16":"instock","17":"taxable","18":"shipping-taxable","19":"product-type-simple"},"acf":[],"_links":{"self":[{"href":"https:\/\/yotavis.ch\/de\/wp-json\/wp\/v2\/product\/10467","targetHints":{"allow":["GET"]}}],"collection":[{"href":"https:\/\/yotavis.ch\/de\/wp-json\/wp\/v2\/product"}],"about":[{"href":"https:\/\/yotavis.ch\/de\/wp-json\/wp\/v2\/types\/product"}],"replies":[{"embeddable":true,"href":"https:\/\/yotavis.ch\/de\/wp-json\/wp\/v2\/comments?post=10467"}],"wp:featuredmedia":[{"embeddable":true,"href":"https:\/\/yotavis.ch\/de\/wp-json\/wp\/v2\/media\/11157"}],"wp:attachment":[{"href":"https:\/\/yotavis.ch\/de\/wp-json\/wp\/v2\/media?parent=10467"}],"wp:term":[{"taxonomy":"product_brand","embeddable":true,"href":"https:\/\/yotavis.ch\/de\/wp-json\/wp\/v2\/product_brand?post=10467"},{"taxonomy":"product_cat","embeddable":true,"href":"https:\/\/yotavis.ch\/de\/wp-json\/wp\/v2\/product_cat?post=10467"},{"taxonomy":"product_tag","embeddable":true,"href":"https:\/\/yotavis.ch\/de\/wp-json\/wp\/v2\/product_tag?post=10467"}],"curies":[{"name":"wp","href":"https:\/\/api.w.org\/{rel}","templated":true}]}}