{"id":10468,"date":"2025-10-09T00:00:00","date_gmt":"2025-10-08T22:00:00","guid":{"rendered":"https:\/\/yotavis.ch\/product\/it-m3635\/"},"modified":"2026-04-24T13:42:46","modified_gmt":"2026-04-24T11:42:46","slug":"it-m3635","status":"publish","type":"product","link":"https:\/\/yotavis.ch\/de\/produkt\/it-m3635\/","title":{"rendered":"IT-M3635"},"content":{"rendered":"<p>Das IT-M3635 ist ein regeneratives Stromversorgungssystem, das f\u00fcr den Betrieb mit 600 Volt, 3 Ampere und 800 Watt ausgelegt ist. Es verf\u00fcgt \u00fcber einen einzigen Ausgang und unterst\u00fctzt im SOURCE-Modus sowohl den Source- als auch den Sink-Switch Seamless-Modus, was ein effizientes Energiemanagement erm\u00f6glicht. Im unabh\u00e4ngigen LOAD-Modus arbeitet das System regenerativ und erm\u00f6glicht die R\u00fcckspeisung von Energie in das Stromnetz oder andere Systeme. Das Ger\u00e4t ist mit Fernsteuerungsfunktionen ausgestattet, die eine bequeme Bedienung aus der Ferne erm\u00f6glichen. Dieses Stromversorgungssystem wird von ITECH hergestellt, einer Marke, die f\u00fcr ihre spezialisierten elektronischen Ger\u00e4te bekannt ist. Das IT-M3635 eignet sich f\u00fcr Anwendungen, die eine pr\u00e4zise Steuerung des Stromflusses und der Energier\u00fcckgewinnung erfordern. Sein Design unterst\u00fctzt die nahtlose Umschaltung zwischen Leistungsaufnahme und -abgabe und erh\u00f6ht so die betriebliche Flexibilit\u00e4t und Effizienz.<\/p>","protected":false},"excerpt":{"rendered":"<p>600V\/3A\/800W regeneratives Stromversorgungssystem (SOURCE-Modus: Quelle und Senke schalten nahtlos \/ unabh\u00e4ngiger LOAD-Modus: regenerativ)<\/p>","protected":false},"featured_media":11157,"comment_status":"closed","ping_status":"closed","template":"","meta":{"_acf_changed":false,"slim_seo":{"title":"IT-M3635 - YOTAVIS AG","description":"600V\/3A\/800W regeneratives Stromversorgungssystem (SOURCE-Modus: Quelle und Senke schalten nahtlos \/ unabh\u00e4ngiger LOAD-Modus: regenerativ)"}},"product_brand":[822],"product_cat":[546,515],"product_tag":[],"class_list":{"0":"post-10468","1":"product","2":"type-product","3":"status-publish","4":"has-post-thumbnail","6":"product_brand-itech","7":"product_cat-dc-2-quadrants-en","8":"product_cat-power-en","9":"pa_current-a-485","10":"pa_output-number-146","11":"pa_power-w-556","12":"pa_remote-control-yes","13":"pa_voltage-v-920","15":"first","16":"instock","17":"taxable","18":"shipping-taxable","19":"product-type-simple"},"acf":[],"_links":{"self":[{"href":"https:\/\/yotavis.ch\/de\/wp-json\/wp\/v2\/product\/10468","targetHints":{"allow":["GET"]}}],"collection":[{"href":"https:\/\/yotavis.ch\/de\/wp-json\/wp\/v2\/product"}],"about":[{"href":"https:\/\/yotavis.ch\/de\/wp-json\/wp\/v2\/types\/product"}],"replies":[{"embeddable":true,"href":"https:\/\/yotavis.ch\/de\/wp-json\/wp\/v2\/comments?post=10468"}],"wp:featuredmedia":[{"embeddable":true,"href":"https:\/\/yotavis.ch\/de\/wp-json\/wp\/v2\/media\/11157"}],"wp:attachment":[{"href":"https:\/\/yotavis.ch\/de\/wp-json\/wp\/v2\/media?parent=10468"}],"wp:term":[{"taxonomy":"product_brand","embeddable":true,"href":"https:\/\/yotavis.ch\/de\/wp-json\/wp\/v2\/product_brand?post=10468"},{"taxonomy":"product_cat","embeddable":true,"href":"https:\/\/yotavis.ch\/de\/wp-json\/wp\/v2\/product_cat?post=10468"},{"taxonomy":"product_tag","embeddable":true,"href":"https:\/\/yotavis.ch\/de\/wp-json\/wp\/v2\/product_tag?post=10468"}],"curies":[{"name":"wp","href":"https:\/\/api.w.org\/{rel}","templated":true}]}}