{"id":10469,"date":"2025-10-09T00:00:00","date_gmt":"2025-10-08T22:00:00","guid":{"rendered":"https:\/\/yotavis.ch\/product\/it-m3801-10-120\/"},"modified":"2026-04-24T13:42:47","modified_gmt":"2026-04-24T11:42:47","slug":"it-m3801-10-120","status":"publish","type":"product","link":"https:\/\/yotavis.ch\/de\/produkt\/it-m3801-10-120\/","title":{"rendered":"IT-M3801-10-120"},"content":{"rendered":"<p>Die ITECH IT-M3801-10-120 ist eine regenerative elektronische Gleichstromlast, die f\u00fcr den Betrieb mit 10 Volt und einem maximalen Strom von 120 Ampere ausgelegt ist und eine Leistung von bis zu 1200 Watt liefert. Sie verf\u00fcgt \u00fcber einen einzigen Ausgangskanal und unterst\u00fctzt die Fernbedienungsfunktion, die einen bequemen Betrieb aus der Ferne erm\u00f6glicht. Das Ger\u00e4t ist kompakt und in einem 1U-Geh\u00e4use untergebracht, wodurch es sich f\u00fcr die Integration in verschiedene Testaufbauten eignet, bei denen Platzersparnis wichtig ist. Seine Regenerationsf\u00e4higkeit erm\u00f6glicht die Energier\u00fcckgewinnung w\u00e4hrend der Pr\u00fcfung, was die Gesamteffizienz des Systems verbessern kann. Die elektronische Last ist f\u00fcr dreiphasige Str\u00f6me von 12 bis 1200 Watt ausgelegt und bietet damit Flexibilit\u00e4t f\u00fcr unterschiedliche Pr\u00fcfanforderungen. Dieses Modell ist Teil der Produktlinie von ITECH, die f\u00fcr Pr\u00e4zision und Zuverl\u00e4ssigkeit bei elektronischen Pr\u00fcfger\u00e4ten bekannt ist. Durch die Kombination seiner Spannungs-, Strom- und Leistungsspezifikationen eignet es sich f\u00fcr ein breites Spektrum von Anwendungen, die kontrollierte Lastbedingungen und Energier\u00fcckgewinnung erfordern.<\/p>","protected":false},"excerpt":{"rendered":"<p>10V, 3~120A, 12~1200W Regenerative elektronische DC-Last, 1U Gr\u00f6\u00dfe<\/p>","protected":false},"featured_media":11160,"comment_status":"closed","ping_status":"closed","template":"","meta":{"_acf_changed":false,"slim_seo":{"title":"IT-M3801-10-120 - YOTAVIS AG","description":"10V, 3~120A, 12~1200W Regenerative elektronische DC-Last, 1U Gr\u00f6\u00dfe"}},"product_brand":[822],"product_cat":[517,515],"product_tag":[],"class_list":{"0":"post-10469","1":"product","2":"type-product","3":"status-publish","4":"has-post-thumbnail","6":"product_brand-itech","7":"product_cat-dc-load-en","8":"product_cat-power-en","9":"pa_current-a-559","10":"pa_output-number-146","11":"pa_power-w-479","12":"pa_remote-control-yes","13":"pa_voltage-v-572","15":"first","16":"instock","17":"taxable","18":"shipping-taxable","19":"product-type-simple"},"acf":[],"_links":{"self":[{"href":"https:\/\/yotavis.ch\/de\/wp-json\/wp\/v2\/product\/10469","targetHints":{"allow":["GET"]}}],"collection":[{"href":"https:\/\/yotavis.ch\/de\/wp-json\/wp\/v2\/product"}],"about":[{"href":"https:\/\/yotavis.ch\/de\/wp-json\/wp\/v2\/types\/product"}],"replies":[{"embeddable":true,"href":"https:\/\/yotavis.ch\/de\/wp-json\/wp\/v2\/comments?post=10469"}],"wp:featuredmedia":[{"embeddable":true,"href":"https:\/\/yotavis.ch\/de\/wp-json\/wp\/v2\/media\/11160"}],"wp:attachment":[{"href":"https:\/\/yotavis.ch\/de\/wp-json\/wp\/v2\/media?parent=10469"}],"wp:term":[{"taxonomy":"product_brand","embeddable":true,"href":"https:\/\/yotavis.ch\/de\/wp-json\/wp\/v2\/product_brand?post=10469"},{"taxonomy":"product_cat","embeddable":true,"href":"https:\/\/yotavis.ch\/de\/wp-json\/wp\/v2\/product_cat?post=10469"},{"taxonomy":"product_tag","embeddable":true,"href":"https:\/\/yotavis.ch\/de\/wp-json\/wp\/v2\/product_tag?post=10469"}],"curies":[{"name":"wp","href":"https:\/\/api.w.org\/{rel}","templated":true}]}}