{"id":10472,"date":"2025-10-09T00:00:00","date_gmt":"2025-10-08T22:00:00","guid":{"rendered":"https:\/\/yotavis.ch\/product\/it-m3807-10-720\/"},"modified":"2026-04-24T13:42:48","modified_gmt":"2026-04-24T11:42:48","slug":"it-m3807-10-720","status":"publish","type":"product","link":"https:\/\/yotavis.ch\/de\/produkt\/it-m3807-10-720\/","title":{"rendered":"IT-M3807-10-720"},"content":{"rendered":"<p>Die ITECH IT-M3807-10-720 ist eine regenerative elektronische Gleichstromlast, die f\u00fcr eine Spannung von 10 V und einen Strombereich von 12 bis 720 A ausgelegt ist. Sie unterst\u00fctzt eine Leistung von bis zu 7200W und ist damit f\u00fcr Hochleistungsanwendungen geeignet. Das Ger\u00e4t verf\u00fcgt \u00fcber einen Formfaktor von 2U, der eine effiziente Rack-Montage in verschiedenen Konfigurationen erm\u00f6glicht. Es verf\u00fcgt \u00fcber einen einzigen Ausgangskanal und bietet Fernsteuerungsfunktionen, mit denen der Benutzer die Last aus der Ferne bedienen kann. Dieses Modell wurde entwickelt, um pr\u00e4zise und zuverl\u00e4ssige Leistung in Test- und Messumgebungen zu bieten. Seine R\u00fcckspeisefunktion erm\u00f6glicht die Energier\u00fcckgewinnung w\u00e4hrend des Betriebs und erh\u00f6ht so die Effizienz. Die Kombination aus hoher Stromkapazit\u00e4t und Nennleistung macht es vielseitig f\u00fcr eine Reihe von elektronischen Lasttestszenarien einsetzbar.<\/p>","protected":false},"excerpt":{"rendered":"<p>10V, 12~720A, 120~7200W Regenerative elektronische DC-Last, 2U Gr\u00f6\u00dfe<\/p>","protected":false},"featured_media":12257,"comment_status":"closed","ping_status":"closed","template":"","meta":{"_acf_changed":false,"slim_seo":{"title":"IT-M3807-10-720 - YOTAVIS AG","description":"10V, 12~720A, 120~7200W Regenerative elektronische DC-Last, 2U Gr\u00f6\u00dfe"}},"product_brand":[822],"product_cat":[517,515],"product_tag":[],"class_list":{"0":"post-10472","1":"product","2":"type-product","3":"status-publish","4":"has-post-thumbnail","6":"product_brand-itech","7":"product_cat-dc-load-en","8":"product_cat-power-en","9":"pa_current-a-924","10":"pa_output-number-146","11":"pa_power-w-923","12":"pa_remote-control-yes","13":"pa_voltage-v-572","15":"first","16":"instock","17":"taxable","18":"shipping-taxable","19":"product-type-simple"},"acf":[],"_links":{"self":[{"href":"https:\/\/yotavis.ch\/de\/wp-json\/wp\/v2\/product\/10472","targetHints":{"allow":["GET"]}}],"collection":[{"href":"https:\/\/yotavis.ch\/de\/wp-json\/wp\/v2\/product"}],"about":[{"href":"https:\/\/yotavis.ch\/de\/wp-json\/wp\/v2\/types\/product"}],"replies":[{"embeddable":true,"href":"https:\/\/yotavis.ch\/de\/wp-json\/wp\/v2\/comments?post=10472"}],"wp:featuredmedia":[{"embeddable":true,"href":"https:\/\/yotavis.ch\/de\/wp-json\/wp\/v2\/media\/12257"}],"wp:attachment":[{"href":"https:\/\/yotavis.ch\/de\/wp-json\/wp\/v2\/media?parent=10472"}],"wp:term":[{"taxonomy":"product_brand","embeddable":true,"href":"https:\/\/yotavis.ch\/de\/wp-json\/wp\/v2\/product_brand?post=10472"},{"taxonomy":"product_cat","embeddable":true,"href":"https:\/\/yotavis.ch\/de\/wp-json\/wp\/v2\/product_cat?post=10472"},{"taxonomy":"product_tag","embeddable":true,"href":"https:\/\/yotavis.ch\/de\/wp-json\/wp\/v2\/product_tag?post=10472"}],"curies":[{"name":"wp","href":"https:\/\/api.w.org\/{rel}","templated":true}]}}