{"id":10473,"date":"2025-10-09T00:00:00","date_gmt":"2025-10-08T22:00:00","guid":{"rendered":"https:\/\/yotavis.ch\/product\/it-m3802-32-80\/"},"modified":"2026-04-24T13:42:48","modified_gmt":"2026-04-24T11:42:48","slug":"it-m3802-32-80","status":"publish","type":"product","link":"https:\/\/yotavis.ch\/de\/produkt\/it-m3802-32-80\/","title":{"rendered":"IT-M3802-32-80"},"content":{"rendered":"<p>Die ITECH IT-M3802-32-80 ist eine regenerative elektronische Gleichstromlast, die mit einer Spannung von 32 V und einem Strom von 80 A arbeitet und eine Leistung von 2000 W liefert. Sie zeichnet sich durch eine kompakte 1U-Gr\u00f6\u00dfe aus und eignet sich daher f\u00fcr verschiedene Testumgebungen, in denen Platzersparnis wichtig ist. Dieses Modell verf\u00fcgt \u00fcber einen einzigen Ausgangskanal, der gezielte und pr\u00e4zise Lasttests erm\u00f6glicht. Die integrierte Fernsteuerungsfunktion erm\u00f6glicht es dem Benutzer, das Ger\u00e4t bequem aus der Ferne zu bedienen. Die elektronische Last ist f\u00fcr regenerative Funktionen ausgelegt, die die Energieeffizienz bei Pr\u00fcfprozessen verbessern k\u00f6nnen. Ihr Design unterst\u00fctzt hohe Strom- und Spannungswerte, wodurch sie f\u00fcr anspruchsvolle Anwendungen geeignet ist, die stabile und zuverl\u00e4ssige Lastbedingungen erfordern. Die Kombination dieser Spezifikationen stellt sicher, dass das IT-M3802-32-80 effektiv in professionellen Umgebungen eingesetzt werden kann, in denen eine genaue DC-Lastsimulation erforderlich ist.<\/p>","protected":false},"excerpt":{"rendered":"<p>32V, 80A, 2kW Elektronische DC-Last mit R\u00fcckspeisung, 1U Gr\u00f6\u00dfe<\/p>","protected":false},"featured_media":11160,"comment_status":"closed","ping_status":"closed","template":"","meta":{"_acf_changed":false,"slim_seo":{"title":"IT-M3802-32-80 - YOTAVIS AG","description":"32V, 80A, 2kW Elektronische DC-Last mit R\u00fcckspeisung, 1U Gr\u00f6\u00dfe"}},"product_brand":[822],"product_cat":[517,515],"product_tag":[],"class_list":{"0":"post-10473","1":"product","2":"type-product","3":"status-publish","4":"has-post-thumbnail","6":"product_brand-itech","7":"product_cat-dc-load-en","8":"product_cat-power-en","9":"pa_current-a-557","10":"pa_output-number-146","11":"pa_power-w-561","12":"pa_remote-control-yes","13":"pa_voltage-v-140","15":"first","16":"instock","17":"taxable","18":"shipping-taxable","19":"product-type-simple"},"acf":[],"_links":{"self":[{"href":"https:\/\/yotavis.ch\/de\/wp-json\/wp\/v2\/product\/10473","targetHints":{"allow":["GET"]}}],"collection":[{"href":"https:\/\/yotavis.ch\/de\/wp-json\/wp\/v2\/product"}],"about":[{"href":"https:\/\/yotavis.ch\/de\/wp-json\/wp\/v2\/types\/product"}],"replies":[{"embeddable":true,"href":"https:\/\/yotavis.ch\/de\/wp-json\/wp\/v2\/comments?post=10473"}],"wp:featuredmedia":[{"embeddable":true,"href":"https:\/\/yotavis.ch\/de\/wp-json\/wp\/v2\/media\/11160"}],"wp:attachment":[{"href":"https:\/\/yotavis.ch\/de\/wp-json\/wp\/v2\/media?parent=10473"}],"wp:term":[{"taxonomy":"product_brand","embeddable":true,"href":"https:\/\/yotavis.ch\/de\/wp-json\/wp\/v2\/product_brand?post=10473"},{"taxonomy":"product_cat","embeddable":true,"href":"https:\/\/yotavis.ch\/de\/wp-json\/wp\/v2\/product_cat?post=10473"},{"taxonomy":"product_tag","embeddable":true,"href":"https:\/\/yotavis.ch\/de\/wp-json\/wp\/v2\/product_tag?post=10473"}],"curies":[{"name":"wp","href":"https:\/\/api.w.org\/{rel}","templated":true}]}}