{"id":10475,"date":"2025-10-09T00:00:00","date_gmt":"2025-10-08T22:00:00","guid":{"rendered":"https:\/\/yotavis.ch\/product\/it-m3806-32-240\/"},"modified":"2026-04-24T13:42:49","modified_gmt":"2026-04-24T11:42:49","slug":"it-m3806-32-240","status":"publish","type":"product","link":"https:\/\/yotavis.ch\/de\/produkt\/it-m3806-32-240\/","title":{"rendered":"IT-M3806-32-240"},"content":{"rendered":"<p>Die IT-M3806-32-240 von ITECH ist eine regenerative elektronische Gleichstromlast, die mit einer Spannung von 32 V und einem Strom von 240 A arbeitet und eine Leistung von 6000 W liefert. Sie zeichnet sich durch eine kompakte 1U-Gr\u00f6\u00dfe aus, wodurch sie sich f\u00fcr die Integration in verschiedene Testumgebungen eignet, in denen Platzersparnis wichtig ist. Dieses Modell verf\u00fcgt \u00fcber einen einzigen Ausgangskanal, der gezielte und pr\u00e4zise Lasttests erm\u00f6glicht. Das Ger\u00e4t kann ferngesteuert werden, so dass der Benutzer es bequem und sicher aus der Ferne bedienen kann. Die R\u00fcckspeisefunktion erm\u00f6glicht es dem Ger\u00e4t, Energie in die Stromquelle zur\u00fcckzuspeisen und so die Energieeffizienz w\u00e4hrend des Pr\u00fcfvorgangs zu verbessern. Die Kombination aus hohen Strom- und Spannungswerten macht diese elektronische Last f\u00fcr anspruchsvolle Anwendungen geeignet, die eine robuste Leistung erfordern. Ihr Design und ihre Spezifikationen sind auf den professionellen Einsatz in elektrischen und elektronischen Pr\u00fcfszenarien ausgerichtet.<\/p>","protected":false},"excerpt":{"rendered":"<p>32V, 240A, 6kW Elektronische DC-R\u00fcckspeise-Last, 1U Gr\u00f6\u00dfe<\/p>","protected":false},"featured_media":11160,"comment_status":"closed","ping_status":"closed","template":"","meta":{"_acf_changed":false,"slim_seo":{"title":"IT-M3806-32-240 - YOTAVIS AG","description":"32V, 240A, 6kW Elektronische DC-R\u00fcckspeise-Last, 1U Gr\u00f6\u00dfe"}},"product_brand":[822],"product_cat":[517,515],"product_tag":[],"class_list":{"0":"post-10475","1":"product","2":"type-product","3":"status-publish","4":"has-post-thumbnail","6":"product_brand-itech","7":"product_cat-dc-load-en","8":"product_cat-power-en","9":"pa_current-a-634","10":"pa_output-number-146","11":"pa_power-w-626","12":"pa_remote-control-yes","13":"pa_voltage-v-140","15":"first","16":"instock","17":"taxable","18":"shipping-taxable","19":"product-type-simple"},"acf":[],"_links":{"self":[{"href":"https:\/\/yotavis.ch\/de\/wp-json\/wp\/v2\/product\/10475","targetHints":{"allow":["GET"]}}],"collection":[{"href":"https:\/\/yotavis.ch\/de\/wp-json\/wp\/v2\/product"}],"about":[{"href":"https:\/\/yotavis.ch\/de\/wp-json\/wp\/v2\/types\/product"}],"replies":[{"embeddable":true,"href":"https:\/\/yotavis.ch\/de\/wp-json\/wp\/v2\/comments?post=10475"}],"wp:featuredmedia":[{"embeddable":true,"href":"https:\/\/yotavis.ch\/de\/wp-json\/wp\/v2\/media\/11160"}],"wp:attachment":[{"href":"https:\/\/yotavis.ch\/de\/wp-json\/wp\/v2\/media?parent=10475"}],"wp:term":[{"taxonomy":"product_brand","embeddable":true,"href":"https:\/\/yotavis.ch\/de\/wp-json\/wp\/v2\/product_brand?post=10475"},{"taxonomy":"product_cat","embeddable":true,"href":"https:\/\/yotavis.ch\/de\/wp-json\/wp\/v2\/product_cat?post=10475"},{"taxonomy":"product_tag","embeddable":true,"href":"https:\/\/yotavis.ch\/de\/wp-json\/wp\/v2\/product_tag?post=10475"}],"curies":[{"name":"wp","href":"https:\/\/api.w.org\/{rel}","templated":true}]}}