{"id":10479,"date":"2025-10-09T00:00:00","date_gmt":"2025-10-08T22:00:00","guid":{"rendered":"https:\/\/yotavis.ch\/product\/it-m3806-80-120\/"},"modified":"2026-04-24T13:42:50","modified_gmt":"2026-04-24T11:42:50","slug":"it-m3806-80-120","status":"publish","type":"product","link":"https:\/\/yotavis.ch\/de\/produkt\/it-m3806-80-120\/","title":{"rendered":"IT-M3806-80-120"},"content":{"rendered":"<p>Die IT-M3806-80-120 von ITECH ist eine regenerative elektronische DC-Last, die f\u00fcr eine maximale Spannung von 80V und einen Strom von bis zu 120A ausgelegt ist. Sie liefert eine Leistung von 6000W und ist damit f\u00fcr verschiedene Pr\u00fcf- und Messanwendungen geeignet. Das Ger\u00e4t verf\u00fcgt \u00fcber einen einzigen Ausgangskanal und unterst\u00fctzt die Fernsteuerungsfunktionalit\u00e4t, was einen bequemen Betrieb und die Integration in automatisierte Testsysteme erm\u00f6glicht. Sein kompaktes 1U-Design erleichtert den Einbau in Standardger\u00e4te-Racks. Die Regenerationsf\u00e4higkeit der Last erm\u00f6glicht die Energier\u00fcckgewinnung w\u00e4hrend der Pr\u00fcfung und steigert so die Effizienz. Das Produkt wurde f\u00fcr eine zuverl\u00e4ssige Leistung in anspruchsvollen Umgebungen entwickelt, in denen eine pr\u00e4zise Lastsimulation erforderlich ist. Seine Spezifikationen machen es zu einem vielseitigen Werkzeug f\u00fcr Ingenieure und Techniker, die mit DC-Stromquellen arbeiten.<\/p>","protected":false},"excerpt":{"rendered":"<p>80V, 120A, 6kW Elektronische DC-Last mit R\u00fcckspeisung, 1U Gr\u00f6\u00dfe<\/p>","protected":false},"featured_media":11160,"comment_status":"closed","ping_status":"closed","template":"","meta":{"_acf_changed":false,"slim_seo":{"title":"IT-M3806-80-120 - YOTAVIS AG","description":"80V, 120A, 6kW Elektronische DC-Last mit R\u00fcckspeisung, 1U Gr\u00f6\u00dfe"}},"product_brand":[822],"product_cat":[517,515],"product_tag":[],"class_list":{"0":"post-10479","1":"product","2":"type-product","3":"status-publish","4":"has-post-thumbnail","6":"product_brand-itech","7":"product_cat-dc-load-en","8":"product_cat-power-en","9":"pa_current-a-559","10":"pa_output-number-146","11":"pa_power-w-626","12":"pa_remote-control-yes","13":"pa_voltage-v-155","15":"first","16":"instock","17":"taxable","18":"shipping-taxable","19":"product-type-simple"},"acf":[],"_links":{"self":[{"href":"https:\/\/yotavis.ch\/de\/wp-json\/wp\/v2\/product\/10479","targetHints":{"allow":["GET"]}}],"collection":[{"href":"https:\/\/yotavis.ch\/de\/wp-json\/wp\/v2\/product"}],"about":[{"href":"https:\/\/yotavis.ch\/de\/wp-json\/wp\/v2\/types\/product"}],"replies":[{"embeddable":true,"href":"https:\/\/yotavis.ch\/de\/wp-json\/wp\/v2\/comments?post=10479"}],"wp:featuredmedia":[{"embeddable":true,"href":"https:\/\/yotavis.ch\/de\/wp-json\/wp\/v2\/media\/11160"}],"wp:attachment":[{"href":"https:\/\/yotavis.ch\/de\/wp-json\/wp\/v2\/media?parent=10479"}],"wp:term":[{"taxonomy":"product_brand","embeddable":true,"href":"https:\/\/yotavis.ch\/de\/wp-json\/wp\/v2\/product_brand?post=10479"},{"taxonomy":"product_cat","embeddable":true,"href":"https:\/\/yotavis.ch\/de\/wp-json\/wp\/v2\/product_cat?post=10479"},{"taxonomy":"product_tag","embeddable":true,"href":"https:\/\/yotavis.ch\/de\/wp-json\/wp\/v2\/product_tag?post=10479"}],"curies":[{"name":"wp","href":"https:\/\/api.w.org\/{rel}","templated":true}]}}