{"id":10481,"date":"2025-10-09T00:00:00","date_gmt":"2025-10-08T22:00:00","guid":{"rendered":"https:\/\/yotavis.ch\/product\/it-m3802-300-20\/"},"modified":"2026-04-24T13:42:51","modified_gmt":"2026-04-24T11:42:51","slug":"it-m3802-300-20","status":"publish","type":"product","link":"https:\/\/yotavis.ch\/de\/produkt\/it-m3802-300-20\/","title":{"rendered":"IT-M3802-300-20"},"content":{"rendered":"<p>Die ITECH IT-M3802-300-20 ist eine regenerative elektronische DC-Last, die f\u00fcr eine maximale Spannung von 300 V und einen Strom von 20 A ausgelegt ist und eine Leistung von 2000 W liefert. Sie verf\u00fcgt \u00fcber einen einzigen Ausgangskanal und ist in einer kompakten 1U-Gr\u00f6\u00dfe gebaut, wodurch sie sich f\u00fcr verschiedene Testumgebungen eignet, in denen Platzersparnis wichtig ist. Dieses Modell unterst\u00fctzt Fernsteuerungsfunktionen, die eine bequeme Bedienung und Integration in automatisierte Pr\u00fcfsysteme erm\u00f6glichen. Das Ger\u00e4t ist so konzipiert, dass es in Anwendungen, die eine pr\u00e4zise Lastsimulation und Verlustleistung erfordern, eine zuverl\u00e4ssige Leistung bietet. Seine R\u00fcckspeisef\u00e4higkeit erm\u00f6glicht die Energier\u00fcckspeisung in die Stromquelle und verbessert so die Effizienz des Gesamtsystems. Das IT-M3802-300-20 ist Teil der Produktpalette von ITECH, die f\u00fcr ihre Konzentration auf elektronische Testger\u00e4te bekannt ist. Diese elektronische Last wurde entwickelt, um die Anforderungen beim Testen von Netzteilen, Batterien und anderen Gleichstromquellen innerhalb des spezifizierten Spannungs- und Strombereichs zu erf\u00fcllen.<\/p>","protected":false},"excerpt":{"rendered":"<p>300V, 20A, 2kW Elektronische DC-Last mit R\u00fcckspeisung, 1U Gr\u00f6\u00dfe<\/p>","protected":false},"featured_media":11160,"comment_status":"closed","ping_status":"closed","template":"","meta":{"_acf_changed":false,"slim_seo":{"title":"IT-M3802-300-20 - YOTAVIS AG","description":"300V, 20A, 2kW Elektronische DC-Last mit R\u00fcckspeisung, 1U Gr\u00f6\u00dfe"}},"product_brand":[822],"product_cat":[517,515],"product_tag":[],"class_list":{"0":"post-10481","1":"product","2":"type-product","3":"status-publish","4":"has-post-thumbnail","6":"product_brand-itech","7":"product_cat-dc-load-en","8":"product_cat-power-en","9":"pa_current-a-552","10":"pa_output-number-146","11":"pa_power-w-561","12":"pa_remote-control-yes","13":"pa_voltage-v-624","15":"first","16":"instock","17":"taxable","18":"shipping-taxable","19":"product-type-simple"},"acf":[],"_links":{"self":[{"href":"https:\/\/yotavis.ch\/de\/wp-json\/wp\/v2\/product\/10481","targetHints":{"allow":["GET"]}}],"collection":[{"href":"https:\/\/yotavis.ch\/de\/wp-json\/wp\/v2\/product"}],"about":[{"href":"https:\/\/yotavis.ch\/de\/wp-json\/wp\/v2\/types\/product"}],"replies":[{"embeddable":true,"href":"https:\/\/yotavis.ch\/de\/wp-json\/wp\/v2\/comments?post=10481"}],"wp:featuredmedia":[{"embeddable":true,"href":"https:\/\/yotavis.ch\/de\/wp-json\/wp\/v2\/media\/11160"}],"wp:attachment":[{"href":"https:\/\/yotavis.ch\/de\/wp-json\/wp\/v2\/media?parent=10481"}],"wp:term":[{"taxonomy":"product_brand","embeddable":true,"href":"https:\/\/yotavis.ch\/de\/wp-json\/wp\/v2\/product_brand?post=10481"},{"taxonomy":"product_cat","embeddable":true,"href":"https:\/\/yotavis.ch\/de\/wp-json\/wp\/v2\/product_cat?post=10481"},{"taxonomy":"product_tag","embeddable":true,"href":"https:\/\/yotavis.ch\/de\/wp-json\/wp\/v2\/product_tag?post=10481"}],"curies":[{"name":"wp","href":"https:\/\/api.w.org\/{rel}","templated":true}]}}